{"id":2,"date":"2016-02-02T10:06:56","date_gmt":"2016-02-02T09:06:56","guid":{"rendered":"http:\/\/empathieweb.de\/klavae\/privatkunden\/?page_id=2"},"modified":"2024-04-18T09:40:45","modified_gmt":"2024-04-18T07:40:45","slug":"home-page","status":"publish","type":"page","link":"https:\/\/schreinerei-vaeth.de\/privatkunden\/","title":{"rendered":"Home Page"},"content":{"rendered":"<div id=\"pl-2\"  class=\"panel-layout\" ><div id=\"pg-2-0\"  class=\"panel-grid panel-no-style\" ><div id=\"pgc-2-0-0\"  class=\"panel-grid-cell\" ><div id=\"panel-2-0-0-0\" class=\"so-panel widget widget_sow-editor panel-first-child panel-last-child\" data-index=\"0\" ><div class=\"animate-6a03906c32a82876713735 panels-animation-hide panel-widget-style panel-widget-style-for-2-0-0-0\" data-so-animation=\"{&quot;selector&quot;:&quot;.animate-6a03906c32a82876713735&quot;,&quot;animation&quot;:&quot;fadeInLeft&quot;,&quot;duration&quot;:1,&quot;repeat&quot;:0,&quot;hide&quot;:1,&quot;finalState&quot;:&quot;visible&quot;,&quot;delay&quot;:0,&quot;debounce&quot;:0.1,&quot;event&quot;:&quot;enter&quot;,&quot;offset&quot;:0}\" ><div\n\t\t\t\n\t\t\tclass=\"so-widget-sow-editor so-widget-sow-editor-base\"\n\t\t\t\n\t\t>\n<div class=\"siteorigin-widget-tinymce textwidget\">\n\t<h3 style=\"text-align: center;\">M\u00f6bel<\/h3>\n<hr style=\"background-color: #618581; border-width: 0; color: #618581; height: 1px; margin-top: -5px;\" \/>\n<p><a href=\"https:\/\/schreinerei-vaeth.de\/privatkunden\/moebel\/\"><img loading=\"lazy\" decoding=\"async\" class=\"alignnone wp-image-1621\" src=\"https:\/\/schreinerei-vaeth.de\/privatkunden\/wp-content\/uploads\/sites\/4\/2020\/05\/IMG-20200402-WA0005-300x225.jpg\" alt=\"\" width=\"255\" height=\"191\" srcset=\"https:\/\/schreinerei-vaeth.de\/privatkunden\/wp-content\/uploads\/sites\/4\/2020\/05\/IMG-20200402-WA0005-300x225.jpg 300w, https:\/\/schreinerei-vaeth.de\/privatkunden\/wp-content\/uploads\/sites\/4\/2020\/05\/IMG-20200402-WA0005-1024x768.jpg 1024w, https:\/\/schreinerei-vaeth.de\/privatkunden\/wp-content\/uploads\/sites\/4\/2020\/05\/IMG-20200402-WA0005-768x576.jpg 768w, https:\/\/schreinerei-vaeth.de\/privatkunden\/wp-content\/uploads\/sites\/4\/2020\/05\/IMG-20200402-WA0005-600x450.jpg 600w, https:\/\/schreinerei-vaeth.de\/privatkunden\/wp-content\/uploads\/sites\/4\/2020\/05\/IMG-20200402-WA0005-1536x1153.jpg 1536w, https:\/\/schreinerei-vaeth.de\/privatkunden\/wp-content\/uploads\/sites\/4\/2020\/05\/IMG-20200402-WA0005-520x390.jpg 520w, https:\/\/schreinerei-vaeth.de\/privatkunden\/wp-content\/uploads\/sites\/4\/2020\/05\/IMG-20200402-WA0005-740x555.jpg 740w, https:\/\/schreinerei-vaeth.de\/privatkunden\/wp-content\/uploads\/sites\/4\/2020\/05\/IMG-20200402-WA0005-506x380.jpg 506w, https:\/\/schreinerei-vaeth.de\/privatkunden\/wp-content\/uploads\/sites\/4\/2020\/05\/IMG-20200402-WA0005-250x188.jpg 250w, https:\/\/schreinerei-vaeth.de\/privatkunden\/wp-content\/uploads\/sites\/4\/2020\/05\/IMG-20200402-WA0005.jpg 1599w\" sizes=\"(max-width: 255px) 100vw, 255px\" \/><\/a><br \/>\nOb Sideboard, Kleiderschrank, Wohnwand oder Badezimmereinrichtung - wir fertigen alles individuell nach... <a href=\"https:\/\/schreinerei-vaeth.de\/privatkunden\/moebel\/\">weiter lesen<\/a><\/p>\n<\/div>\n<\/div><\/div><\/div><\/div><div id=\"pgc-2-0-1\"  class=\"panel-grid-cell\" ><div id=\"panel-2-0-1-0\" class=\"so-panel widget widget_sow-editor panel-first-child panel-last-child\" data-index=\"1\" ><div class=\"animate-6a03906c33b0d278517499 panels-animation-hide panel-widget-style panel-widget-style-for-2-0-1-0\" data-so-animation=\"{&quot;selector&quot;:&quot;.animate-6a03906c33b0d278517499&quot;,&quot;animation&quot;:&quot;fadeInDown&quot;,&quot;duration&quot;:1,&quot;repeat&quot;:0,&quot;hide&quot;:1,&quot;finalState&quot;:&quot;visible&quot;,&quot;delay&quot;:0,&quot;debounce&quot;:0.1,&quot;event&quot;:&quot;enter&quot;,&quot;offset&quot;:0}\" ><div\n\t\t\t\n\t\t\tclass=\"so-widget-sow-editor so-widget-sow-editor-base\"\n\t\t\t\n\t\t>\n<div class=\"siteorigin-widget-tinymce textwidget\">\n\t<h3 style=\"text-align: center;\">Treppen<\/h3>\n<hr style=\"background-color: #618581; border-width: 0; color: #618581; height: 1px; margin-top: -5px;\" \/>\n<p><a href=\"https:\/\/schreinerei-vaeth.de\/privatkunden\/treppen\/\"><img loading=\"lazy\" decoding=\"async\" class=\"alignnone wp-image-1520 size-full\" src=\"https:\/\/schreinerei-vaeth.de\/privatkunden\/wp-content\/uploads\/sites\/4\/2016\/02\/treppen_startseite.png\" alt=\"\" width=\"600\" height=\"400\" srcset=\"https:\/\/schreinerei-vaeth.de\/privatkunden\/wp-content\/uploads\/sites\/4\/2016\/02\/treppen_startseite.png 600w, https:\/\/schreinerei-vaeth.de\/privatkunden\/wp-content\/uploads\/sites\/4\/2016\/02\/treppen_startseite-300x200.png 300w, https:\/\/schreinerei-vaeth.de\/privatkunden\/wp-content\/uploads\/sites\/4\/2016\/02\/treppen_startseite-390x260.png 390w, https:\/\/schreinerei-vaeth.de\/privatkunden\/wp-content\/uploads\/sites\/4\/2016\/02\/treppen_startseite-520x347.png 520w, https:\/\/schreinerei-vaeth.de\/privatkunden\/wp-content\/uploads\/sites\/4\/2016\/02\/treppen_startseite-570x380.png 570w, https:\/\/schreinerei-vaeth.de\/privatkunden\/wp-content\/uploads\/sites\/4\/2016\/02\/treppen_startseite-272x182.png 272w, https:\/\/schreinerei-vaeth.de\/privatkunden\/wp-content\/uploads\/sites\/4\/2016\/02\/treppen_startseite-250x167.png 250w\" sizes=\"(max-width: 600px) 100vw, 600px\" \/><\/a><br \/> Treppen haben meist eine zentrale Position im Haus, sollen sich perfekt in das vorhandene... <a href=\"https:\/\/schreinerei-vaeth.de\/privatkunden\/treppen\/\">weiter lesen<\/a><\/p>\n<\/div>\n<\/div><\/div><\/div><\/div><div id=\"pgc-2-0-2\"  class=\"panel-grid-cell\" ><div id=\"panel-2-0-2-0\" class=\"so-panel widget widget_sow-editor panel-first-child panel-last-child\" data-index=\"2\" ><div class=\"animate-6a03906c343cd658349175 panels-animation-hide panel-widget-style panel-widget-style-for-2-0-2-0\" data-so-animation=\"{&quot;selector&quot;:&quot;.animate-6a03906c343cd658349175&quot;,&quot;animation&quot;:&quot;fadeInRight&quot;,&quot;duration&quot;:1,&quot;repeat&quot;:0,&quot;hide&quot;:1,&quot;finalState&quot;:&quot;visible&quot;,&quot;delay&quot;:0,&quot;debounce&quot;:0.1,&quot;event&quot;:&quot;enter&quot;,&quot;offset&quot;:0}\" ><div\n\t\t\t\n\t\t\tclass=\"so-widget-sow-editor so-widget-sow-editor-base\"\n\t\t\t\n\t\t>\n<div class=\"siteorigin-widget-tinymce textwidget\">\n\t<h3 style=\"text-align: center;\">Innent\u00fcren<\/h3>\n<hr style=\"background-color: #618581; border-width: 0; color: #618581; height: 1px; margin-top: -5px;\" \/>\n<p><a href=\"https:\/\/schreinerei-vaeth.de\/privatkunden\/innentueren\/\"><img loading=\"lazy\" decoding=\"async\" class=\"alignnone wp-image-1521 size-full\" src=\"https:\/\/schreinerei-vaeth.de\/privatkunden\/wp-content\/uploads\/sites\/4\/2016\/02\/innentueren_startseite.png\" alt=\"\" width=\"600\" height=\"400\" srcset=\"https:\/\/schreinerei-vaeth.de\/privatkunden\/wp-content\/uploads\/sites\/4\/2016\/02\/innentueren_startseite.png 600w, https:\/\/schreinerei-vaeth.de\/privatkunden\/wp-content\/uploads\/sites\/4\/2016\/02\/innentueren_startseite-300x200.png 300w, https:\/\/schreinerei-vaeth.de\/privatkunden\/wp-content\/uploads\/sites\/4\/2016\/02\/innentueren_startseite-390x260.png 390w, https:\/\/schreinerei-vaeth.de\/privatkunden\/wp-content\/uploads\/sites\/4\/2016\/02\/innentueren_startseite-520x347.png 520w, https:\/\/schreinerei-vaeth.de\/privatkunden\/wp-content\/uploads\/sites\/4\/2016\/02\/innentueren_startseite-570x380.png 570w, https:\/\/schreinerei-vaeth.de\/privatkunden\/wp-content\/uploads\/sites\/4\/2016\/02\/innentueren_startseite-272x182.png 272w, https:\/\/schreinerei-vaeth.de\/privatkunden\/wp-content\/uploads\/sites\/4\/2016\/02\/innentueren_startseite-250x167.png 250w\" sizes=\"(max-width: 600px) 100vw, 600px\" \/><\/a><br \/>T\u00fcren trennen und verbinden R\u00e4ume gleichzeitig. Sie k\u00f6nnen sich nahtlos ins Wohnkonzept einf\u00fcgen oder... <a href=\"https:\/\/schreinerei-vaeth.de\/privatkunden\/innentueren\/\">weiter lesen<\/a><\/p>\n<\/div>\n<\/div><\/div><\/div><\/div><\/div><div id=\"pg-2-1\"  class=\"panel-grid panel-no-style\" ><div id=\"pgc-2-1-0\"  class=\"panel-grid-cell\" ><div id=\"panel-2-1-0-0\" class=\"so-panel widget widget_sow-editor panel-first-child panel-last-child\" data-index=\"3\" ><div class=\"zweispalten panel-widget-style panel-widget-style-for-2-1-0-0\" ><div\n\t\t\t\n\t\t\tclass=\"so-widget-sow-editor so-widget-sow-editor-base\"\n\t\t\t\n\t\t>\n<div class=\"siteorigin-widget-tinymce textwidget\">\n\t<p>Als familiengef\u00fchrte Schreinerei mit Sitz in Esselbach bei Marktheidenfeld verarbeiten wir Holz, Kunststoff und Glas sowohl nach handwerklicher Tradition wie nach modernster Technik. Dabei stellen wir Tag f\u00fcr Tag h\u00f6chste Anspr\u00fcche an die Qualit\u00e4t unserer Produkte und Leistungen.<\/p>\n<p>Mit viel Leidenschaft und Perfektion geh\u00f6ren \u00fcberwiegend <a href=\"http:\/\/schreinerei-vaeth.de\/objekteinrichtungen\/\" target=\"_blank\">gewerbliche Objekte<\/a> zu unserem T\u00e4tigkeitsfeld und dies im Gro\u00dfraum W\u00fcrzburg, Aschaffenburg und Frankfurt<strong>, <\/strong>sowie im gesamten Spessart<strong><br \/>\n<\/strong><\/p>\n<p>Aber auch zahlreiche private Kunden sch\u00e4tzen unsere individuellen L\u00f6sungen im privaten Innenausbau<strong>.<\/strong><\/p>\n<p><strong><em>Daf\u00fcr garantieren wir mit unserem guten Namen, Ihre Schreinerei V\u00e4th &amp; Team <\/em><\/strong><\/p>\n<p><strong><em>Terminvereinbarung f\u00fcr ein kostenfreies Erstgespr\u00e4ch:<br \/>\nTel 09394\/2200, Mail <a href=\"mailto:info@schreinerei-vaeth.de\">info@schreinerei-vaeth.de<\/a><br \/>\noder \u00fcber unser <a href=\"https:\/\/schreinerei-vaeth.de\/privatkunden\/kontakt\/\">Kontaktformular<\/a><\/em><\/strong><\/p>\n<\/div>\n<\/div><\/div><\/div><\/div><\/div><div id=\"pg-2-2\"  class=\"panel-grid panel-no-style\" ><div id=\"pgc-2-2-0\"  class=\"panel-grid-cell panel-grid-cell-empty\" ><\/div><div id=\"pgc-2-2-1\"  class=\"panel-grid-cell\" ><div id=\"panel-2-2-1-0\" class=\"so-panel widget widget_sow-editor panel-first-child panel-last-child\" data-index=\"4\" ><div class=\"animate-6a03906c34fbe446130980 panels-animation-hide panel-widget-style panel-widget-style-for-2-2-1-0\" data-so-animation=\"{&quot;selector&quot;:&quot;.animate-6a03906c34fbe446130980&quot;,&quot;animation&quot;:&quot;fadeInLeft&quot;,&quot;duration&quot;:1,&quot;repeat&quot;:0,&quot;hide&quot;:1,&quot;finalState&quot;:&quot;visible&quot;,&quot;delay&quot;:0,&quot;debounce&quot;:0.1,&quot;event&quot;:&quot;enter&quot;,&quot;offset&quot;:0}\" ><div\n\t\t\t\n\t\t\tclass=\"so-widget-sow-editor so-widget-sow-editor-base\"\n\t\t\t\n\t\t>\n<div class=\"siteorigin-widget-tinymce textwidget\">\n\t<h3 style=\"text-align: center;\">Haust\u00fcren &amp; Fenster<\/h3>\n<hr style=\"background-color: #618581; border-width: 0; color: #618581; height: 1px; margin-top: -5px;\" \/>\n<p><a href=\"https:\/\/schreinerei-vaeth.de\/privatkunden\/haustueren-fenster\/\"><img loading=\"lazy\" decoding=\"async\" class=\"alignnone wp-image-1441 size-full\" src=\"https:\/\/schreinerei-vaeth.de\/privatkunden\/wp-content\/uploads\/sites\/4\/2017\/03\/haustueren_start.png\" alt=\"\" width=\"600\" height=\"400\" srcset=\"https:\/\/schreinerei-vaeth.de\/privatkunden\/wp-content\/uploads\/sites\/4\/2017\/03\/haustueren_start.png 600w, https:\/\/schreinerei-vaeth.de\/privatkunden\/wp-content\/uploads\/sites\/4\/2017\/03\/haustueren_start-300x200.png 300w, https:\/\/schreinerei-vaeth.de\/privatkunden\/wp-content\/uploads\/sites\/4\/2017\/03\/haustueren_start-390x260.png 390w, https:\/\/schreinerei-vaeth.de\/privatkunden\/wp-content\/uploads\/sites\/4\/2017\/03\/haustueren_start-520x347.png 520w, https:\/\/schreinerei-vaeth.de\/privatkunden\/wp-content\/uploads\/sites\/4\/2017\/03\/haustueren_start-570x380.png 570w, https:\/\/schreinerei-vaeth.de\/privatkunden\/wp-content\/uploads\/sites\/4\/2017\/03\/haustueren_start-272x182.png 272w, https:\/\/schreinerei-vaeth.de\/privatkunden\/wp-content\/uploads\/sites\/4\/2017\/03\/haustueren_start-250x167.png 250w\" sizes=\"(max-width: 600px) 100vw, 600px\" \/><\/a><br \/>An einer Haust\u00fcr f\u00fchrt kein Weg vorbei. Sie sch\u00fctzt vor ungebetenen G\u00e4sten wie... <a href=\"https:\/\/schreinerei-vaeth.de\/privatkunden\/haustueren-fenster\/\">weiter lesen<\/a><\/p>\n<\/div>\n<\/div><\/div><\/div><\/div><div id=\"pgc-2-2-2\"  class=\"panel-grid-cell panel-grid-cell-mobile-last\" ><div id=\"panel-2-2-2-0\" class=\"so-panel widget widget_sow-editor panel-first-child panel-last-child\" data-index=\"5\" ><div class=\"animate-6a03906c3564d169947260 panels-animation-hide panel-widget-style panel-widget-style-for-2-2-2-0\" data-so-animation=\"{&quot;selector&quot;:&quot;.animate-6a03906c3564d169947260&quot;,&quot;animation&quot;:&quot;fadeInRight&quot;,&quot;duration&quot;:1,&quot;repeat&quot;:0,&quot;hide&quot;:1,&quot;finalState&quot;:&quot;visible&quot;,&quot;delay&quot;:0,&quot;debounce&quot;:0.1,&quot;event&quot;:&quot;enter&quot;,&quot;offset&quot;:0}\" ><div\n\t\t\t\n\t\t\tclass=\"so-widget-sow-editor so-widget-sow-editor-base\"\n\t\t\t\n\t\t>\n<div class=\"siteorigin-widget-tinymce textwidget\">\n\t<h3 style=\"text-align: center;\">Glasbruch<\/h3>\n<hr style=\"background-color: #618581; border-width: 0; color: #618581; height: 1px; margin-top: -5px;\" \/>\n<p><a href=\"https:\/\/schreinerei-vaeth.de\/privatkunden\/glasbruch\/\"><img loading=\"lazy\" decoding=\"async\" class=\"alignnone wp-image-1440 size-full\" src=\"https:\/\/schreinerei-vaeth.de\/privatkunden\/wp-content\/uploads\/sites\/4\/2017\/03\/glasbruch_start.png\" alt=\"\" width=\"600\" height=\"400\" srcset=\"https:\/\/schreinerei-vaeth.de\/privatkunden\/wp-content\/uploads\/sites\/4\/2017\/03\/glasbruch_start.png 600w, https:\/\/schreinerei-vaeth.de\/privatkunden\/wp-content\/uploads\/sites\/4\/2017\/03\/glasbruch_start-300x200.png 300w, https:\/\/schreinerei-vaeth.de\/privatkunden\/wp-content\/uploads\/sites\/4\/2017\/03\/glasbruch_start-390x260.png 390w, https:\/\/schreinerei-vaeth.de\/privatkunden\/wp-content\/uploads\/sites\/4\/2017\/03\/glasbruch_start-520x347.png 520w, https:\/\/schreinerei-vaeth.de\/privatkunden\/wp-content\/uploads\/sites\/4\/2017\/03\/glasbruch_start-570x380.png 570w, https:\/\/schreinerei-vaeth.de\/privatkunden\/wp-content\/uploads\/sites\/4\/2017\/03\/glasbruch_start-272x182.png 272w, https:\/\/schreinerei-vaeth.de\/privatkunden\/wp-content\/uploads\/sites\/4\/2017\/03\/glasbruch_start-250x167.png 250w\" sizes=\"(max-width: 600px) 100vw, 600px\" \/><\/a><br \/>Scherben bringen Gl\u00fcck, so ein altes Sprichwort. Auch wenn ein Glasbruch f\u00fcr Sie zun\u00e4chst schlimm... <a href=\"https:\/\/schreinerei-vaeth.de\/privatkunden\/glasbruch\/\">weiter lesen<\/a><\/p>\n<\/div>\n<\/div><\/div><\/div><\/div><div id=\"pgc-2-2-3\"  class=\"panel-grid-cell panel-grid-cell-empty\" ><\/div><\/div><\/div>","protected":false},"excerpt":{"rendered":"<p>M\u00f6bel Ob Sideboard, Kleiderschrank, Wohnwand oder Badezimmereinrichtung &#8211; wir fertigen alles individuell nach&#8230; weiter lesen Treppen Treppen haben meist eine zentrale Position im Haus, sollen sich perfekt in das vorhandene&#8230; weiter lesen Innent\u00fcren T\u00fcren trennen<a class=\"read-more\" href=\"https:\/\/schreinerei-vaeth.de\/privatkunden\/\"><\/a><\/p>\n","protected":false},"author":1,"featured_media":0,"parent":0,"menu_order":0,"comment_status":"closed","ping_status":"closed","template":"page-templates\/page_fullwidth.php","meta":{"footnotes":""},"yoast_head":"<!-- This site is optimized with the Yoast SEO plugin v22.5 - https:\/\/yoast.com\/wordpress\/plugins\/seo\/ -->\n<title>Schreinerei Peter V\u00e4th in Esselbach<\/title>\n<meta name=\"description\" content=\"Als familiengef\u00fchrte Schreinerei mit Sitz in Esselbach verarbeiten wir Holz, Kunststoff und Glas nach handwerklicher Tradition und modernster Technik.\" \/>\n<meta name=\"robots\" content=\"index, follow, max-snippet:-1, max-image-preview:large, max-video-preview:-1\" \/>\n<link rel=\"canonical\" href=\"https:\/\/schreinerei-vaeth.de\/privatkunden\/\" \/>\n<meta property=\"og:locale\" content=\"de_DE\" \/>\n<meta property=\"og:type\" content=\"article\" \/>\n<meta property=\"og:title\" content=\"Schreinerei Peter V\u00e4th in Esselbach\" \/>\n<meta property=\"og:description\" content=\"Als familiengef\u00fchrte Schreinerei mit Sitz in Esselbach verarbeiten wir Holz, Kunststoff und Glas nach handwerklicher Tradition und modernster Technik.\" \/>\n<meta property=\"og:url\" content=\"https:\/\/schreinerei-vaeth.de\/privatkunden\/\" \/>\n<meta property=\"og:site_name\" content=\"Schreinerei V\u00e4th - Privatkunden\" \/>\n<meta property=\"article:modified_time\" content=\"2024-04-18T07:40:45+00:00\" \/>\n<meta property=\"og:image\" content=\"https:\/\/schreinerei-vaeth.de\/privatkunden\/wp-content\/uploads\/sites\/4\/2020\/05\/IMG-20200402-WA0005-300x225.jpg\" \/>\n<meta name=\"twitter:card\" content=\"summary_large_image\" \/>\n<meta name=\"twitter:label1\" content=\"Gesch\u00e4tzte Lesezeit\" \/>\n\t<meta name=\"twitter:data1\" content=\"3\u00a0Minuten\" \/>\n<script type=\"application\/ld+json\" class=\"yoast-schema-graph\">{\"@context\":\"https:\/\/schema.org\",\"@graph\":[{\"@type\":\"WebPage\",\"@id\":\"https:\/\/schreinerei-vaeth.de\/privatkunden\/\",\"url\":\"https:\/\/schreinerei-vaeth.de\/privatkunden\/\",\"name\":\"Schreinerei Peter V\u00e4th in Esselbach\",\"isPartOf\":{\"@id\":\"https:\/\/schreinerei-vaeth.de\/privatkunden\/#website\"},\"primaryImageOfPage\":{\"@id\":\"https:\/\/schreinerei-vaeth.de\/privatkunden\/#primaryimage\"},\"image\":{\"@id\":\"https:\/\/schreinerei-vaeth.de\/privatkunden\/#primaryimage\"},\"thumbnailUrl\":\"https:\/\/schreinerei-vaeth.de\/privatkunden\/wp-content\/uploads\/sites\/4\/2020\/05\/IMG-20200402-WA0005-300x225.jpg\",\"datePublished\":\"2016-02-02T09:06:56+00:00\",\"dateModified\":\"2024-04-18T07:40:45+00:00\",\"description\":\"Als familiengef\u00fchrte Schreinerei mit Sitz in Esselbach verarbeiten wir Holz, Kunststoff und Glas nach handwerklicher Tradition und modernster Technik.\",\"breadcrumb\":{\"@id\":\"https:\/\/schreinerei-vaeth.de\/privatkunden\/#breadcrumb\"},\"inLanguage\":\"de\",\"potentialAction\":[{\"@type\":\"ReadAction\",\"target\":[\"https:\/\/schreinerei-vaeth.de\/privatkunden\/\"]}]},{\"@type\":\"ImageObject\",\"inLanguage\":\"de\",\"@id\":\"https:\/\/schreinerei-vaeth.de\/privatkunden\/#primaryimage\",\"url\":\"https:\/\/schreinerei-vaeth.de\/privatkunden\/wp-content\/uploads\/sites\/4\/2020\/05\/IMG-20200402-WA0005.jpg\",\"contentUrl\":\"https:\/\/schreinerei-vaeth.de\/privatkunden\/wp-content\/uploads\/sites\/4\/2020\/05\/IMG-20200402-WA0005.jpg\",\"width\":1599,\"height\":1200},{\"@type\":\"BreadcrumbList\",\"@id\":\"https:\/\/schreinerei-vaeth.de\/privatkunden\/#breadcrumb\",\"itemListElement\":[{\"@type\":\"ListItem\",\"position\":1,\"name\":\"Startseite\",\"item\":\"https:\/\/schreinerei-vaeth.de\/privatkunden\/\"},{\"@type\":\"ListItem\",\"position\":2,\"name\":\"Home Page\"}]},{\"@type\":\"WebSite\",\"@id\":\"https:\/\/schreinerei-vaeth.de\/privatkunden\/#website\",\"url\":\"https:\/\/schreinerei-vaeth.de\/privatkunden\/\",\"name\":\"Schreinerei V\u00e4th - Privatkunden\",\"description\":\"\",\"potentialAction\":[{\"@type\":\"SearchAction\",\"target\":{\"@type\":\"EntryPoint\",\"urlTemplate\":\"https:\/\/schreinerei-vaeth.de\/privatkunden\/?s={search_term_string}\"},\"query-input\":\"required name=search_term_string\"}],\"inLanguage\":\"de\"}]}<\/script>\n<!-- \/ Yoast SEO plugin. -->","yoast_head_json":{"title":"Schreinerei Peter V\u00e4th in Esselbach","description":"Als familiengef\u00fchrte Schreinerei mit Sitz in Esselbach verarbeiten wir Holz, Kunststoff und Glas nach handwerklicher Tradition und modernster Technik.","robots":{"index":"index","follow":"follow","max-snippet":"max-snippet:-1","max-image-preview":"max-image-preview:large","max-video-preview":"max-video-preview:-1"},"canonical":"https:\/\/schreinerei-vaeth.de\/privatkunden\/","og_locale":"de_DE","og_type":"article","og_title":"Schreinerei Peter V\u00e4th in Esselbach","og_description":"Als familiengef\u00fchrte Schreinerei mit Sitz in Esselbach verarbeiten wir Holz, Kunststoff und Glas nach handwerklicher Tradition und modernster Technik.","og_url":"https:\/\/schreinerei-vaeth.de\/privatkunden\/","og_site_name":"Schreinerei V\u00e4th - Privatkunden","article_modified_time":"2024-04-18T07:40:45+00:00","og_image":[{"url":"https:\/\/schreinerei-vaeth.de\/privatkunden\/wp-content\/uploads\/sites\/4\/2020\/05\/IMG-20200402-WA0005-300x225.jpg"}],"twitter_card":"summary_large_image","twitter_misc":{"Gesch\u00e4tzte Lesezeit":"3\u00a0Minuten"},"schema":{"@context":"https:\/\/schema.org","@graph":[{"@type":"WebPage","@id":"https:\/\/schreinerei-vaeth.de\/privatkunden\/","url":"https:\/\/schreinerei-vaeth.de\/privatkunden\/","name":"Schreinerei Peter V\u00e4th in Esselbach","isPartOf":{"@id":"https:\/\/schreinerei-vaeth.de\/privatkunden\/#website"},"primaryImageOfPage":{"@id":"https:\/\/schreinerei-vaeth.de\/privatkunden\/#primaryimage"},"image":{"@id":"https:\/\/schreinerei-vaeth.de\/privatkunden\/#primaryimage"},"thumbnailUrl":"https:\/\/schreinerei-vaeth.de\/privatkunden\/wp-content\/uploads\/sites\/4\/2020\/05\/IMG-20200402-WA0005-300x225.jpg","datePublished":"2016-02-02T09:06:56+00:00","dateModified":"2024-04-18T07:40:45+00:00","description":"Als familiengef\u00fchrte Schreinerei mit Sitz in Esselbach verarbeiten wir Holz, Kunststoff und Glas nach handwerklicher Tradition und modernster Technik.","breadcrumb":{"@id":"https:\/\/schreinerei-vaeth.de\/privatkunden\/#breadcrumb"},"inLanguage":"de","potentialAction":[{"@type":"ReadAction","target":["https:\/\/schreinerei-vaeth.de\/privatkunden\/"]}]},{"@type":"ImageObject","inLanguage":"de","@id":"https:\/\/schreinerei-vaeth.de\/privatkunden\/#primaryimage","url":"https:\/\/schreinerei-vaeth.de\/privatkunden\/wp-content\/uploads\/sites\/4\/2020\/05\/IMG-20200402-WA0005.jpg","contentUrl":"https:\/\/schreinerei-vaeth.de\/privatkunden\/wp-content\/uploads\/sites\/4\/2020\/05\/IMG-20200402-WA0005.jpg","width":1599,"height":1200},{"@type":"BreadcrumbList","@id":"https:\/\/schreinerei-vaeth.de\/privatkunden\/#breadcrumb","itemListElement":[{"@type":"ListItem","position":1,"name":"Startseite","item":"https:\/\/schreinerei-vaeth.de\/privatkunden\/"},{"@type":"ListItem","position":2,"name":"Home Page"}]},{"@type":"WebSite","@id":"https:\/\/schreinerei-vaeth.de\/privatkunden\/#website","url":"https:\/\/schreinerei-vaeth.de\/privatkunden\/","name":"Schreinerei V\u00e4th - Privatkunden","description":"","potentialAction":[{"@type":"SearchAction","target":{"@type":"EntryPoint","urlTemplate":"https:\/\/schreinerei-vaeth.de\/privatkunden\/?s={search_term_string}"},"query-input":"required name=search_term_string"}],"inLanguage":"de"}]}},"publishpress_future_action":{"enabled":false,"date":"2026-05-19 22:41:16","action":"change-status","newStatus":"draft","terms":[],"taxonomy":""},"_links":{"self":[{"href":"https:\/\/schreinerei-vaeth.de\/privatkunden\/wp-json\/wp\/v2\/pages\/2"}],"collection":[{"href":"https:\/\/schreinerei-vaeth.de\/privatkunden\/wp-json\/wp\/v2\/pages"}],"about":[{"href":"https:\/\/schreinerei-vaeth.de\/privatkunden\/wp-json\/wp\/v2\/types\/page"}],"author":[{"embeddable":true,"href":"https:\/\/schreinerei-vaeth.de\/privatkunden\/wp-json\/wp\/v2\/users\/1"}],"replies":[{"embeddable":true,"href":"https:\/\/schreinerei-vaeth.de\/privatkunden\/wp-json\/wp\/v2\/comments?post=2"}],"version-history":[{"count":35,"href":"https:\/\/schreinerei-vaeth.de\/privatkunden\/wp-json\/wp\/v2\/pages\/2\/revisions"}],"predecessor-version":[{"id":1695,"href":"https:\/\/schreinerei-vaeth.de\/privatkunden\/wp-json\/wp\/v2\/pages\/2\/revisions\/1695"}],"wp:attachment":[{"href":"https:\/\/schreinerei-vaeth.de\/privatkunden\/wp-json\/wp\/v2\/media?parent=2"}],"curies":[{"name":"wp","href":"https:\/\/api.w.org\/{rel}","templated":true}]}}