{"id":1286,"date":"2017-02-02T15:47:06","date_gmt":"2017-02-02T14:47:06","guid":{"rendered":"http:\/\/empathieweb.de\/klavae\/privatkunden\/?page_id=1286"},"modified":"2017-03-29T11:39:43","modified_gmt":"2017-03-29T09:39:43","slug":"glasbruch","status":"publish","type":"page","link":"https:\/\/schreinerei-vaeth.de\/privatkunden\/glasbruch\/","title":{"rendered":"Glasbruch"},"content":{"rendered":"<div id=\"pl-1286\"  class=\"panel-layout\" ><div id=\"pg-1286-0\"  class=\"panel-grid panel-has-style\" ><div class=\"panel-row-style panel-row-style-for-1286-0\" ><div id=\"pgc-1286-0-0\"  class=\"panel-grid-cell\" ><div id=\"panel-1286-0-0-0\" class=\"so-panel widget widget_sow-headline panel-first-child panel-last-child\" data-index=\"0\" ><div\n\t\t\t\n\t\t\tclass=\"so-widget-sow-headline so-widget-sow-headline-default-c65a4f13d044-1286\"\n\t\t\t\n\t\t><div class=\"sow-headline-container \">\n\t\t\t\t\t\t\t<h2 class=\"sow-headline\">\n\t\t\t\t\t\tGlasbruch\t\t\t\t\t\t<\/h2>\n\t\t\t\t\t\t\t\t\t\t\t<div class=\"decoration\">\n\t\t\t\t\t\t<div class=\"decoration-inside\"><\/div>\n\t\t\t\t\t<\/div>\n\t\t\t\t\t<\/div>\n<\/div><\/div><\/div><\/div><\/div><div id=\"pg-1286-1\"  class=\"panel-grid panel-no-style\" ><div id=\"pgc-1286-1-0\"  class=\"panel-grid-cell\" ><div id=\"panel-1286-1-0-0\" class=\"so-panel widget widget_sow-editor panel-first-child panel-last-child\" data-index=\"1\" ><div\n\t\t\t\n\t\t\tclass=\"so-widget-sow-editor so-widget-sow-editor-base\"\n\t\t\t\n\t\t>\n<div class=\"siteorigin-widget-tinymce textwidget\">\n\t<p><a href=\"https:\/\/schreinerei-vaeth.de\/privatkunden\/wp-content\/uploads\/sites\/4\/2017\/02\/IMG-20170204-WA0005-1.jpg\"><img loading=\"lazy\" decoding=\"async\" class=\"alignnone wp-image-1493 size-full\" title=\"Glasbruch\" src=\"https:\/\/schreinerei-vaeth.de\/privatkunden\/wp-content\/uploads\/sites\/4\/2017\/02\/IMG-20170204-WA0005-1.jpg\" alt=\"Glasbruch\" width=\"713\" height=\"950\" srcset=\"https:\/\/schreinerei-vaeth.de\/privatkunden\/wp-content\/uploads\/sites\/4\/2017\/02\/IMG-20170204-WA0005-1.jpg 713w, https:\/\/schreinerei-vaeth.de\/privatkunden\/wp-content\/uploads\/sites\/4\/2017\/02\/IMG-20170204-WA0005-1-225x300.jpg 225w, https:\/\/schreinerei-vaeth.de\/privatkunden\/wp-content\/uploads\/sites\/4\/2017\/02\/IMG-20170204-WA0005-1-600x799.jpg 600w, https:\/\/schreinerei-vaeth.de\/privatkunden\/wp-content\/uploads\/sites\/4\/2017\/02\/IMG-20170204-WA0005-1-520x693.jpg 520w, https:\/\/schreinerei-vaeth.de\/privatkunden\/wp-content\/uploads\/sites\/4\/2017\/02\/IMG-20170204-WA0005-1-285x380.jpg 285w, https:\/\/schreinerei-vaeth.de\/privatkunden\/wp-content\/uploads\/sites\/4\/2017\/02\/IMG-20170204-WA0005-1-250x333.jpg 250w\" sizes=\"(max-width: 713px) 100vw, 713px\" \/><\/a><\/p>\n<\/div>\n<\/div><\/div><\/div><div id=\"pgc-1286-1-1\"  class=\"panel-grid-cell\" ><div id=\"panel-1286-1-1-0\" class=\"so-panel widget widget_sow-editor panel-first-child panel-last-child\" data-index=\"2\" ><div\n\t\t\t\n\t\t\tclass=\"so-widget-sow-editor so-widget-sow-editor-base\"\n\t\t\t\n\t\t>\n<div class=\"siteorigin-widget-tinymce textwidget\">\n\t<p>Scherben bringen Gl\u00fcck, so ein altes Sprichwort. Auch wenn ein Glasbruch f\u00fcr Sie zun\u00e4chst schlimm sein mag, so haben Sie doch Gl\u00fcck, uns an Ihrer Seite zu haben. Denn wenn m\u00f6glich, reparieren wir Ihren Glasbruch sofort vor Ort. Sollte dies keine Option sein, so machen wir eine Notverglasung, bestellen das ben\u00f6tigte Glas und vereinbaren einen Termin f\u00fcr die endg\u00fcltige Reparatur.<\/p>\n<ul>\n<li>Glasbruch kein Beinbruch<\/li>\n<li>Isolierglas 2 - 3 Fach<\/li>\n<li>Sicherheitsglas<\/li>\n<li>Ornamentgl\u00e4ser<\/li>\n<li>Mundgeblasenes Glas<\/li>\n<\/ul>\n<p><strong><em>Daf\u00fcr garantieren wir mit unserem guten Namen, Ihre Schreinerei V\u00e4th &amp; Team <\/em><\/strong><\/p>\n<p><strong><em>Terminvereinbarung f\u00fcr ein kostenfreies Erstgespr\u00e4ch:<br \/> Tel 09394\/2200, Mail <a href=\"mailto:info@schreinerei-vaeth.de\">info@schreinerei-vaeth.de<\/a><br \/> oder \u00fcber unser <a href=\"https:\/\/schreinerei-vaeth.de\/privatkunden\/kontakt\/\">Kontaktformular<\/a><\/em><\/strong><\/p>\n<\/div>\n<\/div><\/div><\/div><\/div><div id=\"pg-1286-2\"  class=\"panel-grid panel-no-style\" ><div id=\"pgc-1286-2-0\"  class=\"panel-grid-cell\" ><div id=\"panel-1286-2-0-0\" class=\"so-panel widget widget_sow-editor panel-first-child panel-last-child\" data-index=\"3\" ><div\n\t\t\t\n\t\t\tclass=\"so-widget-sow-editor so-widget-sow-editor-base\"\n\t\t\t\n\t\t>\n<div class=\"siteorigin-widget-tinymce textwidget\">\n\t<\/div>\n<\/div><\/div><\/div><\/div><\/div>","protected":false},"excerpt":{"rendered":"<p>Scherben bringen Gl\u00fcck, so ein altes Sprichwort. Auch wenn ein Glasbruch f\u00fcr Sie zun\u00e4chst schlimm sein mag, so haben Sie doch Gl\u00fcck, uns an Ihrer Seite zu haben. Denn wenn m\u00f6glich, reparieren wir Ihren Glasbruch<a class=\"read-more\" href=\"https:\/\/schreinerei-vaeth.de\/privatkunden\/glasbruch\/\"><\/a><\/p>\n","protected":false},"author":1,"featured_media":0,"parent":0,"menu_order":0,"comment_status":"closed","ping_status":"closed","template":"page-templates\/page_fullwidth.php","meta":{"footnotes":""},"yoast_head":"<!-- This site is optimized with the Yoast SEO plugin v22.5 - https:\/\/yoast.com\/wordpress\/plugins\/seo\/ -->\n<title>Glasbruch - Reparatur - Schreinerei V\u00e4th in Esselbach<\/title>\n<meta name=\"description\" content=\"Wir reparieren Ihren Glasbruch sofort vor Ort oder machen eine Notverglasung und vereinbaren einen Termin f\u00fcr die endg\u00fcltige Reparatur.\" \/>\n<meta name=\"robots\" content=\"index, follow, max-snippet:-1, max-image-preview:large, max-video-preview:-1\" \/>\n<link rel=\"canonical\" href=\"https:\/\/schreinerei-vaeth.de\/privatkunden\/glasbruch\/\" \/>\n<meta property=\"og:locale\" content=\"de_DE\" \/>\n<meta property=\"og:type\" content=\"article\" \/>\n<meta property=\"og:title\" content=\"Glasbruch - Reparatur - Schreinerei V\u00e4th in Esselbach\" \/>\n<meta property=\"og:description\" content=\"Wir reparieren Ihren Glasbruch sofort vor Ort oder machen eine Notverglasung und vereinbaren einen Termin f\u00fcr die endg\u00fcltige Reparatur.\" \/>\n<meta property=\"og:url\" content=\"https:\/\/schreinerei-vaeth.de\/privatkunden\/glasbruch\/\" \/>\n<meta property=\"og:site_name\" content=\"Schreinerei V\u00e4th - Privatkunden\" \/>\n<meta property=\"article:modified_time\" content=\"2017-03-29T09:39:43+00:00\" \/>\n<meta property=\"og:image\" content=\"http:\/\/empathieweb.de\/klavae\/wp-content\/uploads\/2016\/09\/fotolia_127861733.jpg\" \/>\n<meta name=\"twitter:card\" content=\"summary_large_image\" \/>\n<script type=\"application\/ld+json\" class=\"yoast-schema-graph\">{\"@context\":\"https:\/\/schema.org\",\"@graph\":[{\"@type\":\"WebPage\",\"@id\":\"https:\/\/schreinerei-vaeth.de\/privatkunden\/glasbruch\/\",\"url\":\"https:\/\/schreinerei-vaeth.de\/privatkunden\/glasbruch\/\",\"name\":\"Glasbruch - Reparatur - Schreinerei V\u00e4th in Esselbach\",\"isPartOf\":{\"@id\":\"https:\/\/schreinerei-vaeth.de\/privatkunden\/#website\"},\"primaryImageOfPage\":{\"@id\":\"https:\/\/schreinerei-vaeth.de\/privatkunden\/glasbruch\/#primaryimage\"},\"image\":{\"@id\":\"https:\/\/schreinerei-vaeth.de\/privatkunden\/glasbruch\/#primaryimage\"},\"thumbnailUrl\":\"http:\/\/empathieweb.de\/klavae\/wp-content\/uploads\/2016\/09\/fotolia_127861733.jpg\",\"datePublished\":\"2017-02-02T14:47:06+00:00\",\"dateModified\":\"2017-03-29T09:39:43+00:00\",\"description\":\"Wir reparieren Ihren Glasbruch sofort vor Ort oder machen eine Notverglasung und vereinbaren einen Termin f\u00fcr die endg\u00fcltige Reparatur.\",\"breadcrumb\":{\"@id\":\"https:\/\/schreinerei-vaeth.de\/privatkunden\/glasbruch\/#breadcrumb\"},\"inLanguage\":\"de\",\"potentialAction\":[{\"@type\":\"ReadAction\",\"target\":[\"https:\/\/schreinerei-vaeth.de\/privatkunden\/glasbruch\/\"]}]},{\"@type\":\"ImageObject\",\"inLanguage\":\"de\",\"@id\":\"https:\/\/schreinerei-vaeth.de\/privatkunden\/glasbruch\/#primaryimage\",\"url\":\"http:\/\/empathieweb.de\/klavae\/wp-content\/uploads\/2016\/09\/fotolia_127861733.jpg\",\"contentUrl\":\"http:\/\/empathieweb.de\/klavae\/wp-content\/uploads\/2016\/09\/fotolia_127861733.jpg\"},{\"@type\":\"BreadcrumbList\",\"@id\":\"https:\/\/schreinerei-vaeth.de\/privatkunden\/glasbruch\/#breadcrumb\",\"itemListElement\":[{\"@type\":\"ListItem\",\"position\":1,\"name\":\"Startseite\",\"item\":\"https:\/\/schreinerei-vaeth.de\/privatkunden\/\"},{\"@type\":\"ListItem\",\"position\":2,\"name\":\"Glasbruch\"}]},{\"@type\":\"WebSite\",\"@id\":\"https:\/\/schreinerei-vaeth.de\/privatkunden\/#website\",\"url\":\"https:\/\/schreinerei-vaeth.de\/privatkunden\/\",\"name\":\"Schreinerei V\u00e4th - Privatkunden\",\"description\":\"\",\"potentialAction\":[{\"@type\":\"SearchAction\",\"target\":{\"@type\":\"EntryPoint\",\"urlTemplate\":\"https:\/\/schreinerei-vaeth.de\/privatkunden\/?s={search_term_string}\"},\"query-input\":\"required name=search_term_string\"}],\"inLanguage\":\"de\"}]}<\/script>\n<!-- \/ Yoast SEO plugin. -->","yoast_head_json":{"title":"Glasbruch - Reparatur - Schreinerei V\u00e4th in Esselbach","description":"Wir reparieren Ihren Glasbruch sofort vor Ort oder machen eine Notverglasung und vereinbaren einen Termin f\u00fcr die endg\u00fcltige Reparatur.","robots":{"index":"index","follow":"follow","max-snippet":"max-snippet:-1","max-image-preview":"max-image-preview:large","max-video-preview":"max-video-preview:-1"},"canonical":"https:\/\/schreinerei-vaeth.de\/privatkunden\/glasbruch\/","og_locale":"de_DE","og_type":"article","og_title":"Glasbruch - Reparatur - Schreinerei V\u00e4th in Esselbach","og_description":"Wir reparieren Ihren Glasbruch sofort vor Ort oder machen eine Notverglasung und vereinbaren einen Termin f\u00fcr die endg\u00fcltige Reparatur.","og_url":"https:\/\/schreinerei-vaeth.de\/privatkunden\/glasbruch\/","og_site_name":"Schreinerei V\u00e4th - Privatkunden","article_modified_time":"2017-03-29T09:39:43+00:00","og_image":[{"url":"http:\/\/empathieweb.de\/klavae\/wp-content\/uploads\/2016\/09\/fotolia_127861733.jpg"}],"twitter_card":"summary_large_image","schema":{"@context":"https:\/\/schema.org","@graph":[{"@type":"WebPage","@id":"https:\/\/schreinerei-vaeth.de\/privatkunden\/glasbruch\/","url":"https:\/\/schreinerei-vaeth.de\/privatkunden\/glasbruch\/","name":"Glasbruch - Reparatur - Schreinerei V\u00e4th in Esselbach","isPartOf":{"@id":"https:\/\/schreinerei-vaeth.de\/privatkunden\/#website"},"primaryImageOfPage":{"@id":"https:\/\/schreinerei-vaeth.de\/privatkunden\/glasbruch\/#primaryimage"},"image":{"@id":"https:\/\/schreinerei-vaeth.de\/privatkunden\/glasbruch\/#primaryimage"},"thumbnailUrl":"http:\/\/empathieweb.de\/klavae\/wp-content\/uploads\/2016\/09\/fotolia_127861733.jpg","datePublished":"2017-02-02T14:47:06+00:00","dateModified":"2017-03-29T09:39:43+00:00","description":"Wir reparieren Ihren Glasbruch sofort vor Ort oder machen eine Notverglasung und vereinbaren einen Termin f\u00fcr die endg\u00fcltige Reparatur.","breadcrumb":{"@id":"https:\/\/schreinerei-vaeth.de\/privatkunden\/glasbruch\/#breadcrumb"},"inLanguage":"de","potentialAction":[{"@type":"ReadAction","target":["https:\/\/schreinerei-vaeth.de\/privatkunden\/glasbruch\/"]}]},{"@type":"ImageObject","inLanguage":"de","@id":"https:\/\/schreinerei-vaeth.de\/privatkunden\/glasbruch\/#primaryimage","url":"http:\/\/empathieweb.de\/klavae\/wp-content\/uploads\/2016\/09\/fotolia_127861733.jpg","contentUrl":"http:\/\/empathieweb.de\/klavae\/wp-content\/uploads\/2016\/09\/fotolia_127861733.jpg"},{"@type":"BreadcrumbList","@id":"https:\/\/schreinerei-vaeth.de\/privatkunden\/glasbruch\/#breadcrumb","itemListElement":[{"@type":"ListItem","position":1,"name":"Startseite","item":"https:\/\/schreinerei-vaeth.de\/privatkunden\/"},{"@type":"ListItem","position":2,"name":"Glasbruch"}]},{"@type":"WebSite","@id":"https:\/\/schreinerei-vaeth.de\/privatkunden\/#website","url":"https:\/\/schreinerei-vaeth.de\/privatkunden\/","name":"Schreinerei V\u00e4th - Privatkunden","description":"","potentialAction":[{"@type":"SearchAction","target":{"@type":"EntryPoint","urlTemplate":"https:\/\/schreinerei-vaeth.de\/privatkunden\/?s={search_term_string}"},"query-input":"required name=search_term_string"}],"inLanguage":"de"}]}},"publishpress_future_action":{"enabled":false,"date":"2026-05-19 23:05:16","action":"change-status","newStatus":"draft","terms":[],"taxonomy":""},"_links":{"self":[{"href":"https:\/\/schreinerei-vaeth.de\/privatkunden\/wp-json\/wp\/v2\/pages\/1286"}],"collection":[{"href":"https:\/\/schreinerei-vaeth.de\/privatkunden\/wp-json\/wp\/v2\/pages"}],"about":[{"href":"https:\/\/schreinerei-vaeth.de\/privatkunden\/wp-json\/wp\/v2\/types\/page"}],"author":[{"embeddable":true,"href":"https:\/\/schreinerei-vaeth.de\/privatkunden\/wp-json\/wp\/v2\/users\/1"}],"replies":[{"embeddable":true,"href":"https:\/\/schreinerei-vaeth.de\/privatkunden\/wp-json\/wp\/v2\/comments?post=1286"}],"version-history":[{"count":3,"href":"https:\/\/schreinerei-vaeth.de\/privatkunden\/wp-json\/wp\/v2\/pages\/1286\/revisions"}],"predecessor-version":[{"id":1498,"href":"https:\/\/schreinerei-vaeth.de\/privatkunden\/wp-json\/wp\/v2\/pages\/1286\/revisions\/1498"}],"wp:attachment":[{"href":"https:\/\/schreinerei-vaeth.de\/privatkunden\/wp-json\/wp\/v2\/media?parent=1286"}],"curies":[{"name":"wp","href":"https:\/\/api.w.org\/{rel}","templated":true}]}}