{"id":1283,"date":"2017-02-02T15:46:04","date_gmt":"2017-02-02T14:46:04","guid":{"rendered":"http:\/\/empathieweb.de\/klavae\/privatkunden\/?page_id=1283"},"modified":"2017-03-29T11:51:44","modified_gmt":"2017-03-29T09:51:44","slug":"haustueren-fenster","status":"publish","type":"page","link":"https:\/\/schreinerei-vaeth.de\/privatkunden\/haustueren-fenster\/","title":{"rendered":"Haust\u00fcren &#038; Fenster"},"content":{"rendered":"<div id=\"pl-1283\"  class=\"panel-layout\" ><div id=\"pg-1283-0\"  class=\"panel-grid panel-has-style\" ><div class=\"panel-row-style panel-row-style-for-1283-0\" ><div id=\"pgc-1283-0-0\"  class=\"panel-grid-cell\" ><div id=\"panel-1283-0-0-0\" class=\"so-panel widget widget_sow-headline panel-first-child panel-last-child\" data-index=\"0\" ><div\n\t\t\t\n\t\t\tclass=\"so-widget-sow-headline so-widget-sow-headline-default-d7a9b205fb0c-1283\"\n\t\t\t\n\t\t><div class=\"sow-headline-container \">\n\t\t\t\t\t\t<div class=\"decoration\">\n\t\t\t\t\t\t<div class=\"decoration-inside\"><\/div>\n\t\t\t\t\t<\/div>\n\t\t\t\t\t<\/div>\n<\/div><\/div><\/div><\/div><\/div><div id=\"pg-1283-1\"  class=\"panel-grid panel-no-style\" ><div id=\"pgc-1283-1-0\"  class=\"panel-grid-cell\" ><div id=\"panel-1283-1-0-0\" class=\"so-panel widget widget_sow-editor panel-first-child panel-last-child\" data-index=\"1\" ><div\n\t\t\t\n\t\t\tclass=\"so-widget-sow-editor so-widget-sow-editor-base\"\n\t\t\t\n\t\t>\n<div class=\"siteorigin-widget-tinymce textwidget\">\n\t<p><a href=\"https:\/\/schreinerei-vaeth.de\/privatkunden\/wp-content\/uploads\/sites\/4\/2017\/02\/PICT4356.jpg\"><img loading=\"lazy\" decoding=\"async\" class=\"alignnone wp-image-1349 size-full\" src=\"https:\/\/schreinerei-vaeth.de\/privatkunden\/wp-content\/uploads\/sites\/4\/2017\/02\/PICT4356.jpg\" alt=\"\" width=\"950\" height=\"713\" srcset=\"https:\/\/schreinerei-vaeth.de\/privatkunden\/wp-content\/uploads\/sites\/4\/2017\/02\/PICT4356.jpg 950w, https:\/\/schreinerei-vaeth.de\/privatkunden\/wp-content\/uploads\/sites\/4\/2017\/02\/PICT4356-300x225.jpg 300w, https:\/\/schreinerei-vaeth.de\/privatkunden\/wp-content\/uploads\/sites\/4\/2017\/02\/PICT4356-768x576.jpg 768w, https:\/\/schreinerei-vaeth.de\/privatkunden\/wp-content\/uploads\/sites\/4\/2017\/02\/PICT4356-600x450.jpg 600w, https:\/\/schreinerei-vaeth.de\/privatkunden\/wp-content\/uploads\/sites\/4\/2017\/02\/PICT4356-520x390.jpg 520w, https:\/\/schreinerei-vaeth.de\/privatkunden\/wp-content\/uploads\/sites\/4\/2017\/02\/PICT4356-740x555.jpg 740w, https:\/\/schreinerei-vaeth.de\/privatkunden\/wp-content\/uploads\/sites\/4\/2017\/02\/PICT4356-506x380.jpg 506w, https:\/\/schreinerei-vaeth.de\/privatkunden\/wp-content\/uploads\/sites\/4\/2017\/02\/PICT4356-250x188.jpg 250w\" sizes=\"(max-width: 950px) 100vw, 950px\" \/><\/a><\/p>\n<p><a href=\"https:\/\/schreinerei-vaeth.de\/privatkunden\/wp-content\/uploads\/sites\/4\/2017\/02\/Bild-001.jpg\"><img loading=\"lazy\" decoding=\"async\" class=\"alignnone wp-image-1350 size-full\" src=\"https:\/\/schreinerei-vaeth.de\/privatkunden\/wp-content\/uploads\/sites\/4\/2017\/02\/Bild-001.jpg\" alt=\"\" width=\"713\" height=\"950\" srcset=\"https:\/\/schreinerei-vaeth.de\/privatkunden\/wp-content\/uploads\/sites\/4\/2017\/02\/Bild-001.jpg 713w, https:\/\/schreinerei-vaeth.de\/privatkunden\/wp-content\/uploads\/sites\/4\/2017\/02\/Bild-001-225x300.jpg 225w, https:\/\/schreinerei-vaeth.de\/privatkunden\/wp-content\/uploads\/sites\/4\/2017\/02\/Bild-001-600x799.jpg 600w, https:\/\/schreinerei-vaeth.de\/privatkunden\/wp-content\/uploads\/sites\/4\/2017\/02\/Bild-001-520x693.jpg 520w, https:\/\/schreinerei-vaeth.de\/privatkunden\/wp-content\/uploads\/sites\/4\/2017\/02\/Bild-001-285x380.jpg 285w, https:\/\/schreinerei-vaeth.de\/privatkunden\/wp-content\/uploads\/sites\/4\/2017\/02\/Bild-001-250x333.jpg 250w\" sizes=\"(max-width: 713px) 100vw, 713px\" \/><\/a><\/p>\n<\/div>\n<\/div><\/div><\/div><div id=\"pgc-1283-1-1\"  class=\"panel-grid-cell\" ><div id=\"panel-1283-1-1-0\" class=\"so-panel widget widget_sow-editor panel-first-child panel-last-child\" data-index=\"2\" ><div\n\t\t\t\n\t\t\tclass=\"so-widget-sow-editor so-widget-sow-editor-base\"\n\t\t\t\n\t\t>\n<div class=\"siteorigin-widget-tinymce textwidget\">\n\t<p>An einer Haust\u00fcr f\u00fchrt kein Weg vorbei. Sie sch\u00fctzt vor ungebetenen G\u00e4sten wie Einbrechern aber auch K\u00e4lte, N\u00e4sse, L\u00e4rm und Schmutz und nimmt Hausbewohner und G\u00e4ste freundlich in Empfang. Unsere Fenster und Haust\u00fcren <span class=\"glossarwords\">passen sich in Stil und Design Ihrem Geb\u00e4ude an, damit die Fassade ein harmonisches Ganzes ergibt.<\/span><\/p>\n<ul>\n<li>in Holz (Eigenanfertigung)<\/li>\n<li>Kunststoff und Alufenster<\/li>\n<li>wie auch Holz - Aluminium<\/li>\n<\/ul>\n<p>von leistungsstarken Partnern<\/p>\n<p><strong><em>Daf\u00fcr garantieren wir mit unserem guten Namen, Ihre Schreinerei V\u00e4th &amp; Team <\/em><\/strong><\/p>\n<p><strong><em>Terminvereinbarung f\u00fcr ein kostenfreies Erstgespr\u00e4ch:<br \/> Tel 09394\/2200, Mail <a href=\"mailto:info@schreinerei-vaeth.de\">info@schreinerei-vaeth.de<\/a><br \/> oder \u00fcber unser <a href=\"https:\/\/schreinerei-vaeth.de\/privatkunden\/kontakt\/\">Kontaktformular<\/a><\/em><\/strong><\/p>\n<\/div>\n<\/div><\/div><\/div><\/div><div id=\"pg-1283-2\"  class=\"panel-grid panel-no-style\" ><div id=\"pgc-1283-2-0\"  class=\"panel-grid-cell\" ><div id=\"panel-1283-2-0-0\" class=\"so-panel widget widget_sow-editor panel-first-child panel-last-child\" data-index=\"3\" ><div\n\t\t\t\n\t\t\tclass=\"so-widget-sow-editor so-widget-sow-editor-base\"\n\t\t\t\n\t\t>\n<div class=\"siteorigin-widget-tinymce textwidget\">\n\t<div id='gallery-1' class='gallery galleryid-1283 gallery-columns-5 gallery-size-thumbnail'><figure class='gallery-item'>\n\t\t\t<div class='gallery-icon landscape'>\n\t\t\t\t<a href='https:\/\/schreinerei-vaeth.de\/privatkunden\/wp-content\/uploads\/sites\/4\/2017\/02\/PICT4352.jpg'><img loading=\"lazy\" decoding=\"async\" width=\"150\" height=\"150\" src=\"https:\/\/schreinerei-vaeth.de\/privatkunden\/wp-content\/uploads\/sites\/4\/2017\/02\/PICT4352-150x150.jpg\" class=\"attachment-thumbnail size-thumbnail\" alt=\"\" srcset=\"https:\/\/schreinerei-vaeth.de\/privatkunden\/wp-content\/uploads\/sites\/4\/2017\/02\/PICT4352-150x150.jpg 150w, https:\/\/schreinerei-vaeth.de\/privatkunden\/wp-content\/uploads\/sites\/4\/2017\/02\/PICT4352-45x45.jpg 45w\" sizes=\"(max-width: 150px) 100vw, 150px\" \/><\/a>\n\t\t\t<\/div><\/figure><figure class='gallery-item'>\n\t\t\t<div class='gallery-icon landscape'>\n\t\t\t\t<a href='https:\/\/schreinerei-vaeth.de\/privatkunden\/wp-content\/uploads\/sites\/4\/2017\/02\/PICT4372.jpg'><img loading=\"lazy\" decoding=\"async\" width=\"150\" height=\"150\" src=\"https:\/\/schreinerei-vaeth.de\/privatkunden\/wp-content\/uploads\/sites\/4\/2017\/02\/PICT4372-150x150.jpg\" class=\"attachment-thumbnail size-thumbnail\" alt=\"\" srcset=\"https:\/\/schreinerei-vaeth.de\/privatkunden\/wp-content\/uploads\/sites\/4\/2017\/02\/PICT4372-150x150.jpg 150w, https:\/\/schreinerei-vaeth.de\/privatkunden\/wp-content\/uploads\/sites\/4\/2017\/02\/PICT4372-45x45.jpg 45w\" sizes=\"(max-width: 150px) 100vw, 150px\" \/><\/a>\n\t\t\t<\/div><\/figure><figure class='gallery-item'>\n\t\t\t<div class='gallery-icon landscape'>\n\t\t\t\t<a href='https:\/\/schreinerei-vaeth.de\/privatkunden\/wp-content\/uploads\/sites\/4\/2017\/02\/PICT4363.jpg'><img loading=\"lazy\" decoding=\"async\" width=\"150\" height=\"150\" src=\"https:\/\/schreinerei-vaeth.de\/privatkunden\/wp-content\/uploads\/sites\/4\/2017\/02\/PICT4363-150x150.jpg\" class=\"attachment-thumbnail size-thumbnail\" alt=\"\" srcset=\"https:\/\/schreinerei-vaeth.de\/privatkunden\/wp-content\/uploads\/sites\/4\/2017\/02\/PICT4363-150x150.jpg 150w, https:\/\/schreinerei-vaeth.de\/privatkunden\/wp-content\/uploads\/sites\/4\/2017\/02\/PICT4363-45x45.jpg 45w\" sizes=\"(max-width: 150px) 100vw, 150px\" \/><\/a>\n\t\t\t<\/div><\/figure><figure class='gallery-item'>\n\t\t\t<div class='gallery-icon portrait'>\n\t\t\t\t<a href='https:\/\/schreinerei-vaeth.de\/privatkunden\/wp-content\/uploads\/sites\/4\/2017\/02\/20141006_162010.jpg'><img loading=\"lazy\" decoding=\"async\" width=\"150\" height=\"150\" src=\"https:\/\/schreinerei-vaeth.de\/privatkunden\/wp-content\/uploads\/sites\/4\/2017\/02\/20141006_162010-150x150.jpg\" class=\"attachment-thumbnail size-thumbnail\" alt=\"\" srcset=\"https:\/\/schreinerei-vaeth.de\/privatkunden\/wp-content\/uploads\/sites\/4\/2017\/02\/20141006_162010-150x150.jpg 150w, https:\/\/schreinerei-vaeth.de\/privatkunden\/wp-content\/uploads\/sites\/4\/2017\/02\/20141006_162010-45x45.jpg 45w\" sizes=\"(max-width: 150px) 100vw, 150px\" \/><\/a>\n\t\t\t<\/div><\/figure><figure class='gallery-item'>\n\t\t\t<div class='gallery-icon landscape'>\n\t\t\t\t<a href='https:\/\/schreinerei-vaeth.de\/privatkunden\/wp-content\/uploads\/sites\/4\/2017\/02\/IMG_5802.jpg'><img loading=\"lazy\" decoding=\"async\" width=\"150\" height=\"150\" src=\"https:\/\/schreinerei-vaeth.de\/privatkunden\/wp-content\/uploads\/sites\/4\/2017\/02\/IMG_5802-150x150.jpg\" class=\"attachment-thumbnail size-thumbnail\" alt=\"\" srcset=\"https:\/\/schreinerei-vaeth.de\/privatkunden\/wp-content\/uploads\/sites\/4\/2017\/02\/IMG_5802-150x150.jpg 150w, https:\/\/schreinerei-vaeth.de\/privatkunden\/wp-content\/uploads\/sites\/4\/2017\/02\/IMG_5802-45x45.jpg 45w\" sizes=\"(max-width: 150px) 100vw, 150px\" \/><\/a>\n\t\t\t<\/div><\/figure><figure class='gallery-item'>\n\t\t\t<div class='gallery-icon portrait'>\n\t\t\t\t<a href='https:\/\/schreinerei-vaeth.de\/privatkunden\/wp-content\/uploads\/sites\/4\/2017\/02\/PICT4353.jpg'><img loading=\"lazy\" decoding=\"async\" width=\"150\" height=\"150\" src=\"https:\/\/schreinerei-vaeth.de\/privatkunden\/wp-content\/uploads\/sites\/4\/2017\/02\/PICT4353-150x150.jpg\" class=\"attachment-thumbnail size-thumbnail\" alt=\"\" srcset=\"https:\/\/schreinerei-vaeth.de\/privatkunden\/wp-content\/uploads\/sites\/4\/2017\/02\/PICT4353-150x150.jpg 150w, https:\/\/schreinerei-vaeth.de\/privatkunden\/wp-content\/uploads\/sites\/4\/2017\/02\/PICT4353-45x45.jpg 45w\" sizes=\"(max-width: 150px) 100vw, 150px\" \/><\/a>\n\t\t\t<\/div><\/figure><figure class='gallery-item'>\n\t\t\t<div class='gallery-icon portrait'>\n\t\t\t\t<a href='https:\/\/schreinerei-vaeth.de\/privatkunden\/wp-content\/uploads\/sites\/4\/2017\/02\/PICT4376.jpg'><img loading=\"lazy\" decoding=\"async\" width=\"150\" height=\"150\" src=\"https:\/\/schreinerei-vaeth.de\/privatkunden\/wp-content\/uploads\/sites\/4\/2017\/02\/PICT4376-150x150.jpg\" class=\"attachment-thumbnail size-thumbnail\" alt=\"\" srcset=\"https:\/\/schreinerei-vaeth.de\/privatkunden\/wp-content\/uploads\/sites\/4\/2017\/02\/PICT4376-150x150.jpg 150w, https:\/\/schreinerei-vaeth.de\/privatkunden\/wp-content\/uploads\/sites\/4\/2017\/02\/PICT4376-45x45.jpg 45w\" sizes=\"(max-width: 150px) 100vw, 150px\" \/><\/a>\n\t\t\t<\/div><\/figure><figure class='gallery-item'>\n\t\t\t<div class='gallery-icon portrait'>\n\t\t\t\t<a href='https:\/\/schreinerei-vaeth.de\/privatkunden\/wp-content\/uploads\/sites\/4\/2017\/02\/PICT4369.jpg'><img loading=\"lazy\" decoding=\"async\" width=\"150\" height=\"150\" src=\"https:\/\/schreinerei-vaeth.de\/privatkunden\/wp-content\/uploads\/sites\/4\/2017\/02\/PICT4369-150x150.jpg\" class=\"attachment-thumbnail size-thumbnail\" alt=\"\" srcset=\"https:\/\/schreinerei-vaeth.de\/privatkunden\/wp-content\/uploads\/sites\/4\/2017\/02\/PICT4369-150x150.jpg 150w, https:\/\/schreinerei-vaeth.de\/privatkunden\/wp-content\/uploads\/sites\/4\/2017\/02\/PICT4369-45x45.jpg 45w\" sizes=\"(max-width: 150px) 100vw, 150px\" \/><\/a>\n\t\t\t<\/div><\/figure><figure class='gallery-item'>\n\t\t\t<div class='gallery-icon portrait'>\n\t\t\t\t<a href='https:\/\/schreinerei-vaeth.de\/privatkunden\/wp-content\/uploads\/sites\/4\/2017\/02\/PICT4354.jpg'><img loading=\"lazy\" decoding=\"async\" width=\"150\" height=\"150\" src=\"https:\/\/schreinerei-vaeth.de\/privatkunden\/wp-content\/uploads\/sites\/4\/2017\/02\/PICT4354-150x150.jpg\" class=\"attachment-thumbnail size-thumbnail\" alt=\"\" srcset=\"https:\/\/schreinerei-vaeth.de\/privatkunden\/wp-content\/uploads\/sites\/4\/2017\/02\/PICT4354-150x150.jpg 150w, https:\/\/schreinerei-vaeth.de\/privatkunden\/wp-content\/uploads\/sites\/4\/2017\/02\/PICT4354-45x45.jpg 45w\" sizes=\"(max-width: 150px) 100vw, 150px\" \/><\/a>\n\t\t\t<\/div><\/figure><figure class='gallery-item'>\n\t\t\t<div class='gallery-icon portrait'>\n\t\t\t\t<a href='https:\/\/schreinerei-vaeth.de\/privatkunden\/wp-content\/uploads\/sites\/4\/2017\/02\/PICT4365.jpg'><img loading=\"lazy\" decoding=\"async\" width=\"150\" height=\"150\" src=\"https:\/\/schreinerei-vaeth.de\/privatkunden\/wp-content\/uploads\/sites\/4\/2017\/02\/PICT4365-150x150.jpg\" class=\"attachment-thumbnail size-thumbnail\" alt=\"\" srcset=\"https:\/\/schreinerei-vaeth.de\/privatkunden\/wp-content\/uploads\/sites\/4\/2017\/02\/PICT4365-150x150.jpg 150w, https:\/\/schreinerei-vaeth.de\/privatkunden\/wp-content\/uploads\/sites\/4\/2017\/02\/PICT4365-45x45.jpg 45w\" sizes=\"(max-width: 150px) 100vw, 150px\" \/><\/a>\n\t\t\t<\/div><\/figure><figure class='gallery-item'>\n\t\t\t<div class='gallery-icon portrait'>\n\t\t\t\t<a href='https:\/\/schreinerei-vaeth.de\/privatkunden\/wp-content\/uploads\/sites\/4\/2017\/02\/PICT4366.jpg'><img loading=\"lazy\" decoding=\"async\" width=\"150\" height=\"150\" src=\"https:\/\/schreinerei-vaeth.de\/privatkunden\/wp-content\/uploads\/sites\/4\/2017\/02\/PICT4366-150x150.jpg\" class=\"attachment-thumbnail size-thumbnail\" alt=\"\" srcset=\"https:\/\/schreinerei-vaeth.de\/privatkunden\/wp-content\/uploads\/sites\/4\/2017\/02\/PICT4366-150x150.jpg 150w, https:\/\/schreinerei-vaeth.de\/privatkunden\/wp-content\/uploads\/sites\/4\/2017\/02\/PICT4366-45x45.jpg 45w\" sizes=\"(max-width: 150px) 100vw, 150px\" \/><\/a>\n\t\t\t<\/div><\/figure><figure class='gallery-item'>\n\t\t\t<div class='gallery-icon portrait'>\n\t\t\t\t<a href='https:\/\/schreinerei-vaeth.de\/privatkunden\/wp-content\/uploads\/sites\/4\/2017\/02\/PICT4351.jpg'><img loading=\"lazy\" decoding=\"async\" width=\"150\" height=\"150\" src=\"https:\/\/schreinerei-vaeth.de\/privatkunden\/wp-content\/uploads\/sites\/4\/2017\/02\/PICT4351-150x150.jpg\" class=\"attachment-thumbnail size-thumbnail\" alt=\"\" srcset=\"https:\/\/schreinerei-vaeth.de\/privatkunden\/wp-content\/uploads\/sites\/4\/2017\/02\/PICT4351-150x150.jpg 150w, https:\/\/schreinerei-vaeth.de\/privatkunden\/wp-content\/uploads\/sites\/4\/2017\/02\/PICT4351-45x45.jpg 45w\" sizes=\"(max-width: 150px) 100vw, 150px\" \/><\/a>\n\t\t\t<\/div><\/figure><figure class='gallery-item'>\n\t\t\t<div class='gallery-icon landscape'>\n\t\t\t\t<a href='https:\/\/schreinerei-vaeth.de\/privatkunden\/wp-content\/uploads\/sites\/4\/2017\/02\/PICT4356.jpg'><img loading=\"lazy\" decoding=\"async\" width=\"150\" height=\"150\" src=\"https:\/\/schreinerei-vaeth.de\/privatkunden\/wp-content\/uploads\/sites\/4\/2017\/02\/PICT4356-150x150.jpg\" class=\"attachment-thumbnail size-thumbnail\" alt=\"\" srcset=\"https:\/\/schreinerei-vaeth.de\/privatkunden\/wp-content\/uploads\/sites\/4\/2017\/02\/PICT4356-150x150.jpg 150w, https:\/\/schreinerei-vaeth.de\/privatkunden\/wp-content\/uploads\/sites\/4\/2017\/02\/PICT4356-45x45.jpg 45w\" sizes=\"(max-width: 150px) 100vw, 150px\" \/><\/a>\n\t\t\t<\/div><\/figure><figure class='gallery-item'>\n\t\t\t<div class='gallery-icon portrait'>\n\t\t\t\t<a href='https:\/\/schreinerei-vaeth.de\/privatkunden\/wp-content\/uploads\/sites\/4\/2017\/02\/Bild-001.jpg'><img loading=\"lazy\" decoding=\"async\" width=\"150\" height=\"150\" src=\"https:\/\/schreinerei-vaeth.de\/privatkunden\/wp-content\/uploads\/sites\/4\/2017\/02\/Bild-001-150x150.jpg\" class=\"attachment-thumbnail size-thumbnail\" alt=\"\" srcset=\"https:\/\/schreinerei-vaeth.de\/privatkunden\/wp-content\/uploads\/sites\/4\/2017\/02\/Bild-001-150x150.jpg 150w, https:\/\/schreinerei-vaeth.de\/privatkunden\/wp-content\/uploads\/sites\/4\/2017\/02\/Bild-001-45x45.jpg 45w\" sizes=\"(max-width: 150px) 100vw, 150px\" \/><\/a>\n\t\t\t<\/div><\/figure><figure class='gallery-item'>\n\t\t\t<div class='gallery-icon portrait'>\n\t\t\t\t<a href='https:\/\/schreinerei-vaeth.de\/privatkunden\/wp-content\/uploads\/sites\/4\/2017\/02\/Bild-002.jpg'><img loading=\"lazy\" decoding=\"async\" width=\"150\" height=\"150\" src=\"https:\/\/schreinerei-vaeth.de\/privatkunden\/wp-content\/uploads\/sites\/4\/2017\/02\/Bild-002-150x150.jpg\" class=\"attachment-thumbnail size-thumbnail\" alt=\"\" srcset=\"https:\/\/schreinerei-vaeth.de\/privatkunden\/wp-content\/uploads\/sites\/4\/2017\/02\/Bild-002-150x150.jpg 150w, https:\/\/schreinerei-vaeth.de\/privatkunden\/wp-content\/uploads\/sites\/4\/2017\/02\/Bild-002-45x45.jpg 45w\" sizes=\"(max-width: 150px) 100vw, 150px\" \/><\/a>\n\t\t\t<\/div><\/figure>\n\t\t<\/div>\n\n<\/div>\n<\/div><\/div><\/div><\/div><\/div>","protected":false},"excerpt":{"rendered":"<p>An einer Haust\u00fcr f\u00fchrt kein Weg vorbei. Sie sch\u00fctzt vor ungebetenen G\u00e4sten wie Einbrechern aber auch K\u00e4lte, N\u00e4sse, L\u00e4rm und Schmutz und nimmt Hausbewohner und G\u00e4ste freundlich in Empfang. Unsere Fenster und Haust\u00fcren passen sich<a class=\"read-more\" href=\"https:\/\/schreinerei-vaeth.de\/privatkunden\/haustueren-fenster\/\"><\/a><\/p>\n","protected":false},"author":1,"featured_media":0,"parent":0,"menu_order":0,"comment_status":"closed","ping_status":"closed","template":"page-templates\/page_fullwidth.php","meta":{"footnotes":""},"yoast_head":"<!-- This site is optimized with the Yoast SEO plugin v22.5 - https:\/\/yoast.com\/wordpress\/plugins\/seo\/ -->\n<title>Haust\u00fcren und Fenster - Schreinerei V\u00e4th in Esselbach<\/title>\n<meta name=\"description\" content=\"Unsere Haust\u00fcren und Fenster passen sich in Stil und Design Ihrem Geb\u00e4ude an, damit die Fassade ein harmonisches Ganzes ergibt.\" \/>\n<meta name=\"robots\" content=\"index, follow, max-snippet:-1, max-image-preview:large, max-video-preview:-1\" \/>\n<link rel=\"canonical\" href=\"https:\/\/schreinerei-vaeth.de\/privatkunden\/haustueren-fenster\/\" \/>\n<meta property=\"og:locale\" content=\"de_DE\" \/>\n<meta property=\"og:type\" content=\"article\" \/>\n<meta property=\"og:title\" content=\"Haust\u00fcren und Fenster - Schreinerei V\u00e4th in Esselbach\" \/>\n<meta property=\"og:description\" content=\"Unsere Haust\u00fcren und Fenster passen sich in Stil und Design Ihrem Geb\u00e4ude an, damit die Fassade ein harmonisches Ganzes ergibt.\" \/>\n<meta property=\"og:url\" content=\"https:\/\/schreinerei-vaeth.de\/privatkunden\/haustueren-fenster\/\" \/>\n<meta property=\"og:site_name\" content=\"Schreinerei V\u00e4th - Privatkunden\" \/>\n<meta property=\"article:modified_time\" content=\"2017-03-29T09:51:44+00:00\" \/>\n<meta property=\"og:image\" content=\"http:\/\/empathieweb.de\/klavae\/privatkunden\/wp-content\/uploads\/sites\/4\/2017\/02\/PICT4356.jpg\" \/>\n<meta name=\"twitter:card\" content=\"summary_large_image\" \/>\n<script type=\"application\/ld+json\" class=\"yoast-schema-graph\">{\"@context\":\"https:\/\/schema.org\",\"@graph\":[{\"@type\":\"WebPage\",\"@id\":\"https:\/\/schreinerei-vaeth.de\/privatkunden\/haustueren-fenster\/\",\"url\":\"https:\/\/schreinerei-vaeth.de\/privatkunden\/haustueren-fenster\/\",\"name\":\"Haust\u00fcren und Fenster - Schreinerei V\u00e4th in Esselbach\",\"isPartOf\":{\"@id\":\"https:\/\/schreinerei-vaeth.de\/privatkunden\/#website\"},\"primaryImageOfPage\":{\"@id\":\"https:\/\/schreinerei-vaeth.de\/privatkunden\/haustueren-fenster\/#primaryimage\"},\"image\":{\"@id\":\"https:\/\/schreinerei-vaeth.de\/privatkunden\/haustueren-fenster\/#primaryimage\"},\"thumbnailUrl\":\"http:\/\/empathieweb.de\/klavae\/privatkunden\/wp-content\/uploads\/sites\/4\/2017\/02\/PICT4356.jpg\",\"datePublished\":\"2017-02-02T14:46:04+00:00\",\"dateModified\":\"2017-03-29T09:51:44+00:00\",\"description\":\"Unsere Haust\u00fcren und Fenster passen sich in Stil und Design Ihrem Geb\u00e4ude an, damit die Fassade ein harmonisches Ganzes ergibt.\",\"breadcrumb\":{\"@id\":\"https:\/\/schreinerei-vaeth.de\/privatkunden\/haustueren-fenster\/#breadcrumb\"},\"inLanguage\":\"de\",\"potentialAction\":[{\"@type\":\"ReadAction\",\"target\":[\"https:\/\/schreinerei-vaeth.de\/privatkunden\/haustueren-fenster\/\"]}]},{\"@type\":\"ImageObject\",\"inLanguage\":\"de\",\"@id\":\"https:\/\/schreinerei-vaeth.de\/privatkunden\/haustueren-fenster\/#primaryimage\",\"url\":\"http:\/\/empathieweb.de\/klavae\/privatkunden\/wp-content\/uploads\/sites\/4\/2017\/02\/PICT4356.jpg\",\"contentUrl\":\"http:\/\/empathieweb.de\/klavae\/privatkunden\/wp-content\/uploads\/sites\/4\/2017\/02\/PICT4356.jpg\"},{\"@type\":\"BreadcrumbList\",\"@id\":\"https:\/\/schreinerei-vaeth.de\/privatkunden\/haustueren-fenster\/#breadcrumb\",\"itemListElement\":[{\"@type\":\"ListItem\",\"position\":1,\"name\":\"Startseite\",\"item\":\"https:\/\/schreinerei-vaeth.de\/privatkunden\/\"},{\"@type\":\"ListItem\",\"position\":2,\"name\":\"Haust\u00fcren &#038; Fenster\"}]},{\"@type\":\"WebSite\",\"@id\":\"https:\/\/schreinerei-vaeth.de\/privatkunden\/#website\",\"url\":\"https:\/\/schreinerei-vaeth.de\/privatkunden\/\",\"name\":\"Schreinerei V\u00e4th - Privatkunden\",\"description\":\"\",\"potentialAction\":[{\"@type\":\"SearchAction\",\"target\":{\"@type\":\"EntryPoint\",\"urlTemplate\":\"https:\/\/schreinerei-vaeth.de\/privatkunden\/?s={search_term_string}\"},\"query-input\":\"required name=search_term_string\"}],\"inLanguage\":\"de\"}]}<\/script>\n<!-- \/ Yoast SEO plugin. -->","yoast_head_json":{"title":"Haust\u00fcren und Fenster - Schreinerei V\u00e4th in Esselbach","description":"Unsere Haust\u00fcren und Fenster passen sich in Stil und Design Ihrem Geb\u00e4ude an, damit die Fassade ein harmonisches Ganzes ergibt.","robots":{"index":"index","follow":"follow","max-snippet":"max-snippet:-1","max-image-preview":"max-image-preview:large","max-video-preview":"max-video-preview:-1"},"canonical":"https:\/\/schreinerei-vaeth.de\/privatkunden\/haustueren-fenster\/","og_locale":"de_DE","og_type":"article","og_title":"Haust\u00fcren und Fenster - Schreinerei V\u00e4th in Esselbach","og_description":"Unsere Haust\u00fcren und Fenster passen sich in Stil und Design Ihrem Geb\u00e4ude an, damit die Fassade ein harmonisches Ganzes ergibt.","og_url":"https:\/\/schreinerei-vaeth.de\/privatkunden\/haustueren-fenster\/","og_site_name":"Schreinerei V\u00e4th - Privatkunden","article_modified_time":"2017-03-29T09:51:44+00:00","og_image":[{"url":"http:\/\/empathieweb.de\/klavae\/privatkunden\/wp-content\/uploads\/sites\/4\/2017\/02\/PICT4356.jpg"}],"twitter_card":"summary_large_image","schema":{"@context":"https:\/\/schema.org","@graph":[{"@type":"WebPage","@id":"https:\/\/schreinerei-vaeth.de\/privatkunden\/haustueren-fenster\/","url":"https:\/\/schreinerei-vaeth.de\/privatkunden\/haustueren-fenster\/","name":"Haust\u00fcren und Fenster - Schreinerei V\u00e4th in Esselbach","isPartOf":{"@id":"https:\/\/schreinerei-vaeth.de\/privatkunden\/#website"},"primaryImageOfPage":{"@id":"https:\/\/schreinerei-vaeth.de\/privatkunden\/haustueren-fenster\/#primaryimage"},"image":{"@id":"https:\/\/schreinerei-vaeth.de\/privatkunden\/haustueren-fenster\/#primaryimage"},"thumbnailUrl":"http:\/\/empathieweb.de\/klavae\/privatkunden\/wp-content\/uploads\/sites\/4\/2017\/02\/PICT4356.jpg","datePublished":"2017-02-02T14:46:04+00:00","dateModified":"2017-03-29T09:51:44+00:00","description":"Unsere Haust\u00fcren und Fenster passen sich in Stil und Design Ihrem Geb\u00e4ude an, damit die Fassade ein harmonisches Ganzes ergibt.","breadcrumb":{"@id":"https:\/\/schreinerei-vaeth.de\/privatkunden\/haustueren-fenster\/#breadcrumb"},"inLanguage":"de","potentialAction":[{"@type":"ReadAction","target":["https:\/\/schreinerei-vaeth.de\/privatkunden\/haustueren-fenster\/"]}]},{"@type":"ImageObject","inLanguage":"de","@id":"https:\/\/schreinerei-vaeth.de\/privatkunden\/haustueren-fenster\/#primaryimage","url":"http:\/\/empathieweb.de\/klavae\/privatkunden\/wp-content\/uploads\/sites\/4\/2017\/02\/PICT4356.jpg","contentUrl":"http:\/\/empathieweb.de\/klavae\/privatkunden\/wp-content\/uploads\/sites\/4\/2017\/02\/PICT4356.jpg"},{"@type":"BreadcrumbList","@id":"https:\/\/schreinerei-vaeth.de\/privatkunden\/haustueren-fenster\/#breadcrumb","itemListElement":[{"@type":"ListItem","position":1,"name":"Startseite","item":"https:\/\/schreinerei-vaeth.de\/privatkunden\/"},{"@type":"ListItem","position":2,"name":"Haust\u00fcren &#038; Fenster"}]},{"@type":"WebSite","@id":"https:\/\/schreinerei-vaeth.de\/privatkunden\/#website","url":"https:\/\/schreinerei-vaeth.de\/privatkunden\/","name":"Schreinerei V\u00e4th - Privatkunden","description":"","potentialAction":[{"@type":"SearchAction","target":{"@type":"EntryPoint","urlTemplate":"https:\/\/schreinerei-vaeth.de\/privatkunden\/?s={search_term_string}"},"query-input":"required name=search_term_string"}],"inLanguage":"de"}]}},"publishpress_future_action":{"enabled":false,"date":"2026-05-19 23:05:19","action":"change-status","newStatus":"draft","terms":[],"taxonomy":""},"_links":{"self":[{"href":"https:\/\/schreinerei-vaeth.de\/privatkunden\/wp-json\/wp\/v2\/pages\/1283"}],"collection":[{"href":"https:\/\/schreinerei-vaeth.de\/privatkunden\/wp-json\/wp\/v2\/pages"}],"about":[{"href":"https:\/\/schreinerei-vaeth.de\/privatkunden\/wp-json\/wp\/v2\/types\/page"}],"author":[{"embeddable":true,"href":"https:\/\/schreinerei-vaeth.de\/privatkunden\/wp-json\/wp\/v2\/users\/1"}],"replies":[{"embeddable":true,"href":"https:\/\/schreinerei-vaeth.de\/privatkunden\/wp-json\/wp\/v2\/comments?post=1283"}],"version-history":[{"count":7,"href":"https:\/\/schreinerei-vaeth.de\/privatkunden\/wp-json\/wp\/v2\/pages\/1283\/revisions"}],"predecessor-version":[{"id":1497,"href":"https:\/\/schreinerei-vaeth.de\/privatkunden\/wp-json\/wp\/v2\/pages\/1283\/revisions\/1497"}],"wp:attachment":[{"href":"https:\/\/schreinerei-vaeth.de\/privatkunden\/wp-json\/wp\/v2\/media?parent=1283"}],"curies":[{"name":"wp","href":"https:\/\/api.w.org\/{rel}","templated":true}]}}