{"id":1279,"date":"2017-02-02T15:44:44","date_gmt":"2017-02-02T14:44:44","guid":{"rendered":"http:\/\/empathieweb.de\/klavae\/privatkunden\/?page_id=1279"},"modified":"2017-03-29T12:21:15","modified_gmt":"2017-03-29T10:21:15","slug":"innentueren","status":"publish","type":"page","link":"https:\/\/schreinerei-vaeth.de\/privatkunden\/innentueren\/","title":{"rendered":"Innent\u00fcren"},"content":{"rendered":"<div id=\"pl-1279\"  class=\"panel-layout\" ><div id=\"pg-1279-0\"  class=\"panel-grid panel-has-style\" ><div class=\"panel-row-style panel-row-style-for-1279-0\" ><div id=\"pgc-1279-0-0\"  class=\"panel-grid-cell\" ><div id=\"panel-1279-0-0-0\" class=\"so-panel widget widget_sow-headline panel-first-child panel-last-child\" data-index=\"0\" ><div\n\t\t\t\n\t\t\tclass=\"so-widget-sow-headline so-widget-sow-headline-default-c65a4f13d044-1279\"\n\t\t\t\n\t\t><div class=\"sow-headline-container \">\n\t\t\t\t\t\t\t<h2 class=\"sow-headline\">\n\t\t\t\t\t\tInnent\u00fcren\t\t\t\t\t\t<\/h2>\n\t\t\t\t\t\t\t\t\t\t\t<div class=\"decoration\">\n\t\t\t\t\t\t<div class=\"decoration-inside\"><\/div>\n\t\t\t\t\t<\/div>\n\t\t\t\t\t<\/div>\n<\/div><\/div><\/div><\/div><\/div><div id=\"pg-1279-1\"  class=\"panel-grid panel-no-style\" ><div id=\"pgc-1279-1-0\"  class=\"panel-grid-cell\" ><div id=\"panel-1279-1-0-0\" class=\"so-panel widget widget_sow-editor panel-first-child panel-last-child\" data-index=\"1\" ><div\n\t\t\t\n\t\t\tclass=\"so-widget-sow-editor so-widget-sow-editor-base\"\n\t\t\t\n\t\t>\n<div class=\"siteorigin-widget-tinymce textwidget\">\n\t<p><a href=\"https:\/\/schreinerei-vaeth.de\/privatkunden\/wp-content\/uploads\/sites\/4\/2017\/02\/IMG-20170204-WA0005-1.jpg\"><img loading=\"lazy\" decoding=\"async\" class=\"alignnone wp-image-1493 size-full\" src=\"https:\/\/schreinerei-vaeth.de\/privatkunden\/wp-content\/uploads\/sites\/4\/2017\/02\/IMG-20170204-WA0005-1.jpg\" alt=\"Innent\u00fcren\" width=\"713\" height=\"950\" srcset=\"https:\/\/schreinerei-vaeth.de\/privatkunden\/wp-content\/uploads\/sites\/4\/2017\/02\/IMG-20170204-WA0005-1.jpg 713w, https:\/\/schreinerei-vaeth.de\/privatkunden\/wp-content\/uploads\/sites\/4\/2017\/02\/IMG-20170204-WA0005-1-225x300.jpg 225w, https:\/\/schreinerei-vaeth.de\/privatkunden\/wp-content\/uploads\/sites\/4\/2017\/02\/IMG-20170204-WA0005-1-600x799.jpg 600w, https:\/\/schreinerei-vaeth.de\/privatkunden\/wp-content\/uploads\/sites\/4\/2017\/02\/IMG-20170204-WA0005-1-520x693.jpg 520w, https:\/\/schreinerei-vaeth.de\/privatkunden\/wp-content\/uploads\/sites\/4\/2017\/02\/IMG-20170204-WA0005-1-285x380.jpg 285w, https:\/\/schreinerei-vaeth.de\/privatkunden\/wp-content\/uploads\/sites\/4\/2017\/02\/IMG-20170204-WA0005-1-250x333.jpg 250w\" sizes=\"(max-width: 713px) 100vw, 713px\" \/><\/a><\/p>\n<\/div>\n<\/div><\/div><\/div><div id=\"pgc-1279-1-1\"  class=\"panel-grid-cell\" ><div id=\"panel-1279-1-1-0\" class=\"so-panel widget widget_sow-editor panel-first-child panel-last-child\" data-index=\"2\" ><div\n\t\t\t\n\t\t\tclass=\"so-widget-sow-editor so-widget-sow-editor-base\"\n\t\t\t\n\t\t>\n<div class=\"siteorigin-widget-tinymce textwidget\">\n\t<p>T\u00fcren trennen und verbinden R\u00e4ume gleichzeitig. Sie k\u00f6nnen sich nahtlos ins Wohnkonzept einf\u00fcgen oder stilvolle Akzente setzen. Individuelle Formen und Holzarten als auch die von uns verwendete Materialien und meisterliche Verarbeitung schaffen langlebige Werte in Ihrem Haus.<\/p>\n<ul>\n<li>Kunststoffbeschichtungen und Echtholz<\/li>\n<li>Gro\u00dfe Auswahl an Schl\u00f6sser, Dr\u00fcckergarnituren und Verglasungen<\/li>\n<\/ul>\n<p><strong><em>Daf\u00fcr garantieren wir mit unserem guten Namen, Ihre Schreinerei V\u00e4th &amp; Team <\/em><\/strong><\/p>\n<p><strong><em>Terminvereinbarung f\u00fcr ein kostenfreies Erstgespr\u00e4ch:<br \/> Tel 09394\/2200, Mail <a href=\"mailto:info@schreinerei-vaeth.de\">info@schreinerei-vaeth.de<\/a><br \/> oder \u00fcber unser <a href=\"https:\/\/schreinerei-vaeth.de\/privatkunden\/kontakt\/\">Kontaktformular<\/a><\/em><\/strong><\/p>\n<\/div>\n<\/div><\/div><\/div><\/div><div id=\"pg-1279-2\"  class=\"panel-grid panel-no-style\" ><div id=\"pgc-1279-2-0\"  class=\"panel-grid-cell\" ><div id=\"panel-1279-2-0-0\" class=\"so-panel widget widget_sow-editor panel-first-child panel-last-child\" data-index=\"3\" ><div\n\t\t\t\n\t\t\tclass=\"so-widget-sow-editor so-widget-sow-editor-base\"\n\t\t\t\n\t\t>\n<div class=\"siteorigin-widget-tinymce textwidget\">\n\t<div id='gallery-1' class='gallery galleryid-1279 gallery-columns-5 gallery-size-thumbnail'><figure class='gallery-item'>\n\t\t\t<div class='gallery-icon portrait'>\n\t\t\t\t<a href='https:\/\/schreinerei-vaeth.de\/privatkunden\/wp-content\/uploads\/sites\/4\/2017\/02\/IMG_5805.jpg'><img loading=\"lazy\" decoding=\"async\" width=\"150\" height=\"150\" src=\"https:\/\/schreinerei-vaeth.de\/privatkunden\/wp-content\/uploads\/sites\/4\/2017\/02\/IMG_5805-150x150.jpg\" class=\"attachment-thumbnail size-thumbnail\" alt=\"Innnent\u00fcren\" srcset=\"https:\/\/schreinerei-vaeth.de\/privatkunden\/wp-content\/uploads\/sites\/4\/2017\/02\/IMG_5805-150x150.jpg 150w, https:\/\/schreinerei-vaeth.de\/privatkunden\/wp-content\/uploads\/sites\/4\/2017\/02\/IMG_5805-45x45.jpg 45w\" sizes=\"(max-width: 150px) 100vw, 150px\" \/><\/a>\n\t\t\t<\/div><\/figure><figure class='gallery-item'>\n\t\t\t<div class='gallery-icon portrait'>\n\t\t\t\t<a href='https:\/\/schreinerei-vaeth.de\/privatkunden\/wp-content\/uploads\/sites\/4\/2017\/02\/IMG-20170204-WA0005-1.jpg'><img loading=\"lazy\" decoding=\"async\" width=\"150\" height=\"150\" src=\"https:\/\/schreinerei-vaeth.de\/privatkunden\/wp-content\/uploads\/sites\/4\/2017\/02\/IMG-20170204-WA0005-1-150x150.jpg\" class=\"attachment-thumbnail size-thumbnail\" alt=\"Innnent\u00fcren\" srcset=\"https:\/\/schreinerei-vaeth.de\/privatkunden\/wp-content\/uploads\/sites\/4\/2017\/02\/IMG-20170204-WA0005-1-150x150.jpg 150w, https:\/\/schreinerei-vaeth.de\/privatkunden\/wp-content\/uploads\/sites\/4\/2017\/02\/IMG-20170204-WA0005-1-45x45.jpg 45w\" sizes=\"(max-width: 150px) 100vw, 150px\" \/><\/a>\n\t\t\t<\/div><\/figure><figure class='gallery-item'>\n\t\t\t<div class='gallery-icon portrait'>\n\t\t\t\t<a href='https:\/\/schreinerei-vaeth.de\/privatkunden\/wp-content\/uploads\/sites\/4\/2017\/02\/IMG_5770.jpg'><img loading=\"lazy\" decoding=\"async\" width=\"150\" height=\"150\" src=\"https:\/\/schreinerei-vaeth.de\/privatkunden\/wp-content\/uploads\/sites\/4\/2017\/02\/IMG_5770-150x150.jpg\" class=\"attachment-thumbnail size-thumbnail\" alt=\"Innnent\u00fcren\" srcset=\"https:\/\/schreinerei-vaeth.de\/privatkunden\/wp-content\/uploads\/sites\/4\/2017\/02\/IMG_5770-150x150.jpg 150w, https:\/\/schreinerei-vaeth.de\/privatkunden\/wp-content\/uploads\/sites\/4\/2017\/02\/IMG_5770-45x45.jpg 45w\" sizes=\"(max-width: 150px) 100vw, 150px\" \/><\/a>\n\t\t\t<\/div><\/figure><figure class='gallery-item'>\n\t\t\t<div class='gallery-icon portrait'>\n\t\t\t\t<a href='https:\/\/schreinerei-vaeth.de\/privatkunden\/wp-content\/uploads\/sites\/4\/2017\/02\/20141006_162005.jpg'><img loading=\"lazy\" decoding=\"async\" width=\"150\" height=\"150\" src=\"https:\/\/schreinerei-vaeth.de\/privatkunden\/wp-content\/uploads\/sites\/4\/2017\/02\/20141006_162005-150x150.jpg\" class=\"attachment-thumbnail size-thumbnail\" alt=\"Innnent\u00fcren\" srcset=\"https:\/\/schreinerei-vaeth.de\/privatkunden\/wp-content\/uploads\/sites\/4\/2017\/02\/20141006_162005-150x150.jpg 150w, https:\/\/schreinerei-vaeth.de\/privatkunden\/wp-content\/uploads\/sites\/4\/2017\/02\/20141006_162005-45x45.jpg 45w\" sizes=\"(max-width: 150px) 100vw, 150px\" \/><\/a>\n\t\t\t<\/div><\/figure>\n\t\t<\/div>\n\n<\/div>\n<\/div><\/div><\/div><\/div><\/div>","protected":false},"excerpt":{"rendered":"<p>T\u00fcren trennen und verbinden R\u00e4ume gleichzeitig. Sie k\u00f6nnen sich nahtlos ins Wohnkonzept einf\u00fcgen oder stilvolle Akzente setzen. Individuelle Formen und Holzarten als auch die von uns verwendete Materialien und meisterliche Verarbeitung schaffen langlebige Werte in<a class=\"read-more\" href=\"https:\/\/schreinerei-vaeth.de\/privatkunden\/innentueren\/\"><\/a><\/p>\n","protected":false},"author":1,"featured_media":0,"parent":0,"menu_order":0,"comment_status":"closed","ping_status":"closed","template":"page-templates\/page_fullwidth.php","meta":{"footnotes":""},"yoast_head":"<!-- This site is optimized with the Yoast SEO plugin v22.5 - https:\/\/yoast.com\/wordpress\/plugins\/seo\/ -->\n<title>Innent\u00fcren - Zimmert\u00fcren - Schreinerei V\u00e4th in Esselbach<\/title>\n<meta name=\"description\" content=\"Individuelle Formen und Holzarten als auch die von uns verwendete Materialien und meisterliche Verarbeitung f\u00fcr Ihre Innent\u00fcren schaffen langlebige Werte.\" \/>\n<meta name=\"robots\" content=\"index, follow, max-snippet:-1, max-image-preview:large, max-video-preview:-1\" \/>\n<link rel=\"canonical\" href=\"https:\/\/schreinerei-vaeth.de\/privatkunden\/innentueren\/\" \/>\n<meta property=\"og:locale\" content=\"de_DE\" \/>\n<meta property=\"og:type\" content=\"article\" \/>\n<meta property=\"og:title\" content=\"Innent\u00fcren - Zimmert\u00fcren - Schreinerei V\u00e4th in Esselbach\" \/>\n<meta property=\"og:description\" content=\"Individuelle Formen und Holzarten als auch die von uns verwendete Materialien und meisterliche Verarbeitung f\u00fcr Ihre Innent\u00fcren schaffen langlebige Werte.\" \/>\n<meta property=\"og:url\" content=\"https:\/\/schreinerei-vaeth.de\/privatkunden\/innentueren\/\" \/>\n<meta property=\"og:site_name\" content=\"Schreinerei V\u00e4th - Privatkunden\" \/>\n<meta property=\"article:modified_time\" content=\"2017-03-29T10:21:15+00:00\" \/>\n<meta property=\"og:image\" content=\"http:\/\/empathieweb.de\/klavae\/wp-content\/uploads\/2016\/09\/fotolia_127861733.jpg\" \/>\n<meta name=\"twitter:card\" content=\"summary_large_image\" \/>\n<script type=\"application\/ld+json\" class=\"yoast-schema-graph\">{\"@context\":\"https:\/\/schema.org\",\"@graph\":[{\"@type\":\"WebPage\",\"@id\":\"https:\/\/schreinerei-vaeth.de\/privatkunden\/innentueren\/\",\"url\":\"https:\/\/schreinerei-vaeth.de\/privatkunden\/innentueren\/\",\"name\":\"Innent\u00fcren - Zimmert\u00fcren - Schreinerei V\u00e4th in Esselbach\",\"isPartOf\":{\"@id\":\"https:\/\/schreinerei-vaeth.de\/privatkunden\/#website\"},\"primaryImageOfPage\":{\"@id\":\"https:\/\/schreinerei-vaeth.de\/privatkunden\/innentueren\/#primaryimage\"},\"image\":{\"@id\":\"https:\/\/schreinerei-vaeth.de\/privatkunden\/innentueren\/#primaryimage\"},\"thumbnailUrl\":\"http:\/\/empathieweb.de\/klavae\/wp-content\/uploads\/2016\/09\/fotolia_127861733.jpg\",\"datePublished\":\"2017-02-02T14:44:44+00:00\",\"dateModified\":\"2017-03-29T10:21:15+00:00\",\"description\":\"Individuelle Formen und Holzarten als auch die von uns verwendete Materialien und meisterliche Verarbeitung f\u00fcr Ihre Innent\u00fcren schaffen langlebige Werte.\",\"breadcrumb\":{\"@id\":\"https:\/\/schreinerei-vaeth.de\/privatkunden\/innentueren\/#breadcrumb\"},\"inLanguage\":\"de\",\"potentialAction\":[{\"@type\":\"ReadAction\",\"target\":[\"https:\/\/schreinerei-vaeth.de\/privatkunden\/innentueren\/\"]}]},{\"@type\":\"ImageObject\",\"inLanguage\":\"de\",\"@id\":\"https:\/\/schreinerei-vaeth.de\/privatkunden\/innentueren\/#primaryimage\",\"url\":\"http:\/\/empathieweb.de\/klavae\/wp-content\/uploads\/2016\/09\/fotolia_127861733.jpg\",\"contentUrl\":\"http:\/\/empathieweb.de\/klavae\/wp-content\/uploads\/2016\/09\/fotolia_127861733.jpg\"},{\"@type\":\"BreadcrumbList\",\"@id\":\"https:\/\/schreinerei-vaeth.de\/privatkunden\/innentueren\/#breadcrumb\",\"itemListElement\":[{\"@type\":\"ListItem\",\"position\":1,\"name\":\"Startseite\",\"item\":\"https:\/\/schreinerei-vaeth.de\/privatkunden\/\"},{\"@type\":\"ListItem\",\"position\":2,\"name\":\"Innent\u00fcren\"}]},{\"@type\":\"WebSite\",\"@id\":\"https:\/\/schreinerei-vaeth.de\/privatkunden\/#website\",\"url\":\"https:\/\/schreinerei-vaeth.de\/privatkunden\/\",\"name\":\"Schreinerei V\u00e4th - Privatkunden\",\"description\":\"\",\"potentialAction\":[{\"@type\":\"SearchAction\",\"target\":{\"@type\":\"EntryPoint\",\"urlTemplate\":\"https:\/\/schreinerei-vaeth.de\/privatkunden\/?s={search_term_string}\"},\"query-input\":\"required name=search_term_string\"}],\"inLanguage\":\"de\"}]}<\/script>\n<!-- \/ Yoast SEO plugin. -->","yoast_head_json":{"title":"Innent\u00fcren - Zimmert\u00fcren - Schreinerei V\u00e4th in Esselbach","description":"Individuelle Formen und Holzarten als auch die von uns verwendete Materialien und meisterliche Verarbeitung f\u00fcr Ihre Innent\u00fcren schaffen langlebige Werte.","robots":{"index":"index","follow":"follow","max-snippet":"max-snippet:-1","max-image-preview":"max-image-preview:large","max-video-preview":"max-video-preview:-1"},"canonical":"https:\/\/schreinerei-vaeth.de\/privatkunden\/innentueren\/","og_locale":"de_DE","og_type":"article","og_title":"Innent\u00fcren - Zimmert\u00fcren - Schreinerei V\u00e4th in Esselbach","og_description":"Individuelle Formen und Holzarten als auch die von uns verwendete Materialien und meisterliche Verarbeitung f\u00fcr Ihre Innent\u00fcren schaffen langlebige Werte.","og_url":"https:\/\/schreinerei-vaeth.de\/privatkunden\/innentueren\/","og_site_name":"Schreinerei V\u00e4th - Privatkunden","article_modified_time":"2017-03-29T10:21:15+00:00","og_image":[{"url":"http:\/\/empathieweb.de\/klavae\/wp-content\/uploads\/2016\/09\/fotolia_127861733.jpg"}],"twitter_card":"summary_large_image","schema":{"@context":"https:\/\/schema.org","@graph":[{"@type":"WebPage","@id":"https:\/\/schreinerei-vaeth.de\/privatkunden\/innentueren\/","url":"https:\/\/schreinerei-vaeth.de\/privatkunden\/innentueren\/","name":"Innent\u00fcren - Zimmert\u00fcren - Schreinerei V\u00e4th in Esselbach","isPartOf":{"@id":"https:\/\/schreinerei-vaeth.de\/privatkunden\/#website"},"primaryImageOfPage":{"@id":"https:\/\/schreinerei-vaeth.de\/privatkunden\/innentueren\/#primaryimage"},"image":{"@id":"https:\/\/schreinerei-vaeth.de\/privatkunden\/innentueren\/#primaryimage"},"thumbnailUrl":"http:\/\/empathieweb.de\/klavae\/wp-content\/uploads\/2016\/09\/fotolia_127861733.jpg","datePublished":"2017-02-02T14:44:44+00:00","dateModified":"2017-03-29T10:21:15+00:00","description":"Individuelle Formen und Holzarten als auch die von uns verwendete Materialien und meisterliche Verarbeitung f\u00fcr Ihre Innent\u00fcren schaffen langlebige Werte.","breadcrumb":{"@id":"https:\/\/schreinerei-vaeth.de\/privatkunden\/innentueren\/#breadcrumb"},"inLanguage":"de","potentialAction":[{"@type":"ReadAction","target":["https:\/\/schreinerei-vaeth.de\/privatkunden\/innentueren\/"]}]},{"@type":"ImageObject","inLanguage":"de","@id":"https:\/\/schreinerei-vaeth.de\/privatkunden\/innentueren\/#primaryimage","url":"http:\/\/empathieweb.de\/klavae\/wp-content\/uploads\/2016\/09\/fotolia_127861733.jpg","contentUrl":"http:\/\/empathieweb.de\/klavae\/wp-content\/uploads\/2016\/09\/fotolia_127861733.jpg"},{"@type":"BreadcrumbList","@id":"https:\/\/schreinerei-vaeth.de\/privatkunden\/innentueren\/#breadcrumb","itemListElement":[{"@type":"ListItem","position":1,"name":"Startseite","item":"https:\/\/schreinerei-vaeth.de\/privatkunden\/"},{"@type":"ListItem","position":2,"name":"Innent\u00fcren"}]},{"@type":"WebSite","@id":"https:\/\/schreinerei-vaeth.de\/privatkunden\/#website","url":"https:\/\/schreinerei-vaeth.de\/privatkunden\/","name":"Schreinerei V\u00e4th - Privatkunden","description":"","potentialAction":[{"@type":"SearchAction","target":{"@type":"EntryPoint","urlTemplate":"https:\/\/schreinerei-vaeth.de\/privatkunden\/?s={search_term_string}"},"query-input":"required name=search_term_string"}],"inLanguage":"de"}]}},"publishpress_future_action":{"enabled":false,"date":"2026-05-19 23:05:16","action":"change-status","newStatus":"draft","terms":[],"taxonomy":""},"_links":{"self":[{"href":"https:\/\/schreinerei-vaeth.de\/privatkunden\/wp-json\/wp\/v2\/pages\/1279"}],"collection":[{"href":"https:\/\/schreinerei-vaeth.de\/privatkunden\/wp-json\/wp\/v2\/pages"}],"about":[{"href":"https:\/\/schreinerei-vaeth.de\/privatkunden\/wp-json\/wp\/v2\/types\/page"}],"author":[{"embeddable":true,"href":"https:\/\/schreinerei-vaeth.de\/privatkunden\/wp-json\/wp\/v2\/users\/1"}],"replies":[{"embeddable":true,"href":"https:\/\/schreinerei-vaeth.de\/privatkunden\/wp-json\/wp\/v2\/comments?post=1279"}],"version-history":[{"count":4,"href":"https:\/\/schreinerei-vaeth.de\/privatkunden\/wp-json\/wp\/v2\/pages\/1279\/revisions"}],"predecessor-version":[{"id":1496,"href":"https:\/\/schreinerei-vaeth.de\/privatkunden\/wp-json\/wp\/v2\/pages\/1279\/revisions\/1496"}],"wp:attachment":[{"href":"https:\/\/schreinerei-vaeth.de\/privatkunden\/wp-json\/wp\/v2\/media?parent=1279"}],"curies":[{"name":"wp","href":"https:\/\/api.w.org\/{rel}","templated":true}]}}