{"id":1489,"date":"2017-03-24T11:56:24","date_gmt":"2017-03-24T10:56:24","guid":{"rendered":"https:\/\/schreinerei-vaeth.de\/objekteinrichtungen\/?page_id=1489"},"modified":"2017-03-24T11:59:19","modified_gmt":"2017-03-24T10:59:19","slug":"danke","status":"publish","type":"page","link":"https:\/\/schreinerei-vaeth.de\/objekteinrichtungen\/danke\/","title":{"rendered":"Danke"},"content":{"rendered":"<div id=\"pl-1489\"  class=\"panel-layout\" ><div id=\"pg-1489-0\"  class=\"panel-grid panel-has-style\" ><div class=\"panel-row-style panel-row-style-for-1489-0\" ><div id=\"pgc-1489-0-0\"  class=\"panel-grid-cell\" ><div id=\"panel-1489-0-0-0\" class=\"so-panel widget widget_sow-headline panel-first-child panel-last-child\" data-index=\"0\" ><div\n\t\t\t\n\t\t\tclass=\"so-widget-sow-headline so-widget-sow-headline-default-d7a9b205fb0c-1489\"\n\t\t\t\n\t\t><div class=\"sow-headline-container \">\n\t\t\t\t\t\t\t<h2 class=\"sow-headline\">\n\t\t\t\t\t\tDanke f\u00fcr Ihre Nachricht\t\t\t\t\t\t<\/h2>\n\t\t\t\t\t\t\t\t\t\t\t<div class=\"decoration\">\n\t\t\t\t\t\t<div class=\"decoration-inside\"><\/div>\n\t\t\t\t\t<\/div>\n\t\t\t\t\t<\/div>\n<\/div><\/div><\/div><\/div><\/div><div id=\"pg-1489-1\"  class=\"panel-grid panel-no-style\" ><div id=\"pgc-1489-1-0\"  class=\"panel-grid-cell\" ><div id=\"panel-1489-1-0-0\" class=\"so-panel widget widget_sow-editor panel-first-child panel-last-child\" data-index=\"1\" ><div\n\t\t\t\n\t\t\tclass=\"so-widget-sow-editor so-widget-sow-editor-base\"\n\t\t\t\n\t\t>\n<div class=\"siteorigin-widget-tinymce textwidget\">\n\t<p><img loading=\"lazy\" decoding=\"async\" class=\"alignnone size-full wp-image-1490\" src=\"https:\/\/schreinerei-vaeth.de\/objekteinrichtungen\/wp-content\/uploads\/sites\/5\/2017\/03\/danke.png\" alt=\"\" width=\"620\" height=\"228\" srcset=\"https:\/\/schreinerei-vaeth.de\/objekteinrichtungen\/wp-content\/uploads\/sites\/5\/2017\/03\/danke.png 620w, https:\/\/schreinerei-vaeth.de\/objekteinrichtungen\/wp-content\/uploads\/sites\/5\/2017\/03\/danke-300x110.png 300w, https:\/\/schreinerei-vaeth.de\/objekteinrichtungen\/wp-content\/uploads\/sites\/5\/2017\/03\/danke-600x221.png 600w, https:\/\/schreinerei-vaeth.de\/objekteinrichtungen\/wp-content\/uploads\/sites\/5\/2017\/03\/danke-520x191.png 520w, https:\/\/schreinerei-vaeth.de\/objekteinrichtungen\/wp-content\/uploads\/sites\/5\/2017\/03\/danke-250x92.png 250w\" sizes=\"(max-width: 620px) 100vw, 620px\" \/><\/p>\n<\/div>\n<\/div><\/div><\/div><div id=\"pgc-1489-1-1\"  class=\"panel-grid-cell\" ><div id=\"panel-1489-1-1-0\" class=\"so-panel widget widget_sow-editor panel-first-child panel-last-child\" data-index=\"2\" ><div\n\t\t\t\n\t\t\tclass=\"so-widget-sow-editor so-widget-sow-editor-base\"\n\t\t\t\n\t\t>\n<div class=\"siteorigin-widget-tinymce textwidget\">\n\t<p class=\"p1\"><span class=\"s1\">Wir bedanken uns f\u00fcr Ihre Anfrage und werden uns so schnell wie m\u00f6glich darum k\u00fcmmern!<\/span><\/p>\n<p class=\"p1\"><span class=\"s1\">Ihr Team der Schreinerei V\u00e4th<\/span><\/p>\n<p><strong><em>Terminvereinbarung f\u00fcr ein kostenfreies Erstgespr\u00e4ch:<br \/> Tel 09394\/2200, Mail <a href=\"mailto:info@schreinerei-vaeth.de\">info@schreinerei-vaeth.de<\/a><br \/> oder per <a href=\"https:\/\/schreinerei-vaeth.de\/objekteinrichtungen\/kontakt\/\">Kontaktformular<\/a><\/em><\/strong><\/p>\n<\/div>\n<\/div><\/div><\/div><\/div><\/div>","protected":false},"excerpt":{"rendered":"<p>Wir bedanken uns f\u00fcr Ihre Anfrage und werden uns so schnell wie m\u00f6glich darum k\u00fcmmern!Ihr Team der Schreinerei V\u00e4thTerminvereinbarung f\u00fcr ein kostenfreies Erstgespr\u00e4ch: Tel 09394\/2200, Mail info@schreinerei-vaeth.de oder per Kontaktformular<\/p>\n","protected":false},"author":1,"featured_media":0,"parent":0,"menu_order":0,"comment_status":"closed","ping_status":"closed","template":"page-templates\/page_fullwidth.php","meta":{"footnotes":""},"yoast_head":"<!-- This site is optimized with the Yoast SEO plugin v22.5 - https:\/\/yoast.com\/wordpress\/plugins\/seo\/ -->\n<title>Danke - Schreinerei V\u00e4th - Objekteinrichtungen<\/title>\n<meta name=\"robots\" content=\"index, follow, max-snippet:-1, max-image-preview:large, max-video-preview:-1\" \/>\n<link rel=\"canonical\" href=\"https:\/\/schreinerei-vaeth.de\/objekteinrichtungen\/danke\/\" \/>\n<meta property=\"og:locale\" content=\"de_DE\" \/>\n<meta property=\"og:type\" content=\"article\" \/>\n<meta property=\"og:title\" content=\"Danke - Schreinerei V\u00e4th - Objekteinrichtungen\" \/>\n<meta property=\"og:description\" content=\"Wir bedanken uns f\u00fcr Ihre Anfrage und werden uns so schnell wie m\u00f6glich darum k\u00fcmmern!Ihr Team der Schreinerei V\u00e4thTerminvereinbarung f\u00fcr ein kostenfreies Erstgespr\u00e4ch: Tel 09394\/2200, Mail info@schreinerei-vaeth.de oder per Kontaktformular\" \/>\n<meta property=\"og:url\" content=\"https:\/\/schreinerei-vaeth.de\/objekteinrichtungen\/danke\/\" \/>\n<meta property=\"og:site_name\" content=\"Schreinerei V\u00e4th - Objekteinrichtungen\" \/>\n<meta property=\"article:modified_time\" content=\"2017-03-24T10:59:19+00:00\" \/>\n<meta property=\"og:image\" content=\"https:\/\/schreinerei-vaeth.de\/objekteinrichtungen\/wp-content\/uploads\/sites\/5\/2017\/03\/danke.png\" \/>\n<meta name=\"twitter:card\" content=\"summary_large_image\" \/>\n<script type=\"application\/ld+json\" class=\"yoast-schema-graph\">{\"@context\":\"https:\/\/schema.org\",\"@graph\":[{\"@type\":\"WebPage\",\"@id\":\"https:\/\/schreinerei-vaeth.de\/objekteinrichtungen\/danke\/\",\"url\":\"https:\/\/schreinerei-vaeth.de\/objekteinrichtungen\/danke\/\",\"name\":\"Danke - Schreinerei V\u00e4th - Objekteinrichtungen\",\"isPartOf\":{\"@id\":\"https:\/\/schreinerei-vaeth.de\/objekteinrichtungen\/#website\"},\"primaryImageOfPage\":{\"@id\":\"https:\/\/schreinerei-vaeth.de\/objekteinrichtungen\/danke\/#primaryimage\"},\"image\":{\"@id\":\"https:\/\/schreinerei-vaeth.de\/objekteinrichtungen\/danke\/#primaryimage\"},\"thumbnailUrl\":\"https:\/\/schreinerei-vaeth.de\/objekteinrichtungen\/wp-content\/uploads\/sites\/5\/2017\/03\/danke.png\",\"datePublished\":\"2017-03-24T10:56:24+00:00\",\"dateModified\":\"2017-03-24T10:59:19+00:00\",\"breadcrumb\":{\"@id\":\"https:\/\/schreinerei-vaeth.de\/objekteinrichtungen\/danke\/#breadcrumb\"},\"inLanguage\":\"de\",\"potentialAction\":[{\"@type\":\"ReadAction\",\"target\":[\"https:\/\/schreinerei-vaeth.de\/objekteinrichtungen\/danke\/\"]}]},{\"@type\":\"ImageObject\",\"inLanguage\":\"de\",\"@id\":\"https:\/\/schreinerei-vaeth.de\/objekteinrichtungen\/danke\/#primaryimage\",\"url\":\"https:\/\/schreinerei-vaeth.de\/objekteinrichtungen\/wp-content\/uploads\/sites\/5\/2017\/03\/danke.png\",\"contentUrl\":\"https:\/\/schreinerei-vaeth.de\/objekteinrichtungen\/wp-content\/uploads\/sites\/5\/2017\/03\/danke.png\",\"width\":620,\"height\":228},{\"@type\":\"BreadcrumbList\",\"@id\":\"https:\/\/schreinerei-vaeth.de\/objekteinrichtungen\/danke\/#breadcrumb\",\"itemListElement\":[{\"@type\":\"ListItem\",\"position\":1,\"name\":\"Startseite\",\"item\":\"https:\/\/schreinerei-vaeth.de\/objekteinrichtungen\/\"},{\"@type\":\"ListItem\",\"position\":2,\"name\":\"Danke\"}]},{\"@type\":\"WebSite\",\"@id\":\"https:\/\/schreinerei-vaeth.de\/objekteinrichtungen\/#website\",\"url\":\"https:\/\/schreinerei-vaeth.de\/objekteinrichtungen\/\",\"name\":\"Schreinerei V\u00e4th - Objekteinrichtungen\",\"description\":\"\",\"potentialAction\":[{\"@type\":\"SearchAction\",\"target\":{\"@type\":\"EntryPoint\",\"urlTemplate\":\"https:\/\/schreinerei-vaeth.de\/objekteinrichtungen\/?s={search_term_string}\"},\"query-input\":\"required name=search_term_string\"}],\"inLanguage\":\"de\"}]}<\/script>\n<!-- \/ Yoast SEO plugin. -->","yoast_head_json":{"title":"Danke - Schreinerei V\u00e4th - Objekteinrichtungen","robots":{"index":"index","follow":"follow","max-snippet":"max-snippet:-1","max-image-preview":"max-image-preview:large","max-video-preview":"max-video-preview:-1"},"canonical":"https:\/\/schreinerei-vaeth.de\/objekteinrichtungen\/danke\/","og_locale":"de_DE","og_type":"article","og_title":"Danke - Schreinerei V\u00e4th - Objekteinrichtungen","og_description":"Wir bedanken uns f\u00fcr Ihre Anfrage und werden uns so schnell wie m\u00f6glich darum k\u00fcmmern!Ihr Team der Schreinerei V\u00e4thTerminvereinbarung f\u00fcr ein kostenfreies Erstgespr\u00e4ch: Tel 09394\/2200, Mail info@schreinerei-vaeth.de oder per Kontaktformular","og_url":"https:\/\/schreinerei-vaeth.de\/objekteinrichtungen\/danke\/","og_site_name":"Schreinerei V\u00e4th - Objekteinrichtungen","article_modified_time":"2017-03-24T10:59:19+00:00","og_image":[{"url":"https:\/\/schreinerei-vaeth.de\/objekteinrichtungen\/wp-content\/uploads\/sites\/5\/2017\/03\/danke.png"}],"twitter_card":"summary_large_image","schema":{"@context":"https:\/\/schema.org","@graph":[{"@type":"WebPage","@id":"https:\/\/schreinerei-vaeth.de\/objekteinrichtungen\/danke\/","url":"https:\/\/schreinerei-vaeth.de\/objekteinrichtungen\/danke\/","name":"Danke - Schreinerei V\u00e4th - Objekteinrichtungen","isPartOf":{"@id":"https:\/\/schreinerei-vaeth.de\/objekteinrichtungen\/#website"},"primaryImageOfPage":{"@id":"https:\/\/schreinerei-vaeth.de\/objekteinrichtungen\/danke\/#primaryimage"},"image":{"@id":"https:\/\/schreinerei-vaeth.de\/objekteinrichtungen\/danke\/#primaryimage"},"thumbnailUrl":"https:\/\/schreinerei-vaeth.de\/objekteinrichtungen\/wp-content\/uploads\/sites\/5\/2017\/03\/danke.png","datePublished":"2017-03-24T10:56:24+00:00","dateModified":"2017-03-24T10:59:19+00:00","breadcrumb":{"@id":"https:\/\/schreinerei-vaeth.de\/objekteinrichtungen\/danke\/#breadcrumb"},"inLanguage":"de","potentialAction":[{"@type":"ReadAction","target":["https:\/\/schreinerei-vaeth.de\/objekteinrichtungen\/danke\/"]}]},{"@type":"ImageObject","inLanguage":"de","@id":"https:\/\/schreinerei-vaeth.de\/objekteinrichtungen\/danke\/#primaryimage","url":"https:\/\/schreinerei-vaeth.de\/objekteinrichtungen\/wp-content\/uploads\/sites\/5\/2017\/03\/danke.png","contentUrl":"https:\/\/schreinerei-vaeth.de\/objekteinrichtungen\/wp-content\/uploads\/sites\/5\/2017\/03\/danke.png","width":620,"height":228},{"@type":"BreadcrumbList","@id":"https:\/\/schreinerei-vaeth.de\/objekteinrichtungen\/danke\/#breadcrumb","itemListElement":[{"@type":"ListItem","position":1,"name":"Startseite","item":"https:\/\/schreinerei-vaeth.de\/objekteinrichtungen\/"},{"@type":"ListItem","position":2,"name":"Danke"}]},{"@type":"WebSite","@id":"https:\/\/schreinerei-vaeth.de\/objekteinrichtungen\/#website","url":"https:\/\/schreinerei-vaeth.de\/objekteinrichtungen\/","name":"Schreinerei V\u00e4th - Objekteinrichtungen","description":"","potentialAction":[{"@type":"SearchAction","target":{"@type":"EntryPoint","urlTemplate":"https:\/\/schreinerei-vaeth.de\/objekteinrichtungen\/?s={search_term_string}"},"query-input":"required name=search_term_string"}],"inLanguage":"de"}]}},"publishpress_future_action":{"enabled":false,"date":"2026-04-15 05:34:20","action":"change-status","newStatus":"draft","terms":[],"taxonomy":""},"_links":{"self":[{"href":"https:\/\/schreinerei-vaeth.de\/objekteinrichtungen\/wp-json\/wp\/v2\/pages\/1489"}],"collection":[{"href":"https:\/\/schreinerei-vaeth.de\/objekteinrichtungen\/wp-json\/wp\/v2\/pages"}],"about":[{"href":"https:\/\/schreinerei-vaeth.de\/objekteinrichtungen\/wp-json\/wp\/v2\/types\/page"}],"author":[{"embeddable":true,"href":"https:\/\/schreinerei-vaeth.de\/objekteinrichtungen\/wp-json\/wp\/v2\/users\/1"}],"replies":[{"embeddable":true,"href":"https:\/\/schreinerei-vaeth.de\/objekteinrichtungen\/wp-json\/wp\/v2\/comments?post=1489"}],"version-history":[{"count":3,"href":"https:\/\/schreinerei-vaeth.de\/objekteinrichtungen\/wp-json\/wp\/v2\/pages\/1489\/revisions"}],"predecessor-version":[{"id":1493,"href":"https:\/\/schreinerei-vaeth.de\/objekteinrichtungen\/wp-json\/wp\/v2\/pages\/1489\/revisions\/1493"}],"wp:attachment":[{"href":"https:\/\/schreinerei-vaeth.de\/objekteinrichtungen\/wp-json\/wp\/v2\/media?parent=1489"}],"curies":[{"name":"wp","href":"https:\/\/api.w.org\/{rel}","templated":true}]}}