{"id":1424,"date":"2017-03-13T11:53:52","date_gmt":"2017-03-13T10:53:52","guid":{"rendered":"http:\/\/empathieweb.de\/klavae\/objekteinrichtungen\/?page_id=1424"},"modified":"2017-03-24T10:05:01","modified_gmt":"2017-03-24T09:05:01","slug":"partner","status":"publish","type":"page","link":"https:\/\/schreinerei-vaeth.de\/objekteinrichtungen\/partner\/","title":{"rendered":"Partner"},"content":{"rendered":"<div id=\"pl-1424\"  class=\"panel-layout\" ><div id=\"pg-1424-0\"  class=\"panel-grid panel-has-style\" ><div class=\"panel-row-style panel-row-style-for-1424-0\" ><div id=\"pgc-1424-0-0\"  class=\"panel-grid-cell\" ><div id=\"panel-1424-0-0-0\" class=\"so-panel widget widget_sow-headline panel-first-child panel-last-child\" data-index=\"0\" ><div\n\t\t\t\n\t\t\tclass=\"so-widget-sow-headline so-widget-sow-headline-default-d7a9b205fb0c-1424\"\n\t\t\t\n\t\t><div class=\"sow-headline-container \">\n\t\t\t\t\t\t\t<h2 class=\"sow-headline\">\n\t\t\t\t\t\tUnsere Partner\t\t\t\t\t\t<\/h2>\n\t\t\t\t\t\t\t\t\t\t\t<div class=\"decoration\">\n\t\t\t\t\t\t<div class=\"decoration-inside\"><\/div>\n\t\t\t\t\t<\/div>\n\t\t\t\t\t<\/div>\n<\/div><\/div><\/div><\/div><\/div><div id=\"pg-1424-1\"  class=\"panel-grid panel-no-style\" ><div id=\"pgc-1424-1-0\"  class=\"panel-grid-cell\" ><div id=\"panel-1424-1-0-0\" class=\"so-panel widget widget_sow-editor panel-first-child panel-last-child\" data-index=\"1\" ><div\n\t\t\t\n\t\t\tclass=\"so-widget-sow-editor so-widget-sow-editor-base\"\n\t\t\t\n\t\t>\n<div class=\"siteorigin-widget-tinymce textwidget\">\n\t<p><img loading=\"lazy\" decoding=\"async\" class=\"alignnone wp-image-1425\" src=\"http:\/\/empathieweb.de\/klavae\/objekteinrichtungen\/wp-content\/uploads\/sites\/5\/2017\/03\/partner-with-us.jpg\" alt=\"\" width=\"600\" height=\"386\" srcset=\"https:\/\/schreinerei-vaeth.de\/objekteinrichtungen\/wp-content\/uploads\/sites\/5\/2017\/03\/partner-with-us.jpg 1929w, https:\/\/schreinerei-vaeth.de\/objekteinrichtungen\/wp-content\/uploads\/sites\/5\/2017\/03\/partner-with-us-300x193.jpg 300w, https:\/\/schreinerei-vaeth.de\/objekteinrichtungen\/wp-content\/uploads\/sites\/5\/2017\/03\/partner-with-us-768x494.jpg 768w, https:\/\/schreinerei-vaeth.de\/objekteinrichtungen\/wp-content\/uploads\/sites\/5\/2017\/03\/partner-with-us-1024x658.jpg 1024w, https:\/\/schreinerei-vaeth.de\/objekteinrichtungen\/wp-content\/uploads\/sites\/5\/2017\/03\/partner-with-us-600x386.jpg 600w, https:\/\/schreinerei-vaeth.de\/objekteinrichtungen\/wp-content\/uploads\/sites\/5\/2017\/03\/partner-with-us-520x334.jpg 520w, https:\/\/schreinerei-vaeth.de\/objekteinrichtungen\/wp-content\/uploads\/sites\/5\/2017\/03\/partner-with-us-740x476.jpg 740w, https:\/\/schreinerei-vaeth.de\/objekteinrichtungen\/wp-content\/uploads\/sites\/5\/2017\/03\/partner-with-us-591x380.jpg 591w, https:\/\/schreinerei-vaeth.de\/objekteinrichtungen\/wp-content\/uploads\/sites\/5\/2017\/03\/partner-with-us-250x161.jpg 250w\" sizes=\"(max-width: 600px) 100vw, 600px\" \/><\/p>\n<\/div>\n<\/div><\/div><\/div><div id=\"pgc-1424-1-1\"  class=\"panel-grid-cell\" ><div id=\"panel-1424-1-1-0\" class=\"so-panel widget widget_sow-editor panel-first-child panel-last-child\" data-index=\"2\" ><div\n\t\t\t\n\t\t\tclass=\"so-widget-sow-editor so-widget-sow-editor-base\"\n\t\t\t\n\t\t>\n<div class=\"siteorigin-widget-tinymce textwidget\">\n\t<p><strong>Interessenvertretung:<\/strong><\/p>\n<ul>\n<li><a href=\"https:\/\/www.hwk-ufr.de\/\" target=\"_blank\">Handwerkskammer Unterfranken<\/a> <\/li>\n<\/ul>\n<p><strong>Firmen:<\/strong><\/p>\n<ul>\n<li><a href=\"http:\/\/spenglerei-seitz.de\/\" target=\"_blank\">Ludwig Seitz, Flaschnerei - Spenglerei<\/a><\/li>\n<li>Malerbetrieb Stahl GmbH &amp; Co. KG<\/li>\n<li><a href=\"http:\/\/hofa-elektro.de\/\" target=\"_blank\">Hofa-Elektro GmbH<\/a><\/li>\n<li>Malerbetrieb Rexroth<\/li>\n<\/ul>\n<p><strong>Lieferanten:<\/strong><\/p>\n<ul>\n<li><a href=\"http:\/\/www.sundo.de\/\" target=\"_blank\">Sundo<\/a><\/li>\n<li><a href=\"http:\/\/jordan-holz.de\/\" target=\"_blank\">W. &amp; L. Jordan GmbH<\/a><\/li>\n<li><a href=\"http:\/\/www.weku.de\/\" target=\"_blank\">Weku Fenster - T\u00fcren<\/a><\/li>\n<li><a href=\"https:\/\/eshop.wuerth.de\/de\/DE\/EUR\/\" target=\"_blank\">Adolf W\u00fcrth GmbH &amp; Co. KG<\/a><\/li>\n<li><a href=\"https:\/\/www.hettich.com\/de_DE\/startseite.html\" target=\"_blank\">Hettich Holding GmbH &amp; Co. oHG<\/a><\/li>\n<li><a href=\"https:\/\/www.gebhardt-bauzentrum.de\/\" target=\"_blank\">Gebhardt Bauzentrum<\/a><\/li>\n<li><a href=\"https:\/\/www.haefele.de\/de\/\" target=\"_blank\">H\u00e4fele GmbH &amp; Co KG<\/a><\/li>\n<li>Kirchg\u00e4\u00dfner Fenster- und Baubeschl\u00e4ge e.K.<\/li>\n<li><a href=\"https:\/\/warema.de\/PRIVATKUNDEN\/index.php\" target=\"_blank\">Warema<\/a><\/li>\n<li><a href=\"http:\/\/glas-dreisbusch.de\/\" target=\"_blank\">Glas Dreisbusch<\/a><\/li>\n<li><a href=\"http:\/\/www.carlgoetz.de\/\" target=\"_blank\">Carl G\u00f6tz<\/a><\/li>\n<\/ul>\n<p>\u00a0<\/p>\n<p>\u00a0<\/p>\n<\/div>\n<\/div><\/div><\/div><\/div><\/div>","protected":false},"excerpt":{"rendered":"<p>Interessenvertretung:Handwerkskammer Unterfranken Firmen:Ludwig Seitz, Flaschnerei &#8211; SpenglereiMalerbetrieb Stahl GmbH &amp; Co. KGHofa-Elektro GmbHMalerbetrieb RexrothLieferanten:SundoW. &amp; L. Jordan GmbHWeku Fenster &#8211; T\u00fcrenAdolf W\u00fcrth GmbH &amp; Co. KGHettich Holding GmbH &amp; Co. oHGGebhardt BauzentrumH\u00e4fele GmbH &amp; Co<a class=\"read-more\" href=\"https:\/\/schreinerei-vaeth.de\/objekteinrichtungen\/partner\/\"><\/a><\/p>\n","protected":false},"author":1,"featured_media":0,"parent":0,"menu_order":0,"comment_status":"closed","ping_status":"closed","template":"page-templates\/page_fullwidth.php","meta":{"footnotes":""},"yoast_head":"<!-- This site is optimized with the Yoast SEO plugin v22.5 - https:\/\/yoast.com\/wordpress\/plugins\/seo\/ -->\n<title>Partner - Schreinerei V\u00e4th - Objekteinrichtungen<\/title>\n<meta name=\"robots\" content=\"index, follow, max-snippet:-1, max-image-preview:large, max-video-preview:-1\" \/>\n<link rel=\"canonical\" href=\"https:\/\/schreinerei-vaeth.de\/objekteinrichtungen\/partner\/\" \/>\n<meta property=\"og:locale\" content=\"de_DE\" \/>\n<meta property=\"og:type\" content=\"article\" \/>\n<meta property=\"og:title\" content=\"Partner - Schreinerei V\u00e4th - Objekteinrichtungen\" \/>\n<meta property=\"og:description\" content=\"Interessenvertretung:Handwerkskammer Unterfranken Firmen:Ludwig Seitz, Flaschnerei - SpenglereiMalerbetrieb Stahl GmbH &amp; Co. KGHofa-Elektro GmbHMalerbetrieb RexrothLieferanten:SundoW. &amp; L. Jordan GmbHWeku Fenster - T\u00fcrenAdolf W\u00fcrth GmbH &amp; Co. KGHettich Holding GmbH &amp; Co. oHGGebhardt BauzentrumH\u00e4fele GmbH &amp; Co\" \/>\n<meta property=\"og:url\" content=\"https:\/\/schreinerei-vaeth.de\/objekteinrichtungen\/partner\/\" \/>\n<meta property=\"og:site_name\" content=\"Schreinerei V\u00e4th - Objekteinrichtungen\" \/>\n<meta property=\"article:modified_time\" content=\"2017-03-24T09:05:01+00:00\" \/>\n<meta property=\"og:image\" content=\"http:\/\/empathieweb.de\/klavae\/objekteinrichtungen\/wp-content\/uploads\/sites\/5\/2017\/03\/partner-with-us.jpg\" \/>\n<meta name=\"twitter:card\" content=\"summary_large_image\" \/>\n<script type=\"application\/ld+json\" class=\"yoast-schema-graph\">{\"@context\":\"https:\/\/schema.org\",\"@graph\":[{\"@type\":\"WebPage\",\"@id\":\"https:\/\/schreinerei-vaeth.de\/objekteinrichtungen\/partner\/\",\"url\":\"https:\/\/schreinerei-vaeth.de\/objekteinrichtungen\/partner\/\",\"name\":\"Partner - Schreinerei V\u00e4th - Objekteinrichtungen\",\"isPartOf\":{\"@id\":\"https:\/\/schreinerei-vaeth.de\/objekteinrichtungen\/#website\"},\"primaryImageOfPage\":{\"@id\":\"https:\/\/schreinerei-vaeth.de\/objekteinrichtungen\/partner\/#primaryimage\"},\"image\":{\"@id\":\"https:\/\/schreinerei-vaeth.de\/objekteinrichtungen\/partner\/#primaryimage\"},\"thumbnailUrl\":\"http:\/\/empathieweb.de\/klavae\/objekteinrichtungen\/wp-content\/uploads\/sites\/5\/2017\/03\/partner-with-us.jpg\",\"datePublished\":\"2017-03-13T10:53:52+00:00\",\"dateModified\":\"2017-03-24T09:05:01+00:00\",\"breadcrumb\":{\"@id\":\"https:\/\/schreinerei-vaeth.de\/objekteinrichtungen\/partner\/#breadcrumb\"},\"inLanguage\":\"de\",\"potentialAction\":[{\"@type\":\"ReadAction\",\"target\":[\"https:\/\/schreinerei-vaeth.de\/objekteinrichtungen\/partner\/\"]}]},{\"@type\":\"ImageObject\",\"inLanguage\":\"de\",\"@id\":\"https:\/\/schreinerei-vaeth.de\/objekteinrichtungen\/partner\/#primaryimage\",\"url\":\"http:\/\/empathieweb.de\/klavae\/objekteinrichtungen\/wp-content\/uploads\/sites\/5\/2017\/03\/partner-with-us.jpg\",\"contentUrl\":\"http:\/\/empathieweb.de\/klavae\/objekteinrichtungen\/wp-content\/uploads\/sites\/5\/2017\/03\/partner-with-us.jpg\"},{\"@type\":\"BreadcrumbList\",\"@id\":\"https:\/\/schreinerei-vaeth.de\/objekteinrichtungen\/partner\/#breadcrumb\",\"itemListElement\":[{\"@type\":\"ListItem\",\"position\":1,\"name\":\"Startseite\",\"item\":\"https:\/\/schreinerei-vaeth.de\/objekteinrichtungen\/\"},{\"@type\":\"ListItem\",\"position\":2,\"name\":\"Partner\"}]},{\"@type\":\"WebSite\",\"@id\":\"https:\/\/schreinerei-vaeth.de\/objekteinrichtungen\/#website\",\"url\":\"https:\/\/schreinerei-vaeth.de\/objekteinrichtungen\/\",\"name\":\"Schreinerei V\u00e4th - Objekteinrichtungen\",\"description\":\"\",\"potentialAction\":[{\"@type\":\"SearchAction\",\"target\":{\"@type\":\"EntryPoint\",\"urlTemplate\":\"https:\/\/schreinerei-vaeth.de\/objekteinrichtungen\/?s={search_term_string}\"},\"query-input\":\"required name=search_term_string\"}],\"inLanguage\":\"de\"}]}<\/script>\n<!-- \/ Yoast SEO plugin. -->","yoast_head_json":{"title":"Partner - Schreinerei V\u00e4th - Objekteinrichtungen","robots":{"index":"index","follow":"follow","max-snippet":"max-snippet:-1","max-image-preview":"max-image-preview:large","max-video-preview":"max-video-preview:-1"},"canonical":"https:\/\/schreinerei-vaeth.de\/objekteinrichtungen\/partner\/","og_locale":"de_DE","og_type":"article","og_title":"Partner - Schreinerei V\u00e4th - Objekteinrichtungen","og_description":"Interessenvertretung:Handwerkskammer Unterfranken Firmen:Ludwig Seitz, Flaschnerei - SpenglereiMalerbetrieb Stahl GmbH &amp; Co. KGHofa-Elektro GmbHMalerbetrieb RexrothLieferanten:SundoW. &amp; L. Jordan GmbHWeku Fenster - T\u00fcrenAdolf W\u00fcrth GmbH &amp; Co. KGHettich Holding GmbH &amp; Co. oHGGebhardt BauzentrumH\u00e4fele GmbH &amp; Co","og_url":"https:\/\/schreinerei-vaeth.de\/objekteinrichtungen\/partner\/","og_site_name":"Schreinerei V\u00e4th - Objekteinrichtungen","article_modified_time":"2017-03-24T09:05:01+00:00","og_image":[{"url":"http:\/\/empathieweb.de\/klavae\/objekteinrichtungen\/wp-content\/uploads\/sites\/5\/2017\/03\/partner-with-us.jpg"}],"twitter_card":"summary_large_image","schema":{"@context":"https:\/\/schema.org","@graph":[{"@type":"WebPage","@id":"https:\/\/schreinerei-vaeth.de\/objekteinrichtungen\/partner\/","url":"https:\/\/schreinerei-vaeth.de\/objekteinrichtungen\/partner\/","name":"Partner - Schreinerei V\u00e4th - Objekteinrichtungen","isPartOf":{"@id":"https:\/\/schreinerei-vaeth.de\/objekteinrichtungen\/#website"},"primaryImageOfPage":{"@id":"https:\/\/schreinerei-vaeth.de\/objekteinrichtungen\/partner\/#primaryimage"},"image":{"@id":"https:\/\/schreinerei-vaeth.de\/objekteinrichtungen\/partner\/#primaryimage"},"thumbnailUrl":"http:\/\/empathieweb.de\/klavae\/objekteinrichtungen\/wp-content\/uploads\/sites\/5\/2017\/03\/partner-with-us.jpg","datePublished":"2017-03-13T10:53:52+00:00","dateModified":"2017-03-24T09:05:01+00:00","breadcrumb":{"@id":"https:\/\/schreinerei-vaeth.de\/objekteinrichtungen\/partner\/#breadcrumb"},"inLanguage":"de","potentialAction":[{"@type":"ReadAction","target":["https:\/\/schreinerei-vaeth.de\/objekteinrichtungen\/partner\/"]}]},{"@type":"ImageObject","inLanguage":"de","@id":"https:\/\/schreinerei-vaeth.de\/objekteinrichtungen\/partner\/#primaryimage","url":"http:\/\/empathieweb.de\/klavae\/objekteinrichtungen\/wp-content\/uploads\/sites\/5\/2017\/03\/partner-with-us.jpg","contentUrl":"http:\/\/empathieweb.de\/klavae\/objekteinrichtungen\/wp-content\/uploads\/sites\/5\/2017\/03\/partner-with-us.jpg"},{"@type":"BreadcrumbList","@id":"https:\/\/schreinerei-vaeth.de\/objekteinrichtungen\/partner\/#breadcrumb","itemListElement":[{"@type":"ListItem","position":1,"name":"Startseite","item":"https:\/\/schreinerei-vaeth.de\/objekteinrichtungen\/"},{"@type":"ListItem","position":2,"name":"Partner"}]},{"@type":"WebSite","@id":"https:\/\/schreinerei-vaeth.de\/objekteinrichtungen\/#website","url":"https:\/\/schreinerei-vaeth.de\/objekteinrichtungen\/","name":"Schreinerei V\u00e4th - Objekteinrichtungen","description":"","potentialAction":[{"@type":"SearchAction","target":{"@type":"EntryPoint","urlTemplate":"https:\/\/schreinerei-vaeth.de\/objekteinrichtungen\/?s={search_term_string}"},"query-input":"required name=search_term_string"}],"inLanguage":"de"}]}},"publishpress_future_action":{"enabled":false,"date":"2026-05-19 22:35:36","action":"change-status","newStatus":"draft","terms":[],"taxonomy":""},"_links":{"self":[{"href":"https:\/\/schreinerei-vaeth.de\/objekteinrichtungen\/wp-json\/wp\/v2\/pages\/1424"}],"collection":[{"href":"https:\/\/schreinerei-vaeth.de\/objekteinrichtungen\/wp-json\/wp\/v2\/pages"}],"about":[{"href":"https:\/\/schreinerei-vaeth.de\/objekteinrichtungen\/wp-json\/wp\/v2\/types\/page"}],"author":[{"embeddable":true,"href":"https:\/\/schreinerei-vaeth.de\/objekteinrichtungen\/wp-json\/wp\/v2\/users\/1"}],"replies":[{"embeddable":true,"href":"https:\/\/schreinerei-vaeth.de\/objekteinrichtungen\/wp-json\/wp\/v2\/comments?post=1424"}],"version-history":[{"count":2,"href":"https:\/\/schreinerei-vaeth.de\/objekteinrichtungen\/wp-json\/wp\/v2\/pages\/1424\/revisions"}],"predecessor-version":[{"id":1482,"href":"https:\/\/schreinerei-vaeth.de\/objekteinrichtungen\/wp-json\/wp\/v2\/pages\/1424\/revisions\/1482"}],"wp:attachment":[{"href":"https:\/\/schreinerei-vaeth.de\/objekteinrichtungen\/wp-json\/wp\/v2\/media?parent=1424"}],"curies":[{"name":"wp","href":"https:\/\/api.w.org\/{rel}","templated":true}]}}