{"id":1284,"date":"2017-02-09T11:12:25","date_gmt":"2017-02-09T10:12:25","guid":{"rendered":"http:\/\/empathieweb.de\/klavae\/objekteinrichtungen\/?page_id=1284"},"modified":"2017-04-04T15:29:06","modified_gmt":"2017-04-04T13:29:06","slug":"mobile-trennwaende","status":"publish","type":"page","link":"https:\/\/schreinerei-vaeth.de\/objekteinrichtungen\/mobile-trennwaende\/","title":{"rendered":"Mobile Trennw\u00e4nde"},"content":{"rendered":"<div id=\"pl-1284\"  class=\"panel-layout\" ><div id=\"pg-1284-0\"  class=\"panel-grid panel-has-style\" ><div class=\"panel-row-style panel-row-style-for-1284-0\" ><div id=\"pgc-1284-0-0\"  class=\"panel-grid-cell\" ><div id=\"panel-1284-0-0-0\" class=\"so-panel widget widget_sow-headline panel-first-child panel-last-child\" data-index=\"0\" ><div\n\t\t\t\n\t\t\tclass=\"so-widget-sow-headline so-widget-sow-headline-default-c65a4f13d044-1284\"\n\t\t\t\n\t\t><div class=\"sow-headline-container \">\n\t\t\t\t\t\t\t<h2 class=\"sow-headline\">\n\t\t\t\t\t\tMobile Trennw\u00e4nde\t\t\t\t\t\t<\/h2>\n\t\t\t\t\t\t\t\t\t\t\t<div class=\"decoration\">\n\t\t\t\t\t\t<div class=\"decoration-inside\"><\/div>\n\t\t\t\t\t<\/div>\n\t\t\t\t\t<\/div>\n<\/div><\/div><\/div><\/div><\/div><div id=\"pg-1284-1\"  class=\"panel-grid panel-no-style\" ><div id=\"pgc-1284-1-0\"  class=\"panel-grid-cell\" ><div id=\"panel-1284-1-0-0\" class=\"so-panel widget widget_sow-editor panel-first-child panel-last-child\" data-index=\"1\" ><div\n\t\t\t\n\t\t\tclass=\"so-widget-sow-editor so-widget-sow-editor-base\"\n\t\t\t\n\t\t>\n<div class=\"siteorigin-widget-tinymce textwidget\">\n\t<p><a href=\"https:\/\/schreinerei-vaeth.de\/objekteinrichtungen\/wp-content\/uploads\/sites\/5\/2017\/02\/140610_rp_design2000_10.jpg\"><img loading=\"lazy\" decoding=\"async\" class=\"alignnone wp-image-1333 size-full\" src=\"https:\/\/schreinerei-vaeth.de\/objekteinrichtungen\/wp-content\/uploads\/sites\/5\/2017\/02\/140610_rp_design2000_10.jpg\" alt=\"\" width=\"980\" height=\"500\" srcset=\"https:\/\/schreinerei-vaeth.de\/objekteinrichtungen\/wp-content\/uploads\/sites\/5\/2017\/02\/140610_rp_design2000_10.jpg 980w, https:\/\/schreinerei-vaeth.de\/objekteinrichtungen\/wp-content\/uploads\/sites\/5\/2017\/02\/140610_rp_design2000_10-300x153.jpg 300w, https:\/\/schreinerei-vaeth.de\/objekteinrichtungen\/wp-content\/uploads\/sites\/5\/2017\/02\/140610_rp_design2000_10-768x392.jpg 768w, https:\/\/schreinerei-vaeth.de\/objekteinrichtungen\/wp-content\/uploads\/sites\/5\/2017\/02\/140610_rp_design2000_10-600x306.jpg 600w, https:\/\/schreinerei-vaeth.de\/objekteinrichtungen\/wp-content\/uploads\/sites\/5\/2017\/02\/140610_rp_design2000_10-520x265.jpg 520w, https:\/\/schreinerei-vaeth.de\/objekteinrichtungen\/wp-content\/uploads\/sites\/5\/2017\/02\/140610_rp_design2000_10-740x378.jpg 740w, https:\/\/schreinerei-vaeth.de\/objekteinrichtungen\/wp-content\/uploads\/sites\/5\/2017\/02\/140610_rp_design2000_10-720x367.jpg 720w, https:\/\/schreinerei-vaeth.de\/objekteinrichtungen\/wp-content\/uploads\/sites\/5\/2017\/02\/140610_rp_design2000_10-250x128.jpg 250w\" sizes=\"(max-width: 980px) 100vw, 980px\" \/><\/a><\/p>\n<p><a href=\"https:\/\/schreinerei-vaeth.de\/objekteinrichtungen\/wp-content\/uploads\/sites\/5\/2017\/02\/140610_rp_glazing_07.jpg\"><img loading=\"lazy\" decoding=\"async\" class=\"alignnone wp-image-1338 size-full\" src=\"https:\/\/schreinerei-vaeth.de\/objekteinrichtungen\/wp-content\/uploads\/sites\/5\/2017\/02\/140610_rp_glazing_07.jpg\" alt=\"\" width=\"980\" height=\"500\" srcset=\"https:\/\/schreinerei-vaeth.de\/objekteinrichtungen\/wp-content\/uploads\/sites\/5\/2017\/02\/140610_rp_glazing_07.jpg 980w, https:\/\/schreinerei-vaeth.de\/objekteinrichtungen\/wp-content\/uploads\/sites\/5\/2017\/02\/140610_rp_glazing_07-300x153.jpg 300w, https:\/\/schreinerei-vaeth.de\/objekteinrichtungen\/wp-content\/uploads\/sites\/5\/2017\/02\/140610_rp_glazing_07-768x392.jpg 768w, https:\/\/schreinerei-vaeth.de\/objekteinrichtungen\/wp-content\/uploads\/sites\/5\/2017\/02\/140610_rp_glazing_07-600x306.jpg 600w, https:\/\/schreinerei-vaeth.de\/objekteinrichtungen\/wp-content\/uploads\/sites\/5\/2017\/02\/140610_rp_glazing_07-520x265.jpg 520w, https:\/\/schreinerei-vaeth.de\/objekteinrichtungen\/wp-content\/uploads\/sites\/5\/2017\/02\/140610_rp_glazing_07-740x378.jpg 740w, https:\/\/schreinerei-vaeth.de\/objekteinrichtungen\/wp-content\/uploads\/sites\/5\/2017\/02\/140610_rp_glazing_07-720x367.jpg 720w, https:\/\/schreinerei-vaeth.de\/objekteinrichtungen\/wp-content\/uploads\/sites\/5\/2017\/02\/140610_rp_glazing_07-250x128.jpg 250w\" sizes=\"(max-width: 980px) 100vw, 980px\" \/><\/a><\/p>\n<p><a href=\"https:\/\/schreinerei-vaeth.de\/objekteinrichtungen\/wp-content\/uploads\/sites\/5\/2017\/02\/140610_rp_design2000_08.jpg\"><img loading=\"lazy\" decoding=\"async\" class=\"alignnone wp-image-1332 size-full\" src=\"https:\/\/schreinerei-vaeth.de\/objekteinrichtungen\/wp-content\/uploads\/sites\/5\/2017\/02\/140610_rp_design2000_08.jpg\" alt=\"\" width=\"980\" height=\"500\" srcset=\"https:\/\/schreinerei-vaeth.de\/objekteinrichtungen\/wp-content\/uploads\/sites\/5\/2017\/02\/140610_rp_design2000_08.jpg 980w, https:\/\/schreinerei-vaeth.de\/objekteinrichtungen\/wp-content\/uploads\/sites\/5\/2017\/02\/140610_rp_design2000_08-300x153.jpg 300w, https:\/\/schreinerei-vaeth.de\/objekteinrichtungen\/wp-content\/uploads\/sites\/5\/2017\/02\/140610_rp_design2000_08-768x392.jpg 768w, https:\/\/schreinerei-vaeth.de\/objekteinrichtungen\/wp-content\/uploads\/sites\/5\/2017\/02\/140610_rp_design2000_08-600x306.jpg 600w, https:\/\/schreinerei-vaeth.de\/objekteinrichtungen\/wp-content\/uploads\/sites\/5\/2017\/02\/140610_rp_design2000_08-520x265.jpg 520w, https:\/\/schreinerei-vaeth.de\/objekteinrichtungen\/wp-content\/uploads\/sites\/5\/2017\/02\/140610_rp_design2000_08-740x378.jpg 740w, https:\/\/schreinerei-vaeth.de\/objekteinrichtungen\/wp-content\/uploads\/sites\/5\/2017\/02\/140610_rp_design2000_08-720x367.jpg 720w, https:\/\/schreinerei-vaeth.de\/objekteinrichtungen\/wp-content\/uploads\/sites\/5\/2017\/02\/140610_rp_design2000_08-250x128.jpg 250w\" sizes=\"(max-width: 980px) 100vw, 980px\" \/><\/a><\/p>\n<p><a href=\"https:\/\/schreinerei-vaeth.de\/objekteinrichtungen\/wp-content\/uploads\/sites\/5\/2017\/02\/140610_rp_glazing_03.jpg\"><img loading=\"lazy\" decoding=\"async\" class=\"alignnone wp-image-1336 size-full\" src=\"https:\/\/schreinerei-vaeth.de\/objekteinrichtungen\/wp-content\/uploads\/sites\/5\/2017\/02\/140610_rp_glazing_03.jpg\" alt=\"\" width=\"980\" height=\"500\" srcset=\"https:\/\/schreinerei-vaeth.de\/objekteinrichtungen\/wp-content\/uploads\/sites\/5\/2017\/02\/140610_rp_glazing_03.jpg 980w, https:\/\/schreinerei-vaeth.de\/objekteinrichtungen\/wp-content\/uploads\/sites\/5\/2017\/02\/140610_rp_glazing_03-300x153.jpg 300w, https:\/\/schreinerei-vaeth.de\/objekteinrichtungen\/wp-content\/uploads\/sites\/5\/2017\/02\/140610_rp_glazing_03-768x392.jpg 768w, https:\/\/schreinerei-vaeth.de\/objekteinrichtungen\/wp-content\/uploads\/sites\/5\/2017\/02\/140610_rp_glazing_03-600x306.jpg 600w, https:\/\/schreinerei-vaeth.de\/objekteinrichtungen\/wp-content\/uploads\/sites\/5\/2017\/02\/140610_rp_glazing_03-520x265.jpg 520w, https:\/\/schreinerei-vaeth.de\/objekteinrichtungen\/wp-content\/uploads\/sites\/5\/2017\/02\/140610_rp_glazing_03-740x378.jpg 740w, https:\/\/schreinerei-vaeth.de\/objekteinrichtungen\/wp-content\/uploads\/sites\/5\/2017\/02\/140610_rp_glazing_03-720x367.jpg 720w, https:\/\/schreinerei-vaeth.de\/objekteinrichtungen\/wp-content\/uploads\/sites\/5\/2017\/02\/140610_rp_glazing_03-250x128.jpg 250w\" sizes=\"(max-width: 980px) 100vw, 980px\" \/><\/a><\/p>\n<\/div>\n<\/div><\/div><\/div><div id=\"pgc-1284-1-1\"  class=\"panel-grid-cell\" ><div id=\"panel-1284-1-1-0\" class=\"so-panel widget widget_sow-editor panel-first-child panel-last-child\" data-index=\"2\" ><div\n\t\t\t\n\t\t\tclass=\"so-widget-sow-editor so-widget-sow-editor-base\"\n\t\t\t\n\t\t>\n<div class=\"siteorigin-widget-tinymce textwidget\">\n\t<p><strong>Was spricht f\u00fcr unsere mobile Trennwandsysteme:<\/strong><\/p>\n<ul>\n<li>Hohe Schalld\u00e4mmeigenschaften<\/li>\n<li>Einzelelemente in Deckenschiene verfahrbar<\/li>\n<li>Keine Bodenf\u00fchrung sowie Verriegelung notwendig<\/li>\n<li>Alu-Systembauweise<\/li>\n<li>Oberfl\u00e4chenbeschaffenheit, Qualit\u00e4t und Dekore nach Ihren W\u00fcnschen:<br \/> Melaminharzbeschichtet<br \/> HPL-Schichtstoffe<br \/> Funktionaloberfl\u00e4chen<br \/> Schallabsorber<br \/> uvm.<\/li>\n<li>Mechanische und elektrische Bedienm\u00f6glichkeiten<\/li>\n<li>Kombinationen mit Glaselementen und T\u00fcrelementen m\u00f6glich.<\/li>\n<\/ul>\n<p><strong>Was spricht f\u00fcr unsere mobile Glaswandtrennsysteme:<\/strong><\/p>\n<ul>\n<li>Ganzglasoptik<\/li>\n<li>keine Umfassungsprofile oder sichtbare Verschraubungen<\/li>\n<li>schalldichte Verglasung<\/li>\n<li>Dichtungen sind manuell oder\u00a0elektrisch bedienbar<\/li>\n<li>Teleskophub am Element<\/li>\n<li>Kompatibel mit allen Mobilwandtypen von Design 2000<\/li>\n<li>Einbau von innenliegenden\u00a0Jalousien m\u00f6glich<\/li>\n<li>T\u00fcrelemente opak in glasoptik m\u00f6glich<\/li>\n<li>ESG Glas in verschiedenen St\u00e4rken<\/li>\n<li>Rand mit Siebdruck hinterlegt,\u00a0RAL nach Wahl<\/li>\n<li>Gl\u00e4ser sind freischwingend\u00a0eingeh\u00e4ngt und problemlos austauschbar<\/li>\n<li>keine Bodenf\u00fchrung<\/li>\n<li>Ein-Punkt, oder Zwei-Punkt\u00a0Elementaufh\u00e4ngung.<\/li>\n<\/ul>\n<p>Wir sind uns sicher, dass wir Ihnen zu jeder Herausforderung eine praktikable L\u00f6sung anbieten k\u00f6nnen.<\/p>\n<p><strong><em>Daf\u00fcr garantieren wir mit unserem guten Namen, Ihre Schreinerei V\u00e4th &amp; Team <\/em><\/strong><\/p>\n<p><strong><em>Terminvereinbarung f\u00fcr ein kostenfreies Erstgespr\u00e4ch:<br \/> Tel 09394\/2200, Mail <a href=\"mailto:info@schreinerei-vaeth.de\">info@schreinerei-vaeth.de<\/a><br \/> oder per <a href=\"https:\/\/schreinerei-vaeth.de\/objekteinrichtungen\/kontakt\/\">Kontaktformular<\/a><\/em><\/strong><\/p>\n<\/div>\n<\/div><\/div><\/div><\/div><div id=\"pg-1284-2\"  class=\"panel-grid panel-no-style\" ><div id=\"pgc-1284-2-0\"  class=\"panel-grid-cell\" ><div id=\"panel-1284-2-0-0\" class=\"so-panel widget widget_sow-editor panel-first-child panel-last-child\" data-index=\"3\" ><div\n\t\t\t\n\t\t\tclass=\"so-widget-sow-editor so-widget-sow-editor-base\"\n\t\t\t\n\t\t>\n<div class=\"siteorigin-widget-tinymce textwidget\">\n\t<div id='gallery-1' class='gallery galleryid-1284 gallery-columns-5 gallery-size-thumbnail'><figure class='gallery-item'>\n\t\t\t<div class='gallery-icon landscape'>\n\t\t\t\t<a href='https:\/\/schreinerei-vaeth.de\/objekteinrichtungen\/wp-content\/uploads\/sites\/5\/2017\/02\/140610_rp_glazing_07.jpg'><img loading=\"lazy\" decoding=\"async\" width=\"150\" height=\"150\" src=\"https:\/\/schreinerei-vaeth.de\/objekteinrichtungen\/wp-content\/uploads\/sites\/5\/2017\/02\/140610_rp_glazing_07-150x150.jpg\" class=\"attachment-thumbnail size-thumbnail\" alt=\"\" srcset=\"https:\/\/schreinerei-vaeth.de\/objekteinrichtungen\/wp-content\/uploads\/sites\/5\/2017\/02\/140610_rp_glazing_07-150x150.jpg 150w, https:\/\/schreinerei-vaeth.de\/objekteinrichtungen\/wp-content\/uploads\/sites\/5\/2017\/02\/140610_rp_glazing_07-45x45.jpg 45w\" sizes=\"(max-width: 150px) 100vw, 150px\" \/><\/a>\n\t\t\t<\/div><\/figure><figure class='gallery-item'>\n\t\t\t<div class='gallery-icon landscape'>\n\t\t\t\t<a href='https:\/\/schreinerei-vaeth.de\/objekteinrichtungen\/wp-content\/uploads\/sites\/5\/2017\/02\/140610_rp_glazing_04.jpg'><img loading=\"lazy\" decoding=\"async\" width=\"150\" height=\"150\" src=\"https:\/\/schreinerei-vaeth.de\/objekteinrichtungen\/wp-content\/uploads\/sites\/5\/2017\/02\/140610_rp_glazing_04-150x150.jpg\" class=\"attachment-thumbnail size-thumbnail\" alt=\"\" srcset=\"https:\/\/schreinerei-vaeth.de\/objekteinrichtungen\/wp-content\/uploads\/sites\/5\/2017\/02\/140610_rp_glazing_04-150x150.jpg 150w, https:\/\/schreinerei-vaeth.de\/objekteinrichtungen\/wp-content\/uploads\/sites\/5\/2017\/02\/140610_rp_glazing_04-45x45.jpg 45w\" sizes=\"(max-width: 150px) 100vw, 150px\" \/><\/a>\n\t\t\t<\/div><\/figure><figure class='gallery-item'>\n\t\t\t<div class='gallery-icon landscape'>\n\t\t\t\t<a href='https:\/\/schreinerei-vaeth.de\/objekteinrichtungen\/wp-content\/uploads\/sites\/5\/2017\/02\/140610_rp_glazing_03.jpg'><img loading=\"lazy\" decoding=\"async\" width=\"150\" height=\"150\" src=\"https:\/\/schreinerei-vaeth.de\/objekteinrichtungen\/wp-content\/uploads\/sites\/5\/2017\/02\/140610_rp_glazing_03-150x150.jpg\" class=\"attachment-thumbnail size-thumbnail\" alt=\"\" srcset=\"https:\/\/schreinerei-vaeth.de\/objekteinrichtungen\/wp-content\/uploads\/sites\/5\/2017\/02\/140610_rp_glazing_03-150x150.jpg 150w, https:\/\/schreinerei-vaeth.de\/objekteinrichtungen\/wp-content\/uploads\/sites\/5\/2017\/02\/140610_rp_glazing_03-45x45.jpg 45w\" sizes=\"(max-width: 150px) 100vw, 150px\" \/><\/a>\n\t\t\t<\/div><\/figure><figure class='gallery-item'>\n\t\t\t<div class='gallery-icon landscape'>\n\t\t\t\t<a href='https:\/\/schreinerei-vaeth.de\/objekteinrichtungen\/wp-content\/uploads\/sites\/5\/2017\/02\/140610_rp_glazing_01.jpg'><img loading=\"lazy\" decoding=\"async\" width=\"150\" height=\"150\" src=\"https:\/\/schreinerei-vaeth.de\/objekteinrichtungen\/wp-content\/uploads\/sites\/5\/2017\/02\/140610_rp_glazing_01-150x150.jpg\" class=\"attachment-thumbnail size-thumbnail\" alt=\"\" srcset=\"https:\/\/schreinerei-vaeth.de\/objekteinrichtungen\/wp-content\/uploads\/sites\/5\/2017\/02\/140610_rp_glazing_01-150x150.jpg 150w, https:\/\/schreinerei-vaeth.de\/objekteinrichtungen\/wp-content\/uploads\/sites\/5\/2017\/02\/140610_rp_glazing_01-45x45.jpg 45w\" sizes=\"(max-width: 150px) 100vw, 150px\" \/><\/a>\n\t\t\t<\/div><\/figure><figure class='gallery-item'>\n\t\t\t<div class='gallery-icon landscape'>\n\t\t\t\t<a href='https:\/\/schreinerei-vaeth.de\/objekteinrichtungen\/wp-content\/uploads\/sites\/5\/2017\/02\/150309_rp_design2000_21.jpg'><img loading=\"lazy\" decoding=\"async\" width=\"150\" height=\"150\" src=\"https:\/\/schreinerei-vaeth.de\/objekteinrichtungen\/wp-content\/uploads\/sites\/5\/2017\/02\/150309_rp_design2000_21-150x150.jpg\" class=\"attachment-thumbnail size-thumbnail\" alt=\"\" srcset=\"https:\/\/schreinerei-vaeth.de\/objekteinrichtungen\/wp-content\/uploads\/sites\/5\/2017\/02\/150309_rp_design2000_21-150x150.jpg 150w, https:\/\/schreinerei-vaeth.de\/objekteinrichtungen\/wp-content\/uploads\/sites\/5\/2017\/02\/150309_rp_design2000_21-45x45.jpg 45w\" sizes=\"(max-width: 150px) 100vw, 150px\" \/><\/a>\n\t\t\t<\/div><\/figure><figure class='gallery-item'>\n\t\t\t<div class='gallery-icon landscape'>\n\t\t\t\t<a href='https:\/\/schreinerei-vaeth.de\/objekteinrichtungen\/wp-content\/uploads\/sites\/5\/2017\/02\/140610_rp_design2000_10.jpg'><img loading=\"lazy\" decoding=\"async\" width=\"150\" height=\"150\" src=\"https:\/\/schreinerei-vaeth.de\/objekteinrichtungen\/wp-content\/uploads\/sites\/5\/2017\/02\/140610_rp_design2000_10-150x150.jpg\" class=\"attachment-thumbnail size-thumbnail\" alt=\"\" srcset=\"https:\/\/schreinerei-vaeth.de\/objekteinrichtungen\/wp-content\/uploads\/sites\/5\/2017\/02\/140610_rp_design2000_10-150x150.jpg 150w, https:\/\/schreinerei-vaeth.de\/objekteinrichtungen\/wp-content\/uploads\/sites\/5\/2017\/02\/140610_rp_design2000_10-45x45.jpg 45w\" sizes=\"(max-width: 150px) 100vw, 150px\" \/><\/a>\n\t\t\t<\/div><\/figure><figure class='gallery-item'>\n\t\t\t<div class='gallery-icon landscape'>\n\t\t\t\t<a href='https:\/\/schreinerei-vaeth.de\/objekteinrichtungen\/wp-content\/uploads\/sites\/5\/2017\/02\/140610_rp_design2000_08.jpg'><img loading=\"lazy\" decoding=\"async\" width=\"150\" height=\"150\" src=\"https:\/\/schreinerei-vaeth.de\/objekteinrichtungen\/wp-content\/uploads\/sites\/5\/2017\/02\/140610_rp_design2000_08-150x150.jpg\" class=\"attachment-thumbnail size-thumbnail\" alt=\"\" srcset=\"https:\/\/schreinerei-vaeth.de\/objekteinrichtungen\/wp-content\/uploads\/sites\/5\/2017\/02\/140610_rp_design2000_08-150x150.jpg 150w, https:\/\/schreinerei-vaeth.de\/objekteinrichtungen\/wp-content\/uploads\/sites\/5\/2017\/02\/140610_rp_design2000_08-45x45.jpg 45w\" sizes=\"(max-width: 150px) 100vw, 150px\" \/><\/a>\n\t\t\t<\/div><\/figure><figure class='gallery-item'>\n\t\t\t<div class='gallery-icon landscape'>\n\t\t\t\t<a href='https:\/\/schreinerei-vaeth.de\/objekteinrichtungen\/wp-content\/uploads\/sites\/5\/2017\/02\/140610_rp_design2000_05.jpg'><img loading=\"lazy\" decoding=\"async\" width=\"150\" height=\"150\" src=\"https:\/\/schreinerei-vaeth.de\/objekteinrichtungen\/wp-content\/uploads\/sites\/5\/2017\/02\/140610_rp_design2000_05-150x150.jpg\" class=\"attachment-thumbnail size-thumbnail\" alt=\"\" srcset=\"https:\/\/schreinerei-vaeth.de\/objekteinrichtungen\/wp-content\/uploads\/sites\/5\/2017\/02\/140610_rp_design2000_05-150x150.jpg 150w, https:\/\/schreinerei-vaeth.de\/objekteinrichtungen\/wp-content\/uploads\/sites\/5\/2017\/02\/140610_rp_design2000_05-45x45.jpg 45w\" sizes=\"(max-width: 150px) 100vw, 150px\" \/><\/a>\n\t\t\t<\/div><\/figure>\n\t\t<\/div>\n\n<\/div>\n<\/div><\/div><\/div><\/div><\/div>","protected":false},"excerpt":{"rendered":"<p>Was spricht f\u00fcr unsere mobile Trennwandsysteme:Hohe Schalld\u00e4mmeigenschaftenEinzelelemente in Deckenschiene verfahrbarKeine Bodenf\u00fchrung sowie Verriegelung notwendigAlu-SystembauweiseOberfl\u00e4chenbeschaffenheit, Qualit\u00e4t und Dekore nach Ihren W\u00fcnschen: Melaminharzbeschichtet HPL-Schichtstoffe Funktionaloberfl\u00e4chen Schallabsorber uvm.Mechanische und elektrische Bedienm\u00f6glichkeitenKombinationen mit Glaselementen und T\u00fcrelementen m\u00f6glich.Was spricht f\u00fcr<a class=\"read-more\" href=\"https:\/\/schreinerei-vaeth.de\/objekteinrichtungen\/mobile-trennwaende\/\"><\/a><\/p>\n","protected":false},"author":1,"featured_media":0,"parent":0,"menu_order":0,"comment_status":"closed","ping_status":"closed","template":"page-templates\/page_fullwidth.php","meta":{"footnotes":""},"yoast_head":"<!-- This site is optimized with the Yoast SEO plugin v22.5 - https:\/\/yoast.com\/wordpress\/plugins\/seo\/ -->\n<title>Mobile Trennw\u00e4nde, Glastrennw\u00e4nde, Trennwandysteme, Schreinerei V\u00e4th<\/title>\n<meta name=\"description\" content=\"Mobile Trennw\u00e4nde ben\u00f6tigen keine Bodenf\u00fchrung, Einzelelemente sind verfahrbar &amp; Oberfl\u00e4chenbeschaffenheit, Qualit\u00e4t sowie Dekor nach Ihren W\u00fcnschen m\u00f6glich\" \/>\n<meta name=\"robots\" content=\"index, follow, max-snippet:-1, max-image-preview:large, max-video-preview:-1\" \/>\n<link rel=\"canonical\" href=\"https:\/\/schreinerei-vaeth.de\/objekteinrichtungen\/mobile-trennwaende\/\" \/>\n<meta property=\"og:locale\" content=\"de_DE\" \/>\n<meta property=\"og:type\" content=\"article\" \/>\n<meta property=\"og:title\" content=\"Mobile Trennw\u00e4nde, Glastrennw\u00e4nde, Trennwandysteme, Schreinerei V\u00e4th\" \/>\n<meta property=\"og:description\" content=\"Mobile Trennw\u00e4nde ben\u00f6tigen keine Bodenf\u00fchrung, Einzelelemente sind verfahrbar &amp; Oberfl\u00e4chenbeschaffenheit, Qualit\u00e4t sowie Dekor nach Ihren W\u00fcnschen m\u00f6glich\" \/>\n<meta property=\"og:url\" content=\"https:\/\/schreinerei-vaeth.de\/objekteinrichtungen\/mobile-trennwaende\/\" \/>\n<meta property=\"og:site_name\" content=\"Schreinerei V\u00e4th - Objekteinrichtungen\" \/>\n<meta property=\"article:modified_time\" content=\"2017-04-04T13:29:06+00:00\" \/>\n<meta property=\"og:image\" content=\"https:\/\/schreinerei-vaeth.de\/objekteinrichtungen\/wp-content\/uploads\/sites\/5\/2017\/02\/140610_rp_design2000_10.jpg\" \/>\n<meta name=\"twitter:card\" content=\"summary_large_image\" \/>\n<meta name=\"twitter:label1\" content=\"Gesch\u00e4tzte Lesezeit\" \/>\n\t<meta name=\"twitter:data1\" content=\"1\u00a0Minute\" \/>\n<script type=\"application\/ld+json\" class=\"yoast-schema-graph\">{\"@context\":\"https:\/\/schema.org\",\"@graph\":[{\"@type\":\"WebPage\",\"@id\":\"https:\/\/schreinerei-vaeth.de\/objekteinrichtungen\/mobile-trennwaende\/\",\"url\":\"https:\/\/schreinerei-vaeth.de\/objekteinrichtungen\/mobile-trennwaende\/\",\"name\":\"Mobile Trennw\u00e4nde, Glastrennw\u00e4nde, Trennwandysteme, Schreinerei V\u00e4th\",\"isPartOf\":{\"@id\":\"https:\/\/schreinerei-vaeth.de\/objekteinrichtungen\/#website\"},\"primaryImageOfPage\":{\"@id\":\"https:\/\/schreinerei-vaeth.de\/objekteinrichtungen\/mobile-trennwaende\/#primaryimage\"},\"image\":{\"@id\":\"https:\/\/schreinerei-vaeth.de\/objekteinrichtungen\/mobile-trennwaende\/#primaryimage\"},\"thumbnailUrl\":\"https:\/\/schreinerei-vaeth.de\/objekteinrichtungen\/wp-content\/uploads\/sites\/5\/2017\/02\/140610_rp_design2000_10.jpg\",\"datePublished\":\"2017-02-09T10:12:25+00:00\",\"dateModified\":\"2017-04-04T13:29:06+00:00\",\"description\":\"Mobile Trennw\u00e4nde ben\u00f6tigen keine Bodenf\u00fchrung, Einzelelemente sind verfahrbar & Oberfl\u00e4chenbeschaffenheit, Qualit\u00e4t sowie Dekor nach Ihren W\u00fcnschen m\u00f6glich\",\"breadcrumb\":{\"@id\":\"https:\/\/schreinerei-vaeth.de\/objekteinrichtungen\/mobile-trennwaende\/#breadcrumb\"},\"inLanguage\":\"de\",\"potentialAction\":[{\"@type\":\"ReadAction\",\"target\":[\"https:\/\/schreinerei-vaeth.de\/objekteinrichtungen\/mobile-trennwaende\/\"]}]},{\"@type\":\"ImageObject\",\"inLanguage\":\"de\",\"@id\":\"https:\/\/schreinerei-vaeth.de\/objekteinrichtungen\/mobile-trennwaende\/#primaryimage\",\"url\":\"https:\/\/schreinerei-vaeth.de\/objekteinrichtungen\/wp-content\/uploads\/sites\/5\/2017\/02\/140610_rp_design2000_10.jpg\",\"contentUrl\":\"https:\/\/schreinerei-vaeth.de\/objekteinrichtungen\/wp-content\/uploads\/sites\/5\/2017\/02\/140610_rp_design2000_10.jpg\",\"width\":980,\"height\":500},{\"@type\":\"BreadcrumbList\",\"@id\":\"https:\/\/schreinerei-vaeth.de\/objekteinrichtungen\/mobile-trennwaende\/#breadcrumb\",\"itemListElement\":[{\"@type\":\"ListItem\",\"position\":1,\"name\":\"Startseite\",\"item\":\"https:\/\/schreinerei-vaeth.de\/objekteinrichtungen\/\"},{\"@type\":\"ListItem\",\"position\":2,\"name\":\"Mobile Trennw\u00e4nde\"}]},{\"@type\":\"WebSite\",\"@id\":\"https:\/\/schreinerei-vaeth.de\/objekteinrichtungen\/#website\",\"url\":\"https:\/\/schreinerei-vaeth.de\/objekteinrichtungen\/\",\"name\":\"Schreinerei V\u00e4th - Objekteinrichtungen\",\"description\":\"\",\"potentialAction\":[{\"@type\":\"SearchAction\",\"target\":{\"@type\":\"EntryPoint\",\"urlTemplate\":\"https:\/\/schreinerei-vaeth.de\/objekteinrichtungen\/?s={search_term_string}\"},\"query-input\":\"required name=search_term_string\"}],\"inLanguage\":\"de\"}]}<\/script>\n<!-- \/ Yoast SEO plugin. -->","yoast_head_json":{"title":"Mobile Trennw\u00e4nde, Glastrennw\u00e4nde, Trennwandysteme, Schreinerei V\u00e4th","description":"Mobile Trennw\u00e4nde ben\u00f6tigen keine Bodenf\u00fchrung, Einzelelemente sind verfahrbar & Oberfl\u00e4chenbeschaffenheit, Qualit\u00e4t sowie Dekor nach Ihren W\u00fcnschen m\u00f6glich","robots":{"index":"index","follow":"follow","max-snippet":"max-snippet:-1","max-image-preview":"max-image-preview:large","max-video-preview":"max-video-preview:-1"},"canonical":"https:\/\/schreinerei-vaeth.de\/objekteinrichtungen\/mobile-trennwaende\/","og_locale":"de_DE","og_type":"article","og_title":"Mobile Trennw\u00e4nde, Glastrennw\u00e4nde, Trennwandysteme, Schreinerei V\u00e4th","og_description":"Mobile Trennw\u00e4nde ben\u00f6tigen keine Bodenf\u00fchrung, Einzelelemente sind verfahrbar & Oberfl\u00e4chenbeschaffenheit, Qualit\u00e4t sowie Dekor nach Ihren W\u00fcnschen m\u00f6glich","og_url":"https:\/\/schreinerei-vaeth.de\/objekteinrichtungen\/mobile-trennwaende\/","og_site_name":"Schreinerei V\u00e4th - Objekteinrichtungen","article_modified_time":"2017-04-04T13:29:06+00:00","og_image":[{"url":"https:\/\/schreinerei-vaeth.de\/objekteinrichtungen\/wp-content\/uploads\/sites\/5\/2017\/02\/140610_rp_design2000_10.jpg"}],"twitter_card":"summary_large_image","twitter_misc":{"Gesch\u00e4tzte Lesezeit":"1\u00a0Minute"},"schema":{"@context":"https:\/\/schema.org","@graph":[{"@type":"WebPage","@id":"https:\/\/schreinerei-vaeth.de\/objekteinrichtungen\/mobile-trennwaende\/","url":"https:\/\/schreinerei-vaeth.de\/objekteinrichtungen\/mobile-trennwaende\/","name":"Mobile Trennw\u00e4nde, Glastrennw\u00e4nde, Trennwandysteme, Schreinerei V\u00e4th","isPartOf":{"@id":"https:\/\/schreinerei-vaeth.de\/objekteinrichtungen\/#website"},"primaryImageOfPage":{"@id":"https:\/\/schreinerei-vaeth.de\/objekteinrichtungen\/mobile-trennwaende\/#primaryimage"},"image":{"@id":"https:\/\/schreinerei-vaeth.de\/objekteinrichtungen\/mobile-trennwaende\/#primaryimage"},"thumbnailUrl":"https:\/\/schreinerei-vaeth.de\/objekteinrichtungen\/wp-content\/uploads\/sites\/5\/2017\/02\/140610_rp_design2000_10.jpg","datePublished":"2017-02-09T10:12:25+00:00","dateModified":"2017-04-04T13:29:06+00:00","description":"Mobile Trennw\u00e4nde ben\u00f6tigen keine Bodenf\u00fchrung, Einzelelemente sind verfahrbar & Oberfl\u00e4chenbeschaffenheit, Qualit\u00e4t sowie Dekor nach Ihren W\u00fcnschen m\u00f6glich","breadcrumb":{"@id":"https:\/\/schreinerei-vaeth.de\/objekteinrichtungen\/mobile-trennwaende\/#breadcrumb"},"inLanguage":"de","potentialAction":[{"@type":"ReadAction","target":["https:\/\/schreinerei-vaeth.de\/objekteinrichtungen\/mobile-trennwaende\/"]}]},{"@type":"ImageObject","inLanguage":"de","@id":"https:\/\/schreinerei-vaeth.de\/objekteinrichtungen\/mobile-trennwaende\/#primaryimage","url":"https:\/\/schreinerei-vaeth.de\/objekteinrichtungen\/wp-content\/uploads\/sites\/5\/2017\/02\/140610_rp_design2000_10.jpg","contentUrl":"https:\/\/schreinerei-vaeth.de\/objekteinrichtungen\/wp-content\/uploads\/sites\/5\/2017\/02\/140610_rp_design2000_10.jpg","width":980,"height":500},{"@type":"BreadcrumbList","@id":"https:\/\/schreinerei-vaeth.de\/objekteinrichtungen\/mobile-trennwaende\/#breadcrumb","itemListElement":[{"@type":"ListItem","position":1,"name":"Startseite","item":"https:\/\/schreinerei-vaeth.de\/objekteinrichtungen\/"},{"@type":"ListItem","position":2,"name":"Mobile Trennw\u00e4nde"}]},{"@type":"WebSite","@id":"https:\/\/schreinerei-vaeth.de\/objekteinrichtungen\/#website","url":"https:\/\/schreinerei-vaeth.de\/objekteinrichtungen\/","name":"Schreinerei V\u00e4th - Objekteinrichtungen","description":"","potentialAction":[{"@type":"SearchAction","target":{"@type":"EntryPoint","urlTemplate":"https:\/\/schreinerei-vaeth.de\/objekteinrichtungen\/?s={search_term_string}"},"query-input":"required name=search_term_string"}],"inLanguage":"de"}]}},"publishpress_future_action":{"enabled":false,"date":"2026-05-19 22:18:57","action":"change-status","newStatus":"draft","terms":[],"taxonomy":""},"_links":{"self":[{"href":"https:\/\/schreinerei-vaeth.de\/objekteinrichtungen\/wp-json\/wp\/v2\/pages\/1284"}],"collection":[{"href":"https:\/\/schreinerei-vaeth.de\/objekteinrichtungen\/wp-json\/wp\/v2\/pages"}],"about":[{"href":"https:\/\/schreinerei-vaeth.de\/objekteinrichtungen\/wp-json\/wp\/v2\/types\/page"}],"author":[{"embeddable":true,"href":"https:\/\/schreinerei-vaeth.de\/objekteinrichtungen\/wp-json\/wp\/v2\/users\/1"}],"replies":[{"embeddable":true,"href":"https:\/\/schreinerei-vaeth.de\/objekteinrichtungen\/wp-json\/wp\/v2\/comments?post=1284"}],"version-history":[{"count":4,"href":"https:\/\/schreinerei-vaeth.de\/objekteinrichtungen\/wp-json\/wp\/v2\/pages\/1284\/revisions"}],"predecessor-version":[{"id":1504,"href":"https:\/\/schreinerei-vaeth.de\/objekteinrichtungen\/wp-json\/wp\/v2\/pages\/1284\/revisions\/1504"}],"wp:attachment":[{"href":"https:\/\/schreinerei-vaeth.de\/objekteinrichtungen\/wp-json\/wp\/v2\/media?parent=1284"}],"curies":[{"name":"wp","href":"https:\/\/api.w.org\/{rel}","templated":true}]}}