{"id":1280,"date":"2017-02-09T11:10:56","date_gmt":"2017-02-09T10:10:56","guid":{"rendered":"http:\/\/empathieweb.de\/klavae\/objekteinrichtungen\/?page_id=1280"},"modified":"2017-04-04T15:54:29","modified_gmt":"2017-04-04T13:54:29","slug":"funktionsmoebel","status":"publish","type":"page","link":"https:\/\/schreinerei-vaeth.de\/objekteinrichtungen\/funktionsmoebel\/","title":{"rendered":"Funktionsm\u00f6bel"},"content":{"rendered":"<div id=\"pl-1280\"  class=\"panel-layout\" ><div id=\"pg-1280-0\"  class=\"panel-grid panel-has-style\" ><div class=\"panel-row-style panel-row-style-for-1280-0\" ><div id=\"pgc-1280-0-0\"  class=\"panel-grid-cell\" ><div id=\"panel-1280-0-0-0\" class=\"so-panel widget widget_sow-headline panel-first-child panel-last-child\" data-index=\"0\" ><div\n\t\t\t\n\t\t\tclass=\"so-widget-sow-headline so-widget-sow-headline-default-c65a4f13d044-1280\"\n\t\t\t\n\t\t><div class=\"sow-headline-container \">\n\t\t\t\t\t\t\t<h2 class=\"sow-headline\">\n\t\t\t\t\t\tFunktionsm\u00f6bel\t\t\t\t\t\t<\/h2>\n\t\t\t\t\t\t\t\t\t\t\t<div class=\"decoration\">\n\t\t\t\t\t\t<div class=\"decoration-inside\"><\/div>\n\t\t\t\t\t<\/div>\n\t\t\t\t\t<\/div>\n<\/div><\/div><\/div><\/div><\/div><div id=\"pg-1280-1\"  class=\"panel-grid panel-no-style\" ><div id=\"pgc-1280-1-0\"  class=\"panel-grid-cell\" ><div id=\"panel-1280-1-0-0\" class=\"so-panel widget widget_sow-editor panel-first-child panel-last-child\" data-index=\"1\" ><div\n\t\t\t\n\t\t\tclass=\"so-widget-sow-editor so-widget-sow-editor-base\"\n\t\t\t\n\t\t>\n<div class=\"siteorigin-widget-tinymce textwidget\">\n\t<p><a href=\"http:\/\/empathieweb.de\/klavae\/objekteinrichtungen\/wp-content\/uploads\/sites\/5\/2016\/09\/DSC_0121.jpeg\"><img loading=\"lazy\" decoding=\"async\" class=\"alignnone wp-image-1258\" src=\"http:\/\/empathieweb.de\/klavae\/objekteinrichtungen\/wp-content\/uploads\/sites\/5\/2016\/09\/DSC_0121.jpeg\" alt=\"\" width=\"603\" height=\"400\" srcset=\"https:\/\/schreinerei-vaeth.de\/objekteinrichtungen\/wp-content\/uploads\/sites\/5\/2016\/09\/DSC_0121.jpeg 904w, https:\/\/schreinerei-vaeth.de\/objekteinrichtungen\/wp-content\/uploads\/sites\/5\/2016\/09\/DSC_0121-300x199.jpeg 300w, https:\/\/schreinerei-vaeth.de\/objekteinrichtungen\/wp-content\/uploads\/sites\/5\/2016\/09\/DSC_0121-768x510.jpeg 768w, https:\/\/schreinerei-vaeth.de\/objekteinrichtungen\/wp-content\/uploads\/sites\/5\/2016\/09\/DSC_0121-600x398.jpeg 600w, https:\/\/schreinerei-vaeth.de\/objekteinrichtungen\/wp-content\/uploads\/sites\/5\/2016\/09\/DSC_0121-390x260.jpeg 390w, https:\/\/schreinerei-vaeth.de\/objekteinrichtungen\/wp-content\/uploads\/sites\/5\/2016\/09\/DSC_0121-520x345.jpeg 520w, https:\/\/schreinerei-vaeth.de\/objekteinrichtungen\/wp-content\/uploads\/sites\/5\/2016\/09\/DSC_0121-740x491.jpeg 740w, https:\/\/schreinerei-vaeth.de\/objekteinrichtungen\/wp-content\/uploads\/sites\/5\/2016\/09\/DSC_0121-573x380.jpeg 573w, https:\/\/schreinerei-vaeth.de\/objekteinrichtungen\/wp-content\/uploads\/sites\/5\/2016\/09\/DSC_0121-250x166.jpeg 250w\" sizes=\"(max-width: 603px) 100vw, 603px\" \/><\/a><\/p>\n<\/div>\n<\/div><\/div><\/div><div id=\"pgc-1280-1-1\"  class=\"panel-grid-cell\" ><div id=\"panel-1280-1-1-0\" class=\"so-panel widget widget_sow-editor panel-first-child panel-last-child\" data-index=\"2\" ><div\n\t\t\t\n\t\t\tclass=\"so-widget-sow-editor so-widget-sow-editor-base\"\n\t\t\t\n\t\t>\n<div class=\"siteorigin-widget-tinymce textwidget\">\n\t<p>Ausziehen, schieben, klappen, schwenken, verstecken und neu anordnen \u2013 das sind praktische Funktionsm\u00f6bel, die sich jeder Alltagssituation anpassen k\u00f6nnen.<\/p>\n<p>Unsere eleganten und praktischen Funktionsm\u00f6bel vereinen Funktionalit\u00e4t mit Design, \u00c4sthetik und Perfektion. Gleich ob perfekte\u00a0Schreibtische, platzsparende Garderoben und praktische\u00a0B\u00fcrom\u00f6bel erleichtern Ihnen den Arbeitsalltag.<\/p>\n<p><strong><em>Daf\u00fcr garantieren wir mit unserem guten Namen, Ihre Schreinerei V\u00e4th &amp; Team <\/em><\/strong><\/p>\n<p><strong><em>Terminvereinbarung f\u00fcr ein kostenfreies Erstgespr\u00e4ch:<br \/> Tel 09394\/2200, Mail <a href=\"mailto:info@schreinerei-vaeth.de\">info@schreinerei-vaeth.de<\/a><br \/> oder per <a href=\"https:\/\/schreinerei-vaeth.de\/objekteinrichtungen\/kontakt\/\">Kontaktformular<\/a><\/em><\/strong><\/p>\n<\/div>\n<\/div><\/div><\/div><\/div><div id=\"pg-1280-2\"  class=\"panel-grid panel-no-style\" ><div id=\"pgc-1280-2-0\"  class=\"panel-grid-cell\" ><div id=\"panel-1280-2-0-0\" class=\"so-panel widget widget_sow-editor panel-first-child panel-last-child\" data-index=\"3\" ><div\n\t\t\t\n\t\t\tclass=\"so-widget-sow-editor so-widget-sow-editor-base\"\n\t\t\t\n\t\t>\n<div class=\"siteorigin-widget-tinymce textwidget\">\n\t<div id='gallery-1' class='gallery galleryid-1280 gallery-columns-6 gallery-size-thumbnail'><figure class='gallery-item'>\n\t\t\t<div class='gallery-icon landscape'>\n\t\t\t\t<a href='https:\/\/schreinerei-vaeth.de\/objekteinrichtungen\/wp-content\/uploads\/sites\/5\/2016\/09\/DSC_0121.jpeg'><img loading=\"lazy\" decoding=\"async\" width=\"150\" height=\"150\" src=\"https:\/\/schreinerei-vaeth.de\/objekteinrichtungen\/wp-content\/uploads\/sites\/5\/2016\/09\/DSC_0121-150x150.jpeg\" class=\"attachment-thumbnail size-thumbnail\" alt=\"\" srcset=\"https:\/\/schreinerei-vaeth.de\/objekteinrichtungen\/wp-content\/uploads\/sites\/5\/2016\/09\/DSC_0121-150x150.jpeg 150w, https:\/\/schreinerei-vaeth.de\/objekteinrichtungen\/wp-content\/uploads\/sites\/5\/2016\/09\/DSC_0121-45x45.jpeg 45w\" sizes=\"(max-width: 150px) 100vw, 150px\" \/><\/a>\n\t\t\t<\/div><\/figure><figure class='gallery-item'>\n\t\t\t<div class='gallery-icon portrait'>\n\t\t\t\t<a href='https:\/\/schreinerei-vaeth.de\/objekteinrichtungen\/wp-content\/uploads\/sites\/5\/2016\/09\/20140617_100235.jpg'><img loading=\"lazy\" decoding=\"async\" width=\"150\" height=\"150\" src=\"https:\/\/schreinerei-vaeth.de\/objekteinrichtungen\/wp-content\/uploads\/sites\/5\/2016\/09\/20140617_100235-150x150.jpg\" class=\"attachment-thumbnail size-thumbnail\" alt=\"\" srcset=\"https:\/\/schreinerei-vaeth.de\/objekteinrichtungen\/wp-content\/uploads\/sites\/5\/2016\/09\/20140617_100235-150x150.jpg 150w, https:\/\/schreinerei-vaeth.de\/objekteinrichtungen\/wp-content\/uploads\/sites\/5\/2016\/09\/20140617_100235-45x45.jpg 45w\" sizes=\"(max-width: 150px) 100vw, 150px\" \/><\/a>\n\t\t\t<\/div><\/figure><figure class='gallery-item'>\n\t\t\t<div class='gallery-icon portrait'>\n\t\t\t\t<a href='https:\/\/schreinerei-vaeth.de\/objekteinrichtungen\/wp-content\/uploads\/sites\/5\/2016\/09\/DSC_0113.jpeg'><img loading=\"lazy\" decoding=\"async\" width=\"150\" height=\"150\" src=\"https:\/\/schreinerei-vaeth.de\/objekteinrichtungen\/wp-content\/uploads\/sites\/5\/2016\/09\/DSC_0113-150x150.jpeg\" class=\"attachment-thumbnail size-thumbnail\" alt=\"\" srcset=\"https:\/\/schreinerei-vaeth.de\/objekteinrichtungen\/wp-content\/uploads\/sites\/5\/2016\/09\/DSC_0113-150x150.jpeg 150w, https:\/\/schreinerei-vaeth.de\/objekteinrichtungen\/wp-content\/uploads\/sites\/5\/2016\/09\/DSC_0113-45x45.jpeg 45w\" sizes=\"(max-width: 150px) 100vw, 150px\" \/><\/a>\n\t\t\t<\/div><\/figure><figure class='gallery-item'>\n\t\t\t<div class='gallery-icon portrait'>\n\t\t\t\t<a href='https:\/\/schreinerei-vaeth.de\/objekteinrichtungen\/wp-content\/uploads\/sites\/5\/2016\/09\/DSC_0112.jpeg'><img loading=\"lazy\" decoding=\"async\" width=\"150\" height=\"150\" src=\"https:\/\/schreinerei-vaeth.de\/objekteinrichtungen\/wp-content\/uploads\/sites\/5\/2016\/09\/DSC_0112-150x150.jpeg\" class=\"attachment-thumbnail size-thumbnail\" alt=\"\" srcset=\"https:\/\/schreinerei-vaeth.de\/objekteinrichtungen\/wp-content\/uploads\/sites\/5\/2016\/09\/DSC_0112-150x150.jpeg 150w, https:\/\/schreinerei-vaeth.de\/objekteinrichtungen\/wp-content\/uploads\/sites\/5\/2016\/09\/DSC_0112-45x45.jpeg 45w\" sizes=\"(max-width: 150px) 100vw, 150px\" \/><\/a>\n\t\t\t<\/div><\/figure><figure class='gallery-item'>\n\t\t\t<div class='gallery-icon portrait'>\n\t\t\t\t<a href='https:\/\/schreinerei-vaeth.de\/objekteinrichtungen\/wp-content\/uploads\/sites\/5\/2016\/09\/DSC_0115.jpeg'><img loading=\"lazy\" decoding=\"async\" width=\"150\" height=\"150\" src=\"https:\/\/schreinerei-vaeth.de\/objekteinrichtungen\/wp-content\/uploads\/sites\/5\/2016\/09\/DSC_0115-150x150.jpeg\" class=\"attachment-thumbnail size-thumbnail\" alt=\"\" srcset=\"https:\/\/schreinerei-vaeth.de\/objekteinrichtungen\/wp-content\/uploads\/sites\/5\/2016\/09\/DSC_0115-150x150.jpeg 150w, https:\/\/schreinerei-vaeth.de\/objekteinrichtungen\/wp-content\/uploads\/sites\/5\/2016\/09\/DSC_0115-45x45.jpeg 45w\" sizes=\"(max-width: 150px) 100vw, 150px\" \/><\/a>\n\t\t\t<\/div><\/figure><figure class='gallery-item'>\n\t\t\t<div class='gallery-icon landscape'>\n\t\t\t\t<a href='https:\/\/schreinerei-vaeth.de\/objekteinrichtungen\/wp-content\/uploads\/sites\/5\/2017\/02\/20140801_1105491.jpg'><img loading=\"lazy\" decoding=\"async\" width=\"150\" height=\"150\" src=\"https:\/\/schreinerei-vaeth.de\/objekteinrichtungen\/wp-content\/uploads\/sites\/5\/2017\/02\/20140801_1105491-150x150.jpg\" class=\"attachment-thumbnail size-thumbnail\" alt=\"\" srcset=\"https:\/\/schreinerei-vaeth.de\/objekteinrichtungen\/wp-content\/uploads\/sites\/5\/2017\/02\/20140801_1105491-150x150.jpg 150w, https:\/\/schreinerei-vaeth.de\/objekteinrichtungen\/wp-content\/uploads\/sites\/5\/2017\/02\/20140801_1105491-45x45.jpg 45w\" sizes=\"(max-width: 150px) 100vw, 150px\" \/><\/a>\n\t\t\t<\/div><\/figure><figure class='gallery-item'>\n\t\t\t<div class='gallery-icon landscape'>\n\t\t\t\t<a href='https:\/\/schreinerei-vaeth.de\/objekteinrichtungen\/wp-content\/uploads\/sites\/5\/2017\/02\/20140801_1106011.jpg'><img loading=\"lazy\" decoding=\"async\" width=\"150\" height=\"150\" src=\"https:\/\/schreinerei-vaeth.de\/objekteinrichtungen\/wp-content\/uploads\/sites\/5\/2017\/02\/20140801_1106011-150x150.jpg\" class=\"attachment-thumbnail size-thumbnail\" alt=\"\" srcset=\"https:\/\/schreinerei-vaeth.de\/objekteinrichtungen\/wp-content\/uploads\/sites\/5\/2017\/02\/20140801_1106011-150x150.jpg 150w, https:\/\/schreinerei-vaeth.de\/objekteinrichtungen\/wp-content\/uploads\/sites\/5\/2017\/02\/20140801_1106011-45x45.jpg 45w\" sizes=\"(max-width: 150px) 100vw, 150px\" \/><\/a>\n\t\t\t<\/div><\/figure>\n\t\t<\/div>\n\n<\/div>\n<\/div><\/div><\/div><\/div><\/div>","protected":false},"excerpt":{"rendered":"<p>Ausziehen, schieben, klappen, schwenken, verstecken und neu anordnen \u2013 das sind praktische Funktionsm\u00f6bel, die sich jeder Alltagssituation anpassen k\u00f6nnen.Unsere eleganten und praktischen Funktionsm\u00f6bel vereinen Funktionalit\u00e4t mit Design, \u00c4sthetik und Perfektion. Gleich ob perfekte\u00a0Schreibtische, platzsparende Garderoben<a class=\"read-more\" href=\"https:\/\/schreinerei-vaeth.de\/objekteinrichtungen\/funktionsmoebel\/\"><\/a><\/p>\n","protected":false},"author":1,"featured_media":0,"parent":0,"menu_order":0,"comment_status":"closed","ping_status":"closed","template":"page-templates\/page_fullwidth.php","meta":{"footnotes":""},"yoast_head":"<!-- This site is optimized with the Yoast SEO plugin v22.5 - https:\/\/yoast.com\/wordpress\/plugins\/seo\/ -->\n<title>Praktische Funktionsm\u00f6bel, Schreinerei V\u00e4th in Esselbach<\/title>\n<meta name=\"description\" content=\"Unsere eleganten und praktischen Funktionsm\u00f6bel vereinen Funktionalit\u00e4t mit Design, \u00c4sthetik und Perfektion, sie passen sich jeder Alltagssituation an\" \/>\n<meta name=\"robots\" content=\"index, follow, max-snippet:-1, max-image-preview:large, max-video-preview:-1\" \/>\n<link rel=\"canonical\" href=\"https:\/\/schreinerei-vaeth.de\/objekteinrichtungen\/funktionsmoebel\/\" \/>\n<meta property=\"og:locale\" content=\"de_DE\" \/>\n<meta property=\"og:type\" content=\"article\" \/>\n<meta property=\"og:title\" content=\"Praktische Funktionsm\u00f6bel, Schreinerei V\u00e4th in Esselbach\" \/>\n<meta property=\"og:description\" content=\"Unsere eleganten und praktischen Funktionsm\u00f6bel vereinen Funktionalit\u00e4t mit Design, \u00c4sthetik und Perfektion, sie passen sich jeder Alltagssituation an\" \/>\n<meta property=\"og:url\" content=\"https:\/\/schreinerei-vaeth.de\/objekteinrichtungen\/funktionsmoebel\/\" \/>\n<meta property=\"og:site_name\" content=\"Schreinerei V\u00e4th - Objekteinrichtungen\" \/>\n<meta property=\"article:modified_time\" content=\"2017-04-04T13:54:29+00:00\" \/>\n<meta property=\"og:image\" content=\"http:\/\/empathieweb.de\/klavae\/objekteinrichtungen\/wp-content\/uploads\/sites\/5\/2017\/02\/20160226_105250.jpg\" \/>\n<meta name=\"twitter:card\" content=\"summary_large_image\" \/>\n<meta name=\"twitter:label1\" content=\"Gesch\u00e4tzte Lesezeit\" \/>\n\t<meta name=\"twitter:data1\" content=\"1\u00a0Minute\" \/>\n<script type=\"application\/ld+json\" class=\"yoast-schema-graph\">{\"@context\":\"https:\/\/schema.org\",\"@graph\":[{\"@type\":\"WebPage\",\"@id\":\"https:\/\/schreinerei-vaeth.de\/objekteinrichtungen\/funktionsmoebel\/\",\"url\":\"https:\/\/schreinerei-vaeth.de\/objekteinrichtungen\/funktionsmoebel\/\",\"name\":\"Praktische Funktionsm\u00f6bel, Schreinerei V\u00e4th in Esselbach\",\"isPartOf\":{\"@id\":\"https:\/\/schreinerei-vaeth.de\/objekteinrichtungen\/#website\"},\"primaryImageOfPage\":{\"@id\":\"https:\/\/schreinerei-vaeth.de\/objekteinrichtungen\/funktionsmoebel\/#primaryimage\"},\"image\":{\"@id\":\"https:\/\/schreinerei-vaeth.de\/objekteinrichtungen\/funktionsmoebel\/#primaryimage\"},\"thumbnailUrl\":\"http:\/\/empathieweb.de\/klavae\/objekteinrichtungen\/wp-content\/uploads\/sites\/5\/2017\/02\/20160226_105250.jpg\",\"datePublished\":\"2017-02-09T10:10:56+00:00\",\"dateModified\":\"2017-04-04T13:54:29+00:00\",\"description\":\"Unsere eleganten und praktischen Funktionsm\u00f6bel vereinen Funktionalit\u00e4t mit Design, \u00c4sthetik und Perfektion, sie passen sich jeder Alltagssituation an\",\"breadcrumb\":{\"@id\":\"https:\/\/schreinerei-vaeth.de\/objekteinrichtungen\/funktionsmoebel\/#breadcrumb\"},\"inLanguage\":\"de\",\"potentialAction\":[{\"@type\":\"ReadAction\",\"target\":[\"https:\/\/schreinerei-vaeth.de\/objekteinrichtungen\/funktionsmoebel\/\"]}]},{\"@type\":\"ImageObject\",\"inLanguage\":\"de\",\"@id\":\"https:\/\/schreinerei-vaeth.de\/objekteinrichtungen\/funktionsmoebel\/#primaryimage\",\"url\":\"http:\/\/empathieweb.de\/klavae\/objekteinrichtungen\/wp-content\/uploads\/sites\/5\/2017\/02\/20160226_105250.jpg\",\"contentUrl\":\"http:\/\/empathieweb.de\/klavae\/objekteinrichtungen\/wp-content\/uploads\/sites\/5\/2017\/02\/20160226_105250.jpg\"},{\"@type\":\"BreadcrumbList\",\"@id\":\"https:\/\/schreinerei-vaeth.de\/objekteinrichtungen\/funktionsmoebel\/#breadcrumb\",\"itemListElement\":[{\"@type\":\"ListItem\",\"position\":1,\"name\":\"Startseite\",\"item\":\"https:\/\/schreinerei-vaeth.de\/objekteinrichtungen\/\"},{\"@type\":\"ListItem\",\"position\":2,\"name\":\"Funktionsm\u00f6bel\"}]},{\"@type\":\"WebSite\",\"@id\":\"https:\/\/schreinerei-vaeth.de\/objekteinrichtungen\/#website\",\"url\":\"https:\/\/schreinerei-vaeth.de\/objekteinrichtungen\/\",\"name\":\"Schreinerei V\u00e4th - Objekteinrichtungen\",\"description\":\"\",\"potentialAction\":[{\"@type\":\"SearchAction\",\"target\":{\"@type\":\"EntryPoint\",\"urlTemplate\":\"https:\/\/schreinerei-vaeth.de\/objekteinrichtungen\/?s={search_term_string}\"},\"query-input\":\"required name=search_term_string\"}],\"inLanguage\":\"de\"}]}<\/script>\n<!-- \/ Yoast SEO plugin. -->","yoast_head_json":{"title":"Praktische Funktionsm\u00f6bel, Schreinerei V\u00e4th in Esselbach","description":"Unsere eleganten und praktischen Funktionsm\u00f6bel vereinen Funktionalit\u00e4t mit Design, \u00c4sthetik und Perfektion, sie passen sich jeder Alltagssituation an","robots":{"index":"index","follow":"follow","max-snippet":"max-snippet:-1","max-image-preview":"max-image-preview:large","max-video-preview":"max-video-preview:-1"},"canonical":"https:\/\/schreinerei-vaeth.de\/objekteinrichtungen\/funktionsmoebel\/","og_locale":"de_DE","og_type":"article","og_title":"Praktische Funktionsm\u00f6bel, Schreinerei V\u00e4th in Esselbach","og_description":"Unsere eleganten und praktischen Funktionsm\u00f6bel vereinen Funktionalit\u00e4t mit Design, \u00c4sthetik und Perfektion, sie passen sich jeder Alltagssituation an","og_url":"https:\/\/schreinerei-vaeth.de\/objekteinrichtungen\/funktionsmoebel\/","og_site_name":"Schreinerei V\u00e4th - Objekteinrichtungen","article_modified_time":"2017-04-04T13:54:29+00:00","og_image":[{"url":"http:\/\/empathieweb.de\/klavae\/objekteinrichtungen\/wp-content\/uploads\/sites\/5\/2017\/02\/20160226_105250.jpg"}],"twitter_card":"summary_large_image","twitter_misc":{"Gesch\u00e4tzte Lesezeit":"1\u00a0Minute"},"schema":{"@context":"https:\/\/schema.org","@graph":[{"@type":"WebPage","@id":"https:\/\/schreinerei-vaeth.de\/objekteinrichtungen\/funktionsmoebel\/","url":"https:\/\/schreinerei-vaeth.de\/objekteinrichtungen\/funktionsmoebel\/","name":"Praktische Funktionsm\u00f6bel, Schreinerei V\u00e4th in Esselbach","isPartOf":{"@id":"https:\/\/schreinerei-vaeth.de\/objekteinrichtungen\/#website"},"primaryImageOfPage":{"@id":"https:\/\/schreinerei-vaeth.de\/objekteinrichtungen\/funktionsmoebel\/#primaryimage"},"image":{"@id":"https:\/\/schreinerei-vaeth.de\/objekteinrichtungen\/funktionsmoebel\/#primaryimage"},"thumbnailUrl":"http:\/\/empathieweb.de\/klavae\/objekteinrichtungen\/wp-content\/uploads\/sites\/5\/2017\/02\/20160226_105250.jpg","datePublished":"2017-02-09T10:10:56+00:00","dateModified":"2017-04-04T13:54:29+00:00","description":"Unsere eleganten und praktischen Funktionsm\u00f6bel vereinen Funktionalit\u00e4t mit Design, \u00c4sthetik und Perfektion, sie passen sich jeder Alltagssituation an","breadcrumb":{"@id":"https:\/\/schreinerei-vaeth.de\/objekteinrichtungen\/funktionsmoebel\/#breadcrumb"},"inLanguage":"de","potentialAction":[{"@type":"ReadAction","target":["https:\/\/schreinerei-vaeth.de\/objekteinrichtungen\/funktionsmoebel\/"]}]},{"@type":"ImageObject","inLanguage":"de","@id":"https:\/\/schreinerei-vaeth.de\/objekteinrichtungen\/funktionsmoebel\/#primaryimage","url":"http:\/\/empathieweb.de\/klavae\/objekteinrichtungen\/wp-content\/uploads\/sites\/5\/2017\/02\/20160226_105250.jpg","contentUrl":"http:\/\/empathieweb.de\/klavae\/objekteinrichtungen\/wp-content\/uploads\/sites\/5\/2017\/02\/20160226_105250.jpg"},{"@type":"BreadcrumbList","@id":"https:\/\/schreinerei-vaeth.de\/objekteinrichtungen\/funktionsmoebel\/#breadcrumb","itemListElement":[{"@type":"ListItem","position":1,"name":"Startseite","item":"https:\/\/schreinerei-vaeth.de\/objekteinrichtungen\/"},{"@type":"ListItem","position":2,"name":"Funktionsm\u00f6bel"}]},{"@type":"WebSite","@id":"https:\/\/schreinerei-vaeth.de\/objekteinrichtungen\/#website","url":"https:\/\/schreinerei-vaeth.de\/objekteinrichtungen\/","name":"Schreinerei V\u00e4th - Objekteinrichtungen","description":"","potentialAction":[{"@type":"SearchAction","target":{"@type":"EntryPoint","urlTemplate":"https:\/\/schreinerei-vaeth.de\/objekteinrichtungen\/?s={search_term_string}"},"query-input":"required name=search_term_string"}],"inLanguage":"de"}]}},"publishpress_future_action":{"enabled":false,"date":"2026-04-16 03:03:34","action":"change-status","newStatus":"draft","terms":[],"taxonomy":""},"_links":{"self":[{"href":"https:\/\/schreinerei-vaeth.de\/objekteinrichtungen\/wp-json\/wp\/v2\/pages\/1280"}],"collection":[{"href":"https:\/\/schreinerei-vaeth.de\/objekteinrichtungen\/wp-json\/wp\/v2\/pages"}],"about":[{"href":"https:\/\/schreinerei-vaeth.de\/objekteinrichtungen\/wp-json\/wp\/v2\/types\/page"}],"author":[{"embeddable":true,"href":"https:\/\/schreinerei-vaeth.de\/objekteinrichtungen\/wp-json\/wp\/v2\/users\/1"}],"replies":[{"embeddable":true,"href":"https:\/\/schreinerei-vaeth.de\/objekteinrichtungen\/wp-json\/wp\/v2\/comments?post=1280"}],"version-history":[{"count":5,"href":"https:\/\/schreinerei-vaeth.de\/objekteinrichtungen\/wp-json\/wp\/v2\/pages\/1280\/revisions"}],"predecessor-version":[{"id":1428,"href":"https:\/\/schreinerei-vaeth.de\/objekteinrichtungen\/wp-json\/wp\/v2\/pages\/1280\/revisions\/1428"}],"wp:attachment":[{"href":"https:\/\/schreinerei-vaeth.de\/objekteinrichtungen\/wp-json\/wp\/v2\/media?parent=1280"}],"curies":[{"name":"wp","href":"https:\/\/api.w.org\/{rel}","templated":true}]}}