{"id":1278,"date":"2017-02-09T11:10:17","date_gmt":"2017-02-09T10:10:17","guid":{"rendered":"http:\/\/empathieweb.de\/klavae\/objekteinrichtungen\/?page_id=1278"},"modified":"2020-03-31T18:32:48","modified_gmt":"2020-03-31T16:32:48","slug":"bueromoebel","status":"publish","type":"page","link":"https:\/\/schreinerei-vaeth.de\/objekteinrichtungen\/bueromoebel\/","title":{"rendered":"B\u00fcrom\u00f6bel"},"content":{"rendered":"<div id=\"pl-1278\"  class=\"panel-layout\" ><div id=\"pg-1278-0\"  class=\"panel-grid panel-has-style\" ><div class=\"panel-row-style panel-row-style-for-1278-0\" ><div id=\"pgc-1278-0-0\"  class=\"panel-grid-cell\" ><div id=\"panel-1278-0-0-0\" class=\"so-panel widget widget_sow-headline panel-first-child panel-last-child\" data-index=\"0\" ><div\n\t\t\t\n\t\t\tclass=\"so-widget-sow-headline so-widget-sow-headline-default-c65a4f13d044-1278\"\n\t\t\t\n\t\t><div class=\"sow-headline-container \">\n\t\t\t\t\t\t\t<h2 class=\"sow-headline\">\n\t\t\t\t\t\tB\u00fcrom\u00f6bel\t\t\t\t\t\t<\/h2>\n\t\t\t\t\t\t\t\t\t\t\t<div class=\"decoration\">\n\t\t\t\t\t\t<div class=\"decoration-inside\"><\/div>\n\t\t\t\t\t<\/div>\n\t\t\t\t\t<\/div>\n<\/div><\/div><\/div><\/div><\/div><div id=\"pg-1278-1\"  class=\"panel-grid panel-no-style\" ><div id=\"pgc-1278-1-0\"  class=\"panel-grid-cell\" ><div id=\"panel-1278-1-0-0\" class=\"so-panel widget widget_sow-editor panel-first-child panel-last-child\" data-index=\"1\" ><div\n\t\t\t\n\t\t\tclass=\"so-widget-sow-editor so-widget-sow-editor-base\"\n\t\t\t\n\t\t>\n<div class=\"siteorigin-widget-tinymce textwidget\">\n\t<p><a href=\"https:\/\/schreinerei-vaeth.de\/objekteinrichtungen\/wp-content\/uploads\/sites\/5\/2017\/02\/20160226_105250.jpg\"><img loading=\"lazy\" decoding=\"async\" class=\"alignnone wp-image-1378 size-full\" src=\"https:\/\/schreinerei-vaeth.de\/objekteinrichtungen\/wp-content\/uploads\/sites\/5\/2017\/02\/20160226_105250.jpg\" alt=\"\" width=\"950\" height=\"534\" srcset=\"https:\/\/schreinerei-vaeth.de\/objekteinrichtungen\/wp-content\/uploads\/sites\/5\/2017\/02\/20160226_105250.jpg 950w, https:\/\/schreinerei-vaeth.de\/objekteinrichtungen\/wp-content\/uploads\/sites\/5\/2017\/02\/20160226_105250-300x169.jpg 300w, https:\/\/schreinerei-vaeth.de\/objekteinrichtungen\/wp-content\/uploads\/sites\/5\/2017\/02\/20160226_105250-768x432.jpg 768w, https:\/\/schreinerei-vaeth.de\/objekteinrichtungen\/wp-content\/uploads\/sites\/5\/2017\/02\/20160226_105250-600x337.jpg 600w, https:\/\/schreinerei-vaeth.de\/objekteinrichtungen\/wp-content\/uploads\/sites\/5\/2017\/02\/20160226_105250-520x292.jpg 520w, https:\/\/schreinerei-vaeth.de\/objekteinrichtungen\/wp-content\/uploads\/sites\/5\/2017\/02\/20160226_105250-740x416.jpg 740w, https:\/\/schreinerei-vaeth.de\/objekteinrichtungen\/wp-content\/uploads\/sites\/5\/2017\/02\/20160226_105250-676x380.jpg 676w, https:\/\/schreinerei-vaeth.de\/objekteinrichtungen\/wp-content\/uploads\/sites\/5\/2017\/02\/20160226_105250-250x141.jpg 250w\" sizes=\"(max-width: 950px) 100vw, 950px\" \/><\/a><\/p>\n<\/div>\n<\/div><\/div><\/div><div id=\"pgc-1278-1-1\"  class=\"panel-grid-cell\" ><div id=\"panel-1278-1-1-0\" class=\"so-panel widget widget_sow-editor panel-first-child panel-last-child\" data-index=\"2\" ><div\n\t\t\t\n\t\t\tclass=\"so-widget-sow-editor so-widget-sow-editor-base\"\n\t\t\t\n\t\t>\n<div class=\"siteorigin-widget-tinymce textwidget\">\n\t<p>Hochwertig verarbeitete Serienkomponenten erf\u00fcllen viele Anforderungen, aber niemals alle. Oft f\u00fchren individuelle Bedingungen zu Problemstellungen, f\u00fcr die es eben noch keine allgemeing\u00fcltige L\u00f6sung gibt.<\/p>\n<p>Mit unseren B\u00fcrokonzepten, individuell auf Ihre Bed\u00fcrfnisse und r\u00e4umliche Gegebenheiten exakt abgestimmt, sorgen wir f\u00fcr ein ein ruhiges, angenehmes Arbeitsklima mit hoher Produktivit\u00e4t und Ordnung.<\/p>\n<p><strong><em>Daf\u00fcr garantieren wir mit unserem guten Namen, Ihre Schreinerei V\u00e4th &amp; Team <\/em><\/strong><\/p>\n<p><strong><em>Terminvereinbarung f\u00fcr ein kostenfreies Erstgespr\u00e4ch:<br \/> Tel 09394\/2200, Mail <a href=\"mailto:info@schreinerei-vaeth.de\">info@schreinerei-vaeth.de<\/a><br \/> oder per <a href=\"https:\/\/schreinerei-vaeth.de\/objekteinrichtungen\/kontakt\/\">Kontaktformular<\/a><\/em><\/strong><\/p>\n<\/div>\n<\/div><\/div><\/div><\/div><div id=\"pg-1278-2\"  class=\"panel-grid panel-no-style\" ><div id=\"pgc-1278-2-0\"  class=\"panel-grid-cell\" ><div id=\"panel-1278-2-0-0\" class=\"so-panel widget widget_sow-editor panel-first-child panel-last-child\" data-index=\"3\" ><div\n\t\t\t\n\t\t\tclass=\"so-widget-sow-editor so-widget-sow-editor-base\"\n\t\t\t\n\t\t>\n<div class=\"siteorigin-widget-tinymce textwidget\">\n\t<div id='gallery-1' class='gallery galleryid-1278 gallery-columns-5 gallery-size-thumbnail'><figure class='gallery-item'>\n\t\t\t<div class='gallery-icon landscape'>\n\t\t\t\t<a href='https:\/\/schreinerei-vaeth.de\/objekteinrichtungen\/wp-content\/uploads\/sites\/5\/2017\/02\/20170128_125111.jpg'><img loading=\"lazy\" decoding=\"async\" width=\"150\" height=\"150\" src=\"https:\/\/schreinerei-vaeth.de\/objekteinrichtungen\/wp-content\/uploads\/sites\/5\/2017\/02\/20170128_125111-150x150.jpg\" class=\"attachment-thumbnail size-thumbnail\" alt=\"B\u00fcrom\u00f6bel Schreinerei V\u00e4th\" srcset=\"https:\/\/schreinerei-vaeth.de\/objekteinrichtungen\/wp-content\/uploads\/sites\/5\/2017\/02\/20170128_125111-150x150.jpg 150w, https:\/\/schreinerei-vaeth.de\/objekteinrichtungen\/wp-content\/uploads\/sites\/5\/2017\/02\/20170128_125111-45x45.jpg 45w\" sizes=\"(max-width: 150px) 100vw, 150px\" \/><\/a>\n\t\t\t<\/div><\/figure><figure class='gallery-item'>\n\t\t\t<div class='gallery-icon landscape'>\n\t\t\t\t<a href='https:\/\/schreinerei-vaeth.de\/objekteinrichtungen\/wp-content\/uploads\/sites\/5\/2017\/02\/IMG_5763.jpg'><img loading=\"lazy\" decoding=\"async\" width=\"150\" height=\"150\" src=\"https:\/\/schreinerei-vaeth.de\/objekteinrichtungen\/wp-content\/uploads\/sites\/5\/2017\/02\/IMG_5763-150x150.jpg\" class=\"attachment-thumbnail size-thumbnail\" alt=\"B\u00fcrom\u00f6bel Schreinerei V\u00e4th\" srcset=\"https:\/\/schreinerei-vaeth.de\/objekteinrichtungen\/wp-content\/uploads\/sites\/5\/2017\/02\/IMG_5763-150x150.jpg 150w, https:\/\/schreinerei-vaeth.de\/objekteinrichtungen\/wp-content\/uploads\/sites\/5\/2017\/02\/IMG_5763-45x45.jpg 45w\" sizes=\"(max-width: 150px) 100vw, 150px\" \/><\/a>\n\t\t\t<\/div><\/figure><figure class='gallery-item'>\n\t\t\t<div class='gallery-icon landscape'>\n\t\t\t\t<a href='https:\/\/schreinerei-vaeth.de\/objekteinrichtungen\/wp-content\/uploads\/sites\/5\/2017\/02\/IMG_5765.jpg'><img loading=\"lazy\" decoding=\"async\" width=\"150\" height=\"150\" src=\"https:\/\/schreinerei-vaeth.de\/objekteinrichtungen\/wp-content\/uploads\/sites\/5\/2017\/02\/IMG_5765-150x150.jpg\" class=\"attachment-thumbnail size-thumbnail\" alt=\"B\u00fcrom\u00f6bel Schreinerei V\u00e4th\" srcset=\"https:\/\/schreinerei-vaeth.de\/objekteinrichtungen\/wp-content\/uploads\/sites\/5\/2017\/02\/IMG_5765-150x150.jpg 150w, https:\/\/schreinerei-vaeth.de\/objekteinrichtungen\/wp-content\/uploads\/sites\/5\/2017\/02\/IMG_5765-45x45.jpg 45w\" sizes=\"(max-width: 150px) 100vw, 150px\" \/><\/a>\n\t\t\t<\/div><\/figure><figure class='gallery-item'>\n\t\t\t<div class='gallery-icon landscape'>\n\t\t\t\t<a href='https:\/\/schreinerei-vaeth.de\/objekteinrichtungen\/wp-content\/uploads\/sites\/5\/2017\/02\/20160226_105250.jpg'><img loading=\"lazy\" decoding=\"async\" width=\"150\" height=\"150\" src=\"https:\/\/schreinerei-vaeth.de\/objekteinrichtungen\/wp-content\/uploads\/sites\/5\/2017\/02\/20160226_105250-150x150.jpg\" class=\"attachment-thumbnail size-thumbnail\" alt=\"B\u00fcrom\u00f6bel Schreinerei V\u00e4th\" srcset=\"https:\/\/schreinerei-vaeth.de\/objekteinrichtungen\/wp-content\/uploads\/sites\/5\/2017\/02\/20160226_105250-150x150.jpg 150w, https:\/\/schreinerei-vaeth.de\/objekteinrichtungen\/wp-content\/uploads\/sites\/5\/2017\/02\/20160226_105250-45x45.jpg 45w\" sizes=\"(max-width: 150px) 100vw, 150px\" \/><\/a>\n\t\t\t<\/div><\/figure><figure class='gallery-item'>\n\t\t\t<div class='gallery-icon landscape'>\n\t\t\t\t<a href='https:\/\/schreinerei-vaeth.de\/objekteinrichtungen\/wp-content\/uploads\/sites\/5\/2020\/03\/20170504_112925-scaled.jpg'><img loading=\"lazy\" decoding=\"async\" width=\"150\" height=\"150\" src=\"https:\/\/schreinerei-vaeth.de\/objekteinrichtungen\/wp-content\/uploads\/sites\/5\/2020\/03\/20170504_112925-150x150.jpg\" class=\"attachment-thumbnail size-thumbnail\" alt=\"\" srcset=\"https:\/\/schreinerei-vaeth.de\/objekteinrichtungen\/wp-content\/uploads\/sites\/5\/2020\/03\/20170504_112925-150x150.jpg 150w, https:\/\/schreinerei-vaeth.de\/objekteinrichtungen\/wp-content\/uploads\/sites\/5\/2020\/03\/20170504_112925-45x45.jpg 45w\" sizes=\"(max-width: 150px) 100vw, 150px\" \/><\/a>\n\t\t\t<\/div><\/figure>\n\t\t<\/div>\n\n<\/div>\n<\/div><\/div><\/div><\/div><\/div>","protected":false},"excerpt":{"rendered":"<p>Hochwertig verarbeitete Serienkomponenten erf\u00fcllen viele Anforderungen, aber niemals alle. Oft f\u00fchren individuelle Bedingungen zu Problemstellungen, f\u00fcr die es eben noch keine allgemeing\u00fcltige L\u00f6sung gibt.Mit unseren B\u00fcrokonzepten, individuell auf Ihre Bed\u00fcrfnisse und r\u00e4umliche Gegebenheiten exakt abgestimmt,<a class=\"read-more\" href=\"https:\/\/schreinerei-vaeth.de\/objekteinrichtungen\/bueromoebel\/\"><\/a><\/p>\n","protected":false},"author":1,"featured_media":0,"parent":0,"menu_order":0,"comment_status":"closed","ping_status":"closed","template":"page-templates\/page_fullwidth.php","meta":{"footnotes":""},"yoast_head":"<!-- This site is optimized with the Yoast SEO plugin v22.5 - https:\/\/yoast.com\/wordpress\/plugins\/seo\/ -->\n<title>B\u00fcrom\u00f6bel, B\u00fcrokonzepte, Schreinerei V\u00e4th in Esselbach<\/title>\n<meta name=\"description\" content=\"Mit unseren B\u00fcrom\u00f6beln, individuell auf Ihre Bed\u00fcrfnisse und r\u00e4umliche Gegebenheiten exakt abgestimmt, sorgen wir f\u00fcr ein ein angenehmes Arbeitsklima.\" \/>\n<meta name=\"robots\" content=\"index, follow, max-snippet:-1, max-image-preview:large, max-video-preview:-1\" \/>\n<link rel=\"canonical\" href=\"https:\/\/schreinerei-vaeth.de\/objekteinrichtungen\/bueromoebel\/\" \/>\n<meta property=\"og:locale\" content=\"de_DE\" \/>\n<meta property=\"og:type\" content=\"article\" \/>\n<meta property=\"og:title\" content=\"B\u00fcrom\u00f6bel, B\u00fcrokonzepte, Schreinerei V\u00e4th in Esselbach\" \/>\n<meta property=\"og:description\" content=\"Mit unseren B\u00fcrom\u00f6beln, individuell auf Ihre Bed\u00fcrfnisse und r\u00e4umliche Gegebenheiten exakt abgestimmt, sorgen wir f\u00fcr ein ein angenehmes Arbeitsklima.\" \/>\n<meta property=\"og:url\" content=\"https:\/\/schreinerei-vaeth.de\/objekteinrichtungen\/bueromoebel\/\" \/>\n<meta property=\"og:site_name\" content=\"Schreinerei V\u00e4th - Objekteinrichtungen\" \/>\n<meta property=\"article:modified_time\" content=\"2020-03-31T16:32:48+00:00\" \/>\n<meta property=\"og:image\" content=\"https:\/\/schreinerei-vaeth.de\/objekteinrichtungen\/wp-content\/uploads\/sites\/5\/2017\/02\/20170128_125111-150x150.jpg\" \/>\n<meta name=\"twitter:card\" content=\"summary_large_image\" \/>\n<meta name=\"twitter:label1\" content=\"Gesch\u00e4tzte Lesezeit\" \/>\n\t<meta name=\"twitter:data1\" content=\"1\u00a0Minute\" \/>\n<script type=\"application\/ld+json\" class=\"yoast-schema-graph\">{\"@context\":\"https:\/\/schema.org\",\"@graph\":[{\"@type\":\"WebPage\",\"@id\":\"https:\/\/schreinerei-vaeth.de\/objekteinrichtungen\/bueromoebel\/\",\"url\":\"https:\/\/schreinerei-vaeth.de\/objekteinrichtungen\/bueromoebel\/\",\"name\":\"B\u00fcrom\u00f6bel, B\u00fcrokonzepte, Schreinerei V\u00e4th in Esselbach\",\"isPartOf\":{\"@id\":\"https:\/\/schreinerei-vaeth.de\/objekteinrichtungen\/#website\"},\"primaryImageOfPage\":{\"@id\":\"https:\/\/schreinerei-vaeth.de\/objekteinrichtungen\/bueromoebel\/#primaryimage\"},\"image\":{\"@id\":\"https:\/\/schreinerei-vaeth.de\/objekteinrichtungen\/bueromoebel\/#primaryimage\"},\"thumbnailUrl\":\"https:\/\/schreinerei-vaeth.de\/objekteinrichtungen\/wp-content\/uploads\/sites\/5\/2017\/02\/20160226_105250.jpg\",\"datePublished\":\"2017-02-09T10:10:17+00:00\",\"dateModified\":\"2020-03-31T16:32:48+00:00\",\"description\":\"Mit unseren B\u00fcrom\u00f6beln, individuell auf Ihre Bed\u00fcrfnisse und r\u00e4umliche Gegebenheiten exakt abgestimmt, sorgen wir f\u00fcr ein ein angenehmes Arbeitsklima.\",\"breadcrumb\":{\"@id\":\"https:\/\/schreinerei-vaeth.de\/objekteinrichtungen\/bueromoebel\/#breadcrumb\"},\"inLanguage\":\"de\",\"potentialAction\":[{\"@type\":\"ReadAction\",\"target\":[\"https:\/\/schreinerei-vaeth.de\/objekteinrichtungen\/bueromoebel\/\"]}]},{\"@type\":\"ImageObject\",\"inLanguage\":\"de\",\"@id\":\"https:\/\/schreinerei-vaeth.de\/objekteinrichtungen\/bueromoebel\/#primaryimage\",\"url\":\"https:\/\/schreinerei-vaeth.de\/objekteinrichtungen\/wp-content\/uploads\/sites\/5\/2017\/02\/20160226_105250.jpg\",\"contentUrl\":\"https:\/\/schreinerei-vaeth.de\/objekteinrichtungen\/wp-content\/uploads\/sites\/5\/2017\/02\/20160226_105250.jpg\",\"width\":950,\"height\":534,\"caption\":\"B\u00fcrom\u00f6bel Schreinerei V\u00e4th\"},{\"@type\":\"BreadcrumbList\",\"@id\":\"https:\/\/schreinerei-vaeth.de\/objekteinrichtungen\/bueromoebel\/#breadcrumb\",\"itemListElement\":[{\"@type\":\"ListItem\",\"position\":1,\"name\":\"Startseite\",\"item\":\"https:\/\/schreinerei-vaeth.de\/objekteinrichtungen\/\"},{\"@type\":\"ListItem\",\"position\":2,\"name\":\"B\u00fcrom\u00f6bel\"}]},{\"@type\":\"WebSite\",\"@id\":\"https:\/\/schreinerei-vaeth.de\/objekteinrichtungen\/#website\",\"url\":\"https:\/\/schreinerei-vaeth.de\/objekteinrichtungen\/\",\"name\":\"Schreinerei V\u00e4th - Objekteinrichtungen\",\"description\":\"\",\"potentialAction\":[{\"@type\":\"SearchAction\",\"target\":{\"@type\":\"EntryPoint\",\"urlTemplate\":\"https:\/\/schreinerei-vaeth.de\/objekteinrichtungen\/?s={search_term_string}\"},\"query-input\":\"required name=search_term_string\"}],\"inLanguage\":\"de\"}]}<\/script>\n<!-- \/ Yoast SEO plugin. -->","yoast_head_json":{"title":"B\u00fcrom\u00f6bel, B\u00fcrokonzepte, Schreinerei V\u00e4th in Esselbach","description":"Mit unseren B\u00fcrom\u00f6beln, individuell auf Ihre Bed\u00fcrfnisse und r\u00e4umliche Gegebenheiten exakt abgestimmt, sorgen wir f\u00fcr ein ein angenehmes Arbeitsklima.","robots":{"index":"index","follow":"follow","max-snippet":"max-snippet:-1","max-image-preview":"max-image-preview:large","max-video-preview":"max-video-preview:-1"},"canonical":"https:\/\/schreinerei-vaeth.de\/objekteinrichtungen\/bueromoebel\/","og_locale":"de_DE","og_type":"article","og_title":"B\u00fcrom\u00f6bel, B\u00fcrokonzepte, Schreinerei V\u00e4th in Esselbach","og_description":"Mit unseren B\u00fcrom\u00f6beln, individuell auf Ihre Bed\u00fcrfnisse und r\u00e4umliche Gegebenheiten exakt abgestimmt, sorgen wir f\u00fcr ein ein angenehmes Arbeitsklima.","og_url":"https:\/\/schreinerei-vaeth.de\/objekteinrichtungen\/bueromoebel\/","og_site_name":"Schreinerei V\u00e4th - Objekteinrichtungen","article_modified_time":"2020-03-31T16:32:48+00:00","og_image":[{"url":"https:\/\/schreinerei-vaeth.de\/objekteinrichtungen\/wp-content\/uploads\/sites\/5\/2017\/02\/20170128_125111-150x150.jpg"}],"twitter_card":"summary_large_image","twitter_misc":{"Gesch\u00e4tzte Lesezeit":"1\u00a0Minute"},"schema":{"@context":"https:\/\/schema.org","@graph":[{"@type":"WebPage","@id":"https:\/\/schreinerei-vaeth.de\/objekteinrichtungen\/bueromoebel\/","url":"https:\/\/schreinerei-vaeth.de\/objekteinrichtungen\/bueromoebel\/","name":"B\u00fcrom\u00f6bel, B\u00fcrokonzepte, Schreinerei V\u00e4th in Esselbach","isPartOf":{"@id":"https:\/\/schreinerei-vaeth.de\/objekteinrichtungen\/#website"},"primaryImageOfPage":{"@id":"https:\/\/schreinerei-vaeth.de\/objekteinrichtungen\/bueromoebel\/#primaryimage"},"image":{"@id":"https:\/\/schreinerei-vaeth.de\/objekteinrichtungen\/bueromoebel\/#primaryimage"},"thumbnailUrl":"https:\/\/schreinerei-vaeth.de\/objekteinrichtungen\/wp-content\/uploads\/sites\/5\/2017\/02\/20160226_105250.jpg","datePublished":"2017-02-09T10:10:17+00:00","dateModified":"2020-03-31T16:32:48+00:00","description":"Mit unseren B\u00fcrom\u00f6beln, individuell auf Ihre Bed\u00fcrfnisse und r\u00e4umliche Gegebenheiten exakt abgestimmt, sorgen wir f\u00fcr ein ein angenehmes Arbeitsklima.","breadcrumb":{"@id":"https:\/\/schreinerei-vaeth.de\/objekteinrichtungen\/bueromoebel\/#breadcrumb"},"inLanguage":"de","potentialAction":[{"@type":"ReadAction","target":["https:\/\/schreinerei-vaeth.de\/objekteinrichtungen\/bueromoebel\/"]}]},{"@type":"ImageObject","inLanguage":"de","@id":"https:\/\/schreinerei-vaeth.de\/objekteinrichtungen\/bueromoebel\/#primaryimage","url":"https:\/\/schreinerei-vaeth.de\/objekteinrichtungen\/wp-content\/uploads\/sites\/5\/2017\/02\/20160226_105250.jpg","contentUrl":"https:\/\/schreinerei-vaeth.de\/objekteinrichtungen\/wp-content\/uploads\/sites\/5\/2017\/02\/20160226_105250.jpg","width":950,"height":534,"caption":"B\u00fcrom\u00f6bel Schreinerei V\u00e4th"},{"@type":"BreadcrumbList","@id":"https:\/\/schreinerei-vaeth.de\/objekteinrichtungen\/bueromoebel\/#breadcrumb","itemListElement":[{"@type":"ListItem","position":1,"name":"Startseite","item":"https:\/\/schreinerei-vaeth.de\/objekteinrichtungen\/"},{"@type":"ListItem","position":2,"name":"B\u00fcrom\u00f6bel"}]},{"@type":"WebSite","@id":"https:\/\/schreinerei-vaeth.de\/objekteinrichtungen\/#website","url":"https:\/\/schreinerei-vaeth.de\/objekteinrichtungen\/","name":"Schreinerei V\u00e4th - Objekteinrichtungen","description":"","potentialAction":[{"@type":"SearchAction","target":{"@type":"EntryPoint","urlTemplate":"https:\/\/schreinerei-vaeth.de\/objekteinrichtungen\/?s={search_term_string}"},"query-input":"required name=search_term_string"}],"inLanguage":"de"}]}},"publishpress_future_action":{"enabled":false,"date":"2026-04-18 11:42:44","action":"change-status","newStatus":"draft","terms":[],"taxonomy":""},"_links":{"self":[{"href":"https:\/\/schreinerei-vaeth.de\/objekteinrichtungen\/wp-json\/wp\/v2\/pages\/1278"}],"collection":[{"href":"https:\/\/schreinerei-vaeth.de\/objekteinrichtungen\/wp-json\/wp\/v2\/pages"}],"about":[{"href":"https:\/\/schreinerei-vaeth.de\/objekteinrichtungen\/wp-json\/wp\/v2\/types\/page"}],"author":[{"embeddable":true,"href":"https:\/\/schreinerei-vaeth.de\/objekteinrichtungen\/wp-json\/wp\/v2\/users\/1"}],"replies":[{"embeddable":true,"href":"https:\/\/schreinerei-vaeth.de\/objekteinrichtungen\/wp-json\/wp\/v2\/comments?post=1278"}],"version-history":[{"count":13,"href":"https:\/\/schreinerei-vaeth.de\/objekteinrichtungen\/wp-json\/wp\/v2\/pages\/1278\/revisions"}],"predecessor-version":[{"id":1522,"href":"https:\/\/schreinerei-vaeth.de\/objekteinrichtungen\/wp-json\/wp\/v2\/pages\/1278\/revisions\/1522"}],"wp:attachment":[{"href":"https:\/\/schreinerei-vaeth.de\/objekteinrichtungen\/wp-json\/wp\/v2\/media?parent=1278"}],"curies":[{"name":"wp","href":"https:\/\/api.w.org\/{rel}","templated":true}]}}